{"id":3349,"date":"2025-11-25T16:50:24","date_gmt":"2025-11-25T15:50:24","guid":{"rendered":"https:\/\/alpen-markt.ch\/produkt\/skali-de-khatone-savon-sucre-freyja\/"},"modified":"2025-11-25T16:50:24","modified_gmt":"2025-11-25T15:50:24","slug":"skali-de-khatone-savon-sucre-freyja","status":"publish","type":"product","link":"https:\/\/alpen-markt.ch\/fr\/produkt\/skali-de-khatone-savon-sucre-freyja\/","title":{"rendered":"Skali de Khatone &#8211; Savon sucr\u00e9 Freyja"},"content":{"rendered":"<p>Freyja &#8211; Savon solide artisanal au doux parfum de jasmin, de vanille et d&rsquo;encens<br \/>\nD\u00e9couvrez un soin luxueux pour la peau avec le savon solide Freyja. Fabriqu\u00e9 artisanalement dans le Valais, en Suisse, ce savon est saponifi\u00e9 \u00e0 froid afin de pr\u00e9server toutes les propri\u00e9t\u00e9s b\u00e9n\u00e9fiques de ses ingr\u00e9dients. Avec un taux de surgraissage de 10 %, il est con\u00e7u pour nourrir et hydrater la peau, la rendant douce et souple comme de la soie.  <\/p>\n<p>D\u00e9couvrez la puissance des ingr\u00e9dients naturels avec Freyja, le savon artisanal solide aux magnifiques merveilleux parfums.<\/p>\n<p>Ce savon est parfum\u00e9 d&rsquo;un m\u00e9lange envo\u00fbtant de jasmin, de vanille et d&rsquo;encens. Chaque utilisation vous transportera dans un univers olfactif unique et vous procurera un moment de d\u00e9tente et de bien-\u00eatre. <\/p>\n<p>\ud83c\udf31 VEGAN<\/p>\n<p>\ud83c\udf3f Formul\u00e9 \u00e0 base d&rsquo;huiles v\u00e9g\u00e9tales biologiques pour un soin respectueux de la nature et de votre peau.<\/p>\n<p>\ud83d\udc3b Non test\u00e9 sur des animaux<\/p>\n<p>\ud83c\udde8\ud83c\udded Savon saponifi\u00e9 \u00e0 froid, fabriqu\u00e9 en Suisse, gage de qualit\u00e9 et de savoir-faire<\/p>\n<p>\u267b\ufe0f Emballage compostable en fibre de ma\u00efs pour une empreinte \u00e9cologique minimale<br \/>\nChez Sk\u00e1li de Khatone, nous sommes fiers de proposer des produits respectueux de l&rsquo;environnement et des animaux. Freyja est 100 % vegan et n&rsquo;est pas test\u00e9 sur les animaux. <\/p>\n<p>Riche en huiles v\u00e9g\u00e9tales biologiques, Freyja est le choix id\u00e9al pour une peau saine et \u00e9clatante. Avec sa fabrication artisanale et son parfum divin, ce savon solide est une v\u00e9ritable invitation \u00e0 la d\u00e9tente et au bien-\u00eatre. <\/p>\n<p>La l\u00e9gende raconte&#8230;<\/p>\n<p>&#8230;Freyja, une d\u00e9esse mystique aux yeux bleus et aux cheveux dor\u00e9s, portait un collier c\u00e9leste en or et en ambre, un bijou magique forg\u00e9 par les nains. Personne ne pouvait r\u00e9sister \u00e0 son charme lorsqu&rsquo;elle le portait autour du cou&#8230; Elle poss\u00e9dait \u00e9galement un long manteau en plumes d&rsquo;\u00e9pervier qui lui permettait de voyager entre les neuf mondes \u00e0 bord de son char tir\u00e9 par ses deux chats g\u00e9ants&#8230; \ud83c\udf38  <\/p>\n<p>&nbsp;<\/p>\n<p>Ce produit a \u00e9t\u00e9 test\u00e9 et certifi\u00e9 par un toxicologue (titulaire d&rsquo;un doctorat en toxicologie et \u00e9valuateur de la s\u00e9curit\u00e9 des cosm\u00e9tiques et des vaccins en Europe depuis 2000), conform\u00e9ment au r\u00e8glement 817.023.31 de d\u00e9cembre 2017, r\u00e8glement CE 1223-2009.<\/p>\n<p>Composition :<\/p>\n<p>Sodium Olivate (Oliven\u00f6l*), Sodium Cocoate (Kokos\u00f6l*), Aqua (Wasser), Sodium Rapeseedate (Raps\u00f6l*), Glycerin (nat\u00fcrlich in der Seife vorhanden), Sodium Shea Butterate (Sheabutter*), Parfum, Kaolin (wei\u00dfe Tonerde), Glimmer (Ci 77491, Ci 77742), Charcoal Powder (Aktivkohlepulver), Benzyl Benzoate**, Citronellol**, Coumarin**, Limonene**, Linalool**.<\/p>\n<p>*Issu de l&rsquo;agriculture biologique contr\u00f4l\u00e9e. **Parfums potentiellement allerg\u00e8nes contenus dans le parfum.<\/p>\n<p>Pr\u00e9cautions \u00e0 prendre lors de l&rsquo;utilisation :<\/p>\n<p>Si vous \u00eates allergique \u00e0 l&rsquo;un de ces composants vous devez vous ne devez pas utiliser ce savon.<\/p>\n<p>Poids : 95 g avant s\u00e9chage, emballage 100 % biod\u00e9gradable.<\/p>\n","protected":false},"excerpt":{"rendered":"<p>Freyja &#8211; Savon solide artisanal au doux parfum de jasmin, de vanille et d&rsquo;encens D\u00e9couvrez un soin luxueux pour la peau avec le savon solide Freyja. Fabriqu\u00e9 artisanalement dans le Valais, en Suisse, ce savon est saponifi\u00e9 \u00e0 froid afin de pr\u00e9server toutes les propri\u00e9t\u00e9s b\u00e9n\u00e9fiques de ses ingr\u00e9dients. Avec un taux de surgraissage de [&hellip;]<\/p>\n","protected":false},"featured_media":3350,"template":"","meta":[],"product_brand":[],"product_cat":[78],"product_tag":[],"class_list":{"0":"post-3349","1":"product","2":"type-product","3":"status-publish","4":"has-post-thumbnail","6":"product_cat-fraicheur-des-montagnes-cosmetiques-alpines","8":"first","9":"instock","10":"taxable","11":"shipping-taxable","12":"purchasable","13":"product-type-simple"},"yoast_head":"<!-- This site is optimized with the Yoast SEO plugin v27.4 - https:\/\/yoast.com\/product\/yoast-seo-wordpress\/ -->\n<title>Skali de Khatone - Savon sucr\u00e9 Freyja - Alpenmarkt<\/title>\n<meta name=\"robots\" content=\"index, follow, max-snippet:-1, max-image-preview:large, max-video-preview:-1\" \/>\n<link rel=\"canonical\" href=\"https:\/\/alpen-markt.ch\/fr\/produkt\/skali-de-khatone-savon-sucre-freyja\/\" \/>\n<meta property=\"og:locale\" content=\"fr_FR\" \/>\n<meta property=\"og:type\" content=\"article\" \/>\n<meta property=\"og:title\" content=\"Skali de Khatone - Savon sucr\u00e9 Freyja - Alpenmarkt\" \/>\n<meta property=\"og:description\" content=\"Freyja &#8211; Savon solide artisanal au doux parfum de jasmin, de vanille et d&rsquo;encens D\u00e9couvrez un soin luxueux pour la peau avec le savon solide Freyja. Fabriqu\u00e9 artisanalement dans le Valais, en Suisse, ce savon est saponifi\u00e9 \u00e0 froid afin de pr\u00e9server toutes les propri\u00e9t\u00e9s b\u00e9n\u00e9fiques de ses ingr\u00e9dients. Avec un taux de surgraissage de [&hellip;]\" \/>\n<meta property=\"og:url\" content=\"https:\/\/alpen-markt.ch\/fr\/produkt\/skali-de-khatone-savon-sucre-freyja\/\" \/>\n<meta property=\"og:site_name\" content=\"Alpenmarkt\" \/>\n<meta property=\"og:image\" content=\"https:\/\/alpen-markt.ch\/wp-content\/uploads\/2025\/11\/b2866c82-c71a-4a3a-bb56-34a563d21de8.png\" \/>\n\t<meta property=\"og:image:width\" content=\"500\" \/>\n\t<meta property=\"og:image:height\" content=\"500\" \/>\n\t<meta property=\"og:image:type\" content=\"image\/png\" \/>\n<meta name=\"twitter:card\" content=\"summary_large_image\" \/>\n<meta name=\"twitter:label1\" content=\"Dur\u00e9e de lecture estim\u00e9e\" \/>\n\t<meta name=\"twitter:data1\" content=\"2 minutes\" \/>\n<script type=\"application\/ld+json\" class=\"yoast-schema-graph\">{\"@context\":\"https:\\\/\\\/schema.org\",\"@graph\":[{\"@type\":\"WebPage\",\"@id\":\"https:\\\/\\\/alpen-markt.ch\\\/fr\\\/produkt\\\/skali-de-khatone-savon-sucre-freyja\\\/\",\"url\":\"https:\\\/\\\/alpen-markt.ch\\\/fr\\\/produkt\\\/skali-de-khatone-savon-sucre-freyja\\\/\",\"name\":\"Skali de Khatone - Savon sucr\u00e9 Freyja - Alpenmarkt\",\"isPartOf\":{\"@id\":\"https:\\\/\\\/alpen-markt.ch\\\/fr\\\/#website\"},\"primaryImageOfPage\":{\"@id\":\"https:\\\/\\\/alpen-markt.ch\\\/fr\\\/produkt\\\/skali-de-khatone-savon-sucre-freyja\\\/#primaryimage\"},\"image\":{\"@id\":\"https:\\\/\\\/alpen-markt.ch\\\/fr\\\/produkt\\\/skali-de-khatone-savon-sucre-freyja\\\/#primaryimage\"},\"thumbnailUrl\":\"https:\\\/\\\/alpen-markt.ch\\\/wp-content\\\/uploads\\\/2025\\\/11\\\/b2866c82-c71a-4a3a-bb56-34a563d21de8.png\",\"datePublished\":\"2025-11-25T15:50:24+00:00\",\"breadcrumb\":{\"@id\":\"https:\\\/\\\/alpen-markt.ch\\\/fr\\\/produkt\\\/skali-de-khatone-savon-sucre-freyja\\\/#breadcrumb\"},\"inLanguage\":\"fr-FR\",\"potentialAction\":[{\"@type\":\"ReadAction\",\"target\":[\"https:\\\/\\\/alpen-markt.ch\\\/fr\\\/produkt\\\/skali-de-khatone-savon-sucre-freyja\\\/\"]}]},{\"@type\":\"ImageObject\",\"inLanguage\":\"fr-FR\",\"@id\":\"https:\\\/\\\/alpen-markt.ch\\\/fr\\\/produkt\\\/skali-de-khatone-savon-sucre-freyja\\\/#primaryimage\",\"url\":\"https:\\\/\\\/alpen-markt.ch\\\/wp-content\\\/uploads\\\/2025\\\/11\\\/b2866c82-c71a-4a3a-bb56-34a563d21de8.png\",\"contentUrl\":\"https:\\\/\\\/alpen-markt.ch\\\/wp-content\\\/uploads\\\/2025\\\/11\\\/b2866c82-c71a-4a3a-bb56-34a563d21de8.png\",\"width\":500,\"height\":500},{\"@type\":\"BreadcrumbList\",\"@id\":\"https:\\\/\\\/alpen-markt.ch\\\/fr\\\/produkt\\\/skali-de-khatone-savon-sucre-freyja\\\/#breadcrumb\",\"itemListElement\":[{\"@type\":\"ListItem\",\"position\":1,\"name\":\"Startseite\",\"item\":\"https:\\\/\\\/alpen-markt.ch\\\/fr\\\/home\\\/\"},{\"@type\":\"ListItem\",\"position\":2,\"name\":\"Boutique en ligne\",\"item\":\"https:\\\/\\\/alpen-markt.ch\\\/fr\\\/boutique-en-ligne\\\/\"},{\"@type\":\"ListItem\",\"position\":3,\"name\":\"Skali de Khatone &#8211; Savon sucr\u00e9 Freyja\"}]},{\"@type\":\"WebSite\",\"@id\":\"https:\\\/\\\/alpen-markt.ch\\\/fr\\\/#website\",\"url\":\"https:\\\/\\\/alpen-markt.ch\\\/fr\\\/\",\"name\":\"Alpenmarkt\",\"description\":\"\",\"publisher\":{\"@id\":\"https:\\\/\\\/alpen-markt.ch\\\/fr\\\/#organization\"},\"potentialAction\":[{\"@type\":\"SearchAction\",\"target\":{\"@type\":\"EntryPoint\",\"urlTemplate\":\"https:\\\/\\\/alpen-markt.ch\\\/fr\\\/?s={search_term_string}\"},\"query-input\":{\"@type\":\"PropertyValueSpecification\",\"valueRequired\":true,\"valueName\":\"search_term_string\"}}],\"inLanguage\":\"fr-FR\"},{\"@type\":\"Organization\",\"@id\":\"https:\\\/\\\/alpen-markt.ch\\\/fr\\\/#organization\",\"name\":\"Alpenmarkt\",\"url\":\"https:\\\/\\\/alpen-markt.ch\\\/fr\\\/\",\"logo\":{\"@type\":\"ImageObject\",\"inLanguage\":\"fr-FR\",\"@id\":\"https:\\\/\\\/alpen-markt.ch\\\/fr\\\/#\\\/schema\\\/logo\\\/image\\\/\",\"url\":\"https:\\\/\\\/alpen-markt.ch\\\/wp-content\\\/uploads\\\/2025\\\/11\\\/logo-alpenmarkt.png\",\"contentUrl\":\"https:\\\/\\\/alpen-markt.ch\\\/wp-content\\\/uploads\\\/2025\\\/11\\\/logo-alpenmarkt.png\",\"width\":1048,\"height\":452,\"caption\":\"Alpenmarkt\"},\"image\":{\"@id\":\"https:\\\/\\\/alpen-markt.ch\\\/fr\\\/#\\\/schema\\\/logo\\\/image\\\/\"}}]}<\/script>\n<!-- \/ Yoast SEO plugin. -->","yoast_head_json":{"title":"Skali de Khatone - Savon sucr\u00e9 Freyja - Alpenmarkt","robots":{"index":"index","follow":"follow","max-snippet":"max-snippet:-1","max-image-preview":"max-image-preview:large","max-video-preview":"max-video-preview:-1"},"canonical":"https:\/\/alpen-markt.ch\/fr\/produkt\/skali-de-khatone-savon-sucre-freyja\/","og_locale":"fr_FR","og_type":"article","og_title":"Skali de Khatone - Savon sucr\u00e9 Freyja - Alpenmarkt","og_description":"Freyja &#8211; Savon solide artisanal au doux parfum de jasmin, de vanille et d&rsquo;encens D\u00e9couvrez un soin luxueux pour la peau avec le savon solide Freyja. Fabriqu\u00e9 artisanalement dans le Valais, en Suisse, ce savon est saponifi\u00e9 \u00e0 froid afin de pr\u00e9server toutes les propri\u00e9t\u00e9s b\u00e9n\u00e9fiques de ses ingr\u00e9dients. Avec un taux de surgraissage de [&hellip;]","og_url":"https:\/\/alpen-markt.ch\/fr\/produkt\/skali-de-khatone-savon-sucre-freyja\/","og_site_name":"Alpenmarkt","og_image":[{"width":500,"height":500,"url":"https:\/\/alpen-markt.ch\/wp-content\/uploads\/2025\/11\/b2866c82-c71a-4a3a-bb56-34a563d21de8.png","type":"image\/png"}],"twitter_card":"summary_large_image","twitter_misc":{"Dur\u00e9e de lecture estim\u00e9e":"2 minutes"},"schema":{"@context":"https:\/\/schema.org","@graph":[{"@type":"WebPage","@id":"https:\/\/alpen-markt.ch\/fr\/produkt\/skali-de-khatone-savon-sucre-freyja\/","url":"https:\/\/alpen-markt.ch\/fr\/produkt\/skali-de-khatone-savon-sucre-freyja\/","name":"Skali de Khatone - Savon sucr\u00e9 Freyja - Alpenmarkt","isPartOf":{"@id":"https:\/\/alpen-markt.ch\/fr\/#website"},"primaryImageOfPage":{"@id":"https:\/\/alpen-markt.ch\/fr\/produkt\/skali-de-khatone-savon-sucre-freyja\/#primaryimage"},"image":{"@id":"https:\/\/alpen-markt.ch\/fr\/produkt\/skali-de-khatone-savon-sucre-freyja\/#primaryimage"},"thumbnailUrl":"https:\/\/alpen-markt.ch\/wp-content\/uploads\/2025\/11\/b2866c82-c71a-4a3a-bb56-34a563d21de8.png","datePublished":"2025-11-25T15:50:24+00:00","breadcrumb":{"@id":"https:\/\/alpen-markt.ch\/fr\/produkt\/skali-de-khatone-savon-sucre-freyja\/#breadcrumb"},"inLanguage":"fr-FR","potentialAction":[{"@type":"ReadAction","target":["https:\/\/alpen-markt.ch\/fr\/produkt\/skali-de-khatone-savon-sucre-freyja\/"]}]},{"@type":"ImageObject","inLanguage":"fr-FR","@id":"https:\/\/alpen-markt.ch\/fr\/produkt\/skali-de-khatone-savon-sucre-freyja\/#primaryimage","url":"https:\/\/alpen-markt.ch\/wp-content\/uploads\/2025\/11\/b2866c82-c71a-4a3a-bb56-34a563d21de8.png","contentUrl":"https:\/\/alpen-markt.ch\/wp-content\/uploads\/2025\/11\/b2866c82-c71a-4a3a-bb56-34a563d21de8.png","width":500,"height":500},{"@type":"BreadcrumbList","@id":"https:\/\/alpen-markt.ch\/fr\/produkt\/skali-de-khatone-savon-sucre-freyja\/#breadcrumb","itemListElement":[{"@type":"ListItem","position":1,"name":"Startseite","item":"https:\/\/alpen-markt.ch\/fr\/home\/"},{"@type":"ListItem","position":2,"name":"Boutique en ligne","item":"https:\/\/alpen-markt.ch\/fr\/boutique-en-ligne\/"},{"@type":"ListItem","position":3,"name":"Skali de Khatone &#8211; Savon sucr\u00e9 Freyja"}]},{"@type":"WebSite","@id":"https:\/\/alpen-markt.ch\/fr\/#website","url":"https:\/\/alpen-markt.ch\/fr\/","name":"Alpenmarkt","description":"","publisher":{"@id":"https:\/\/alpen-markt.ch\/fr\/#organization"},"potentialAction":[{"@type":"SearchAction","target":{"@type":"EntryPoint","urlTemplate":"https:\/\/alpen-markt.ch\/fr\/?s={search_term_string}"},"query-input":{"@type":"PropertyValueSpecification","valueRequired":true,"valueName":"search_term_string"}}],"inLanguage":"fr-FR"},{"@type":"Organization","@id":"https:\/\/alpen-markt.ch\/fr\/#organization","name":"Alpenmarkt","url":"https:\/\/alpen-markt.ch\/fr\/","logo":{"@type":"ImageObject","inLanguage":"fr-FR","@id":"https:\/\/alpen-markt.ch\/fr\/#\/schema\/logo\/image\/","url":"https:\/\/alpen-markt.ch\/wp-content\/uploads\/2025\/11\/logo-alpenmarkt.png","contentUrl":"https:\/\/alpen-markt.ch\/wp-content\/uploads\/2025\/11\/logo-alpenmarkt.png","width":1048,"height":452,"caption":"Alpenmarkt"},"image":{"@id":"https:\/\/alpen-markt.ch\/fr\/#\/schema\/logo\/image\/"}}]}},"_links":{"self":[{"href":"https:\/\/alpen-markt.ch\/fr\/wp-json\/wp\/v2\/product\/3349","targetHints":{"allow":["GET"]}}],"collection":[{"href":"https:\/\/alpen-markt.ch\/fr\/wp-json\/wp\/v2\/product"}],"about":[{"href":"https:\/\/alpen-markt.ch\/fr\/wp-json\/wp\/v2\/types\/product"}],"wp:featuredmedia":[{"embeddable":true,"href":"https:\/\/alpen-markt.ch\/fr\/wp-json\/wp\/v2\/media\/3350"}],"wp:attachment":[{"href":"https:\/\/alpen-markt.ch\/fr\/wp-json\/wp\/v2\/media?parent=3349"}],"wp:term":[{"taxonomy":"product_brand","embeddable":true,"href":"https:\/\/alpen-markt.ch\/fr\/wp-json\/wp\/v2\/product_brand?post=3349"},{"taxonomy":"product_cat","embeddable":true,"href":"https:\/\/alpen-markt.ch\/fr\/wp-json\/wp\/v2\/product_cat?post=3349"},{"taxonomy":"product_tag","embeddable":true,"href":"https:\/\/alpen-markt.ch\/fr\/wp-json\/wp\/v2\/product_tag?post=3349"}],"curies":[{"name":"wp","href":"https:\/\/api.w.org\/{rel}","templated":true}]}}