{"id":3337,"date":"2025-11-25T16:50:24","date_gmt":"2025-11-25T15:50:24","guid":{"rendered":"https:\/\/alpen-markt.ch\/produkt\/skali-de-khatone-valkyrie-savon-epice\/"},"modified":"2025-11-25T16:50:24","modified_gmt":"2025-11-25T15:50:24","slug":"skali-de-khatone-valkyrie-savon-epice","status":"publish","type":"product","link":"https:\/\/alpen-markt.ch\/fr\/produkt\/skali-de-khatone-valkyrie-savon-epice\/","title":{"rendered":"Skali de Khatone &#8211; Valkyrie Savon \u00e9pic\u00e9"},"content":{"rendered":"<p>Valkyrie &#8211; Savon solide artisanal au doux parfum de prunes, de cerises noires et d&rsquo;\u00e9pices<br \/>\nD\u00e9couvrez le savon solide artisanal Valkyrie au parfum d\u00e9licat de prunes, de cerises noires et d&rsquo;\u00e9pices pour une exp\u00e9rience sensorielle enivrante. Ce savon artisanal surgraiss\u00e9 \u00e0 10 % est id\u00e9al pour nettoyer le visage et le corps. Fabriqu\u00e9 en Suisse, notre savon solide saponifi\u00e9 \u00e0 froid utilise des huiles v\u00e9g\u00e9tales issues de l&rsquo;agriculture biologique pour vous offrir une exp\u00e9rience de soin naturelle et respectueuse de l&rsquo;environnement.  <\/p>\n<p>Plongez dans un univers sucr\u00e9 et exotique gr\u00e2ce \u00e0 notre savon solide au parfum envo\u00fbtant de prunes, de cerises noires et d&rsquo;\u00e9pices. Votre peau sera d\u00e9licatement parfum\u00e9e et nourrie. <\/p>\n<p>\ud83c\udf52 Parfum exquis de prune, de cerise noire et d&rsquo;\u00e9pices<br \/>\n\ud83e\uddd6 Utilisation pour le visage et le corps<br \/>\n\ud83d\udc50 Savon artisanal et surgras \u00e0 10 %.<br \/>\n\ud83c\udde8\ud83c\udded Fabrication artisanale en Suisse<br \/>\n\u267b\ufe0f Emballage compostable en fibres de ma\u00efs pour une empreinte \u00e9cologique minimale<br \/>\n\ud83d\udc3b Non test\u00e9 sur les animaux<br \/>\n\ud83c\udf3f Saponifi\u00e9 \u00e0 froid pour pr\u00e9server les bienfaits des ingr\u00e9dients et fabriqu\u00e9 \u00e0 partir d&rsquo;huiles v\u00e9g\u00e9tales biologiques.<br \/>\n\ud83c\udf31 V\u00e9gan<br \/>\nOffrez-vous un moment de d\u00e9tente et d&rsquo;\u00e9vasion avec notre savon solide artisanal Valkyrie, qui revitalise votre peau gr\u00e2ce \u00e0 ses parfums exquis de prune, de cerise noire et d&rsquo;\u00e9pices, tout en respectant l&rsquo;environnement.<\/p>\n<p>Ce produit a \u00e9t\u00e9 test\u00e9 et certifi\u00e9 par un toxicologue (titulaire d&rsquo;un doctorat en toxicologie et \u00e9valuateur de la s\u00e9curit\u00e9 des cosm\u00e9tiques et des vaccins en Europe depuis 2000), conform\u00e9ment au r\u00e8glement 817.023.31 de d\u00e9cembre 2017, r\u00e8glement CE 1223-2009.<\/p>\n<p>Composition :<\/p>\n<p>ODIUM OLIVATE (Oliven\u00f6l*), SODIUM COCOATE (Kokos\u00f6l*), AQUA (Wasser), SODIUM RAPESEEDATE (Raps\u00f6l*), GLYCERIN (von Natur aus in der Seife enthalten), SODIUM SHEA BUTTERATE (Sheabutter*), COCOS NUCIFERA FRUIT POWDER (Kokosmilch), PARFUM, ASPALATHUS LINEARIS LEAF(Rooibos-Bl\u00e4tterextrakt), CITRUS AURANTIUM DULCIS LEAF EXTRACT, ROSA CENTIFOLIA FLOWER POWDER (Rosenextrakt ), TILIA CORDATA FLOWER (Lindenblattextrakt), CALENDULA OFFICINALIS FLOWER (Calendulabl\u00fcten*), CENTAUREA CYANUS FLOWER (Kornblumenbl\u00fcten), PIPER NIGRUM SEED (Extrakt ausschwarzemPfeffer), SCHINUS TEREBINTHIFOLIUS SEED (Extrakt aus rosa Pfeffer), CINNAMOMUM CASSIA BARK (Chinazimt-Extrakt*), VANILLA PLANIFOLIA FRUIT EXTRACT (Vanille-Extrakt) , BENZYL BENZOATE**, BENZYL SALICYLATE**, CINNAMAL**, CITRONELLOL**, COUMARIN**, EUGENOL**, LIMONENE**, LINALOOL**.<\/p>\n<p>* Issu de l&rsquo;agriculture biologique contr\u00f4l\u00e9e, ** Parfums potentiellement allerg\u00e8nes dans le parfum<\/p>\n<p>Pr\u00e9cautions d&#8217;emploi :<\/p>\n<p>Si vous \u00eates allergique \u00e0 l&rsquo;un de ces composants, vous ne devez pas utiliser ce savon.<\/p>\n<p>Poids : 95 g avant s\u00e9chage, emballage 100 % biod\u00e9gradable.<\/p>\n","protected":false},"excerpt":{"rendered":"<p>Valkyrie &#8211; Savon solide artisanal au doux parfum de prunes, de cerises noires et d&rsquo;\u00e9pices D\u00e9couvrez le savon solide artisanal Valkyrie au parfum d\u00e9licat de prunes, de cerises noires et d&rsquo;\u00e9pices pour une exp\u00e9rience sensorielle enivrante. Ce savon artisanal surgraiss\u00e9 \u00e0 10 % est id\u00e9al pour nettoyer le visage et le corps. Fabriqu\u00e9 en Suisse, [&hellip;]<\/p>\n","protected":false},"featured_media":3338,"template":"","meta":[],"product_brand":[],"product_cat":[78],"product_tag":[],"class_list":{"0":"post-3337","1":"product","2":"type-product","3":"status-publish","4":"has-post-thumbnail","6":"product_cat-fraicheur-des-montagnes-cosmetiques-alpines","8":"first","9":"instock","10":"taxable","11":"shipping-taxable","12":"purchasable","13":"product-type-simple"},"yoast_head":"<!-- This site is optimized with the Yoast SEO plugin v27.4 - https:\/\/yoast.com\/product\/yoast-seo-wordpress\/ -->\n<title>Skali de Khatone - Valkyrie Savon \u00e9pic\u00e9 - Alpenmarkt<\/title>\n<meta name=\"robots\" content=\"index, follow, max-snippet:-1, max-image-preview:large, max-video-preview:-1\" \/>\n<link rel=\"canonical\" href=\"https:\/\/alpen-markt.ch\/fr\/produkt\/skali-de-khatone-valkyrie-savon-epice\/\" \/>\n<meta property=\"og:locale\" content=\"fr_FR\" \/>\n<meta property=\"og:type\" content=\"article\" \/>\n<meta property=\"og:title\" content=\"Skali de Khatone - Valkyrie Savon \u00e9pic\u00e9 - Alpenmarkt\" \/>\n<meta property=\"og:description\" content=\"Valkyrie &#8211; Savon solide artisanal au doux parfum de prunes, de cerises noires et d&rsquo;\u00e9pices D\u00e9couvrez le savon solide artisanal Valkyrie au parfum d\u00e9licat de prunes, de cerises noires et d&rsquo;\u00e9pices pour une exp\u00e9rience sensorielle enivrante. Ce savon artisanal surgraiss\u00e9 \u00e0 10 % est id\u00e9al pour nettoyer le visage et le corps. Fabriqu\u00e9 en Suisse, [&hellip;]\" \/>\n<meta property=\"og:url\" content=\"https:\/\/alpen-markt.ch\/fr\/produkt\/skali-de-khatone-valkyrie-savon-epice\/\" \/>\n<meta property=\"og:site_name\" content=\"Alpenmarkt\" \/>\n<meta property=\"og:image\" content=\"https:\/\/alpen-markt.ch\/wp-content\/uploads\/2025\/11\/4e4a5923-15e9-47a4-a9d9-8f5d40ae4f57.png\" \/>\n\t<meta property=\"og:image:width\" content=\"500\" \/>\n\t<meta property=\"og:image:height\" content=\"500\" \/>\n\t<meta property=\"og:image:type\" content=\"image\/png\" \/>\n<meta name=\"twitter:card\" content=\"summary_large_image\" \/>\n<meta name=\"twitter:label1\" content=\"Dur\u00e9e de lecture estim\u00e9e\" \/>\n\t<meta name=\"twitter:data1\" content=\"2 minutes\" \/>\n<script type=\"application\/ld+json\" class=\"yoast-schema-graph\">{\"@context\":\"https:\\\/\\\/schema.org\",\"@graph\":[{\"@type\":\"WebPage\",\"@id\":\"https:\\\/\\\/alpen-markt.ch\\\/fr\\\/produkt\\\/skali-de-khatone-valkyrie-savon-epice\\\/\",\"url\":\"https:\\\/\\\/alpen-markt.ch\\\/fr\\\/produkt\\\/skali-de-khatone-valkyrie-savon-epice\\\/\",\"name\":\"Skali de Khatone - Valkyrie Savon \u00e9pic\u00e9 - Alpenmarkt\",\"isPartOf\":{\"@id\":\"https:\\\/\\\/alpen-markt.ch\\\/fr\\\/#website\"},\"primaryImageOfPage\":{\"@id\":\"https:\\\/\\\/alpen-markt.ch\\\/fr\\\/produkt\\\/skali-de-khatone-valkyrie-savon-epice\\\/#primaryimage\"},\"image\":{\"@id\":\"https:\\\/\\\/alpen-markt.ch\\\/fr\\\/produkt\\\/skali-de-khatone-valkyrie-savon-epice\\\/#primaryimage\"},\"thumbnailUrl\":\"https:\\\/\\\/alpen-markt.ch\\\/wp-content\\\/uploads\\\/2025\\\/11\\\/4e4a5923-15e9-47a4-a9d9-8f5d40ae4f57.png\",\"datePublished\":\"2025-11-25T15:50:24+00:00\",\"breadcrumb\":{\"@id\":\"https:\\\/\\\/alpen-markt.ch\\\/fr\\\/produkt\\\/skali-de-khatone-valkyrie-savon-epice\\\/#breadcrumb\"},\"inLanguage\":\"fr-FR\",\"potentialAction\":[{\"@type\":\"ReadAction\",\"target\":[\"https:\\\/\\\/alpen-markt.ch\\\/fr\\\/produkt\\\/skali-de-khatone-valkyrie-savon-epice\\\/\"]}]},{\"@type\":\"ImageObject\",\"inLanguage\":\"fr-FR\",\"@id\":\"https:\\\/\\\/alpen-markt.ch\\\/fr\\\/produkt\\\/skali-de-khatone-valkyrie-savon-epice\\\/#primaryimage\",\"url\":\"https:\\\/\\\/alpen-markt.ch\\\/wp-content\\\/uploads\\\/2025\\\/11\\\/4e4a5923-15e9-47a4-a9d9-8f5d40ae4f57.png\",\"contentUrl\":\"https:\\\/\\\/alpen-markt.ch\\\/wp-content\\\/uploads\\\/2025\\\/11\\\/4e4a5923-15e9-47a4-a9d9-8f5d40ae4f57.png\",\"width\":500,\"height\":500},{\"@type\":\"BreadcrumbList\",\"@id\":\"https:\\\/\\\/alpen-markt.ch\\\/fr\\\/produkt\\\/skali-de-khatone-valkyrie-savon-epice\\\/#breadcrumb\",\"itemListElement\":[{\"@type\":\"ListItem\",\"position\":1,\"name\":\"Startseite\",\"item\":\"https:\\\/\\\/alpen-markt.ch\\\/fr\\\/home\\\/\"},{\"@type\":\"ListItem\",\"position\":2,\"name\":\"Boutique en ligne\",\"item\":\"https:\\\/\\\/alpen-markt.ch\\\/fr\\\/boutique-en-ligne\\\/\"},{\"@type\":\"ListItem\",\"position\":3,\"name\":\"Skali de Khatone &#8211; Valkyrie Savon \u00e9pic\u00e9\"}]},{\"@type\":\"WebSite\",\"@id\":\"https:\\\/\\\/alpen-markt.ch\\\/fr\\\/#website\",\"url\":\"https:\\\/\\\/alpen-markt.ch\\\/fr\\\/\",\"name\":\"Alpenmarkt\",\"description\":\"\",\"publisher\":{\"@id\":\"https:\\\/\\\/alpen-markt.ch\\\/fr\\\/#organization\"},\"potentialAction\":[{\"@type\":\"SearchAction\",\"target\":{\"@type\":\"EntryPoint\",\"urlTemplate\":\"https:\\\/\\\/alpen-markt.ch\\\/fr\\\/?s={search_term_string}\"},\"query-input\":{\"@type\":\"PropertyValueSpecification\",\"valueRequired\":true,\"valueName\":\"search_term_string\"}}],\"inLanguage\":\"fr-FR\"},{\"@type\":\"Organization\",\"@id\":\"https:\\\/\\\/alpen-markt.ch\\\/fr\\\/#organization\",\"name\":\"Alpenmarkt\",\"url\":\"https:\\\/\\\/alpen-markt.ch\\\/fr\\\/\",\"logo\":{\"@type\":\"ImageObject\",\"inLanguage\":\"fr-FR\",\"@id\":\"https:\\\/\\\/alpen-markt.ch\\\/fr\\\/#\\\/schema\\\/logo\\\/image\\\/\",\"url\":\"https:\\\/\\\/alpen-markt.ch\\\/wp-content\\\/uploads\\\/2025\\\/11\\\/logo-alpenmarkt.png\",\"contentUrl\":\"https:\\\/\\\/alpen-markt.ch\\\/wp-content\\\/uploads\\\/2025\\\/11\\\/logo-alpenmarkt.png\",\"width\":1048,\"height\":452,\"caption\":\"Alpenmarkt\"},\"image\":{\"@id\":\"https:\\\/\\\/alpen-markt.ch\\\/fr\\\/#\\\/schema\\\/logo\\\/image\\\/\"}}]}<\/script>\n<!-- \/ Yoast SEO plugin. -->","yoast_head_json":{"title":"Skali de Khatone - Valkyrie Savon \u00e9pic\u00e9 - Alpenmarkt","robots":{"index":"index","follow":"follow","max-snippet":"max-snippet:-1","max-image-preview":"max-image-preview:large","max-video-preview":"max-video-preview:-1"},"canonical":"https:\/\/alpen-markt.ch\/fr\/produkt\/skali-de-khatone-valkyrie-savon-epice\/","og_locale":"fr_FR","og_type":"article","og_title":"Skali de Khatone - Valkyrie Savon \u00e9pic\u00e9 - Alpenmarkt","og_description":"Valkyrie &#8211; Savon solide artisanal au doux parfum de prunes, de cerises noires et d&rsquo;\u00e9pices D\u00e9couvrez le savon solide artisanal Valkyrie au parfum d\u00e9licat de prunes, de cerises noires et d&rsquo;\u00e9pices pour une exp\u00e9rience sensorielle enivrante. Ce savon artisanal surgraiss\u00e9 \u00e0 10 % est id\u00e9al pour nettoyer le visage et le corps. Fabriqu\u00e9 en Suisse, [&hellip;]","og_url":"https:\/\/alpen-markt.ch\/fr\/produkt\/skali-de-khatone-valkyrie-savon-epice\/","og_site_name":"Alpenmarkt","og_image":[{"width":500,"height":500,"url":"https:\/\/alpen-markt.ch\/wp-content\/uploads\/2025\/11\/4e4a5923-15e9-47a4-a9d9-8f5d40ae4f57.png","type":"image\/png"}],"twitter_card":"summary_large_image","twitter_misc":{"Dur\u00e9e de lecture estim\u00e9e":"2 minutes"},"schema":{"@context":"https:\/\/schema.org","@graph":[{"@type":"WebPage","@id":"https:\/\/alpen-markt.ch\/fr\/produkt\/skali-de-khatone-valkyrie-savon-epice\/","url":"https:\/\/alpen-markt.ch\/fr\/produkt\/skali-de-khatone-valkyrie-savon-epice\/","name":"Skali de Khatone - Valkyrie Savon \u00e9pic\u00e9 - Alpenmarkt","isPartOf":{"@id":"https:\/\/alpen-markt.ch\/fr\/#website"},"primaryImageOfPage":{"@id":"https:\/\/alpen-markt.ch\/fr\/produkt\/skali-de-khatone-valkyrie-savon-epice\/#primaryimage"},"image":{"@id":"https:\/\/alpen-markt.ch\/fr\/produkt\/skali-de-khatone-valkyrie-savon-epice\/#primaryimage"},"thumbnailUrl":"https:\/\/alpen-markt.ch\/wp-content\/uploads\/2025\/11\/4e4a5923-15e9-47a4-a9d9-8f5d40ae4f57.png","datePublished":"2025-11-25T15:50:24+00:00","breadcrumb":{"@id":"https:\/\/alpen-markt.ch\/fr\/produkt\/skali-de-khatone-valkyrie-savon-epice\/#breadcrumb"},"inLanguage":"fr-FR","potentialAction":[{"@type":"ReadAction","target":["https:\/\/alpen-markt.ch\/fr\/produkt\/skali-de-khatone-valkyrie-savon-epice\/"]}]},{"@type":"ImageObject","inLanguage":"fr-FR","@id":"https:\/\/alpen-markt.ch\/fr\/produkt\/skali-de-khatone-valkyrie-savon-epice\/#primaryimage","url":"https:\/\/alpen-markt.ch\/wp-content\/uploads\/2025\/11\/4e4a5923-15e9-47a4-a9d9-8f5d40ae4f57.png","contentUrl":"https:\/\/alpen-markt.ch\/wp-content\/uploads\/2025\/11\/4e4a5923-15e9-47a4-a9d9-8f5d40ae4f57.png","width":500,"height":500},{"@type":"BreadcrumbList","@id":"https:\/\/alpen-markt.ch\/fr\/produkt\/skali-de-khatone-valkyrie-savon-epice\/#breadcrumb","itemListElement":[{"@type":"ListItem","position":1,"name":"Startseite","item":"https:\/\/alpen-markt.ch\/fr\/home\/"},{"@type":"ListItem","position":2,"name":"Boutique en ligne","item":"https:\/\/alpen-markt.ch\/fr\/boutique-en-ligne\/"},{"@type":"ListItem","position":3,"name":"Skali de Khatone &#8211; Valkyrie Savon \u00e9pic\u00e9"}]},{"@type":"WebSite","@id":"https:\/\/alpen-markt.ch\/fr\/#website","url":"https:\/\/alpen-markt.ch\/fr\/","name":"Alpenmarkt","description":"","publisher":{"@id":"https:\/\/alpen-markt.ch\/fr\/#organization"},"potentialAction":[{"@type":"SearchAction","target":{"@type":"EntryPoint","urlTemplate":"https:\/\/alpen-markt.ch\/fr\/?s={search_term_string}"},"query-input":{"@type":"PropertyValueSpecification","valueRequired":true,"valueName":"search_term_string"}}],"inLanguage":"fr-FR"},{"@type":"Organization","@id":"https:\/\/alpen-markt.ch\/fr\/#organization","name":"Alpenmarkt","url":"https:\/\/alpen-markt.ch\/fr\/","logo":{"@type":"ImageObject","inLanguage":"fr-FR","@id":"https:\/\/alpen-markt.ch\/fr\/#\/schema\/logo\/image\/","url":"https:\/\/alpen-markt.ch\/wp-content\/uploads\/2025\/11\/logo-alpenmarkt.png","contentUrl":"https:\/\/alpen-markt.ch\/wp-content\/uploads\/2025\/11\/logo-alpenmarkt.png","width":1048,"height":452,"caption":"Alpenmarkt"},"image":{"@id":"https:\/\/alpen-markt.ch\/fr\/#\/schema\/logo\/image\/"}}]}},"_links":{"self":[{"href":"https:\/\/alpen-markt.ch\/fr\/wp-json\/wp\/v2\/product\/3337","targetHints":{"allow":["GET"]}}],"collection":[{"href":"https:\/\/alpen-markt.ch\/fr\/wp-json\/wp\/v2\/product"}],"about":[{"href":"https:\/\/alpen-markt.ch\/fr\/wp-json\/wp\/v2\/types\/product"}],"wp:featuredmedia":[{"embeddable":true,"href":"https:\/\/alpen-markt.ch\/fr\/wp-json\/wp\/v2\/media\/3338"}],"wp:attachment":[{"href":"https:\/\/alpen-markt.ch\/fr\/wp-json\/wp\/v2\/media?parent=3337"}],"wp:term":[{"taxonomy":"product_brand","embeddable":true,"href":"https:\/\/alpen-markt.ch\/fr\/wp-json\/wp\/v2\/product_brand?post=3337"},{"taxonomy":"product_cat","embeddable":true,"href":"https:\/\/alpen-markt.ch\/fr\/wp-json\/wp\/v2\/product_cat?post=3337"},{"taxonomy":"product_tag","embeddable":true,"href":"https:\/\/alpen-markt.ch\/fr\/wp-json\/wp\/v2\/product_tag?post=3337"}],"curies":[{"name":"wp","href":"https:\/\/api.w.org\/{rel}","templated":true}]}}