{"id":3297,"date":"2025-11-25T16:50:23","date_gmt":"2025-11-25T15:50:23","guid":{"rendered":"https:\/\/alpen-markt.ch\/produkt\/atelier-carmen-lingette-nettoyante-2-faces\/"},"modified":"2025-11-25T16:50:23","modified_gmt":"2025-11-25T15:50:23","slug":"atelier-carmen-lingette-nettoyante-2-faces","status":"publish","type":"product","link":"https:\/\/alpen-markt.ch\/fr\/produkt\/atelier-carmen-lingette-nettoyante-2-faces\/","title":{"rendered":"Atelier Carmen &#8211; Lingette nettoyante 2-faces"},"content":{"rendered":"<p>Ces lingettes nettoyantes sont compos\u00e9es de mat\u00e9riaux doux et absorbants et conviennent parfaitement au nettoyage du visage et du contour des yeux. La peluche douce est d\u00e9licate pour la peau, les deux c\u00f4t\u00e9s peuvent \u00eatre utilis\u00e9s pour le nettoyage et le coton peut \u00eatre suspendu. <\/p>\n<p>Compar\u00e9s aux cotons traditionnels, ils sont plus \u00e9cologiques car ils sont r\u00e9utilisables et g\u00e9n\u00e8rent donc moins de d\u00e9chets. Leur utilisation permet non seulement de r\u00e9aliser des \u00e9conomies, mais les cotons peuvent \u00e9galement \u00eatre lav\u00e9s facilement en machine, ce qui en fait une alternative durable aux produits jetables.<\/p>\n<p>o Durchmesser ca. 7 cm<br \/>\no bestehend aus:<br \/>\n&#8211; weicher Pl\u00fcschstofff zum Reinigen<br \/>\n&#8211; B\u00fcndchenstoff als Saugeinlage<br \/>\n&#8211; recycelter Baumwollkordel<br \/>\no Alle Stoffe sind zertifiziert mit \u00d6kotex Standard 100.<br \/>\no waschbar bis 60 \u00b0C (gelegentlich auch bei 90 \u00b0C m\u00f6glich)<\/p>\n","protected":false},"excerpt":{"rendered":"<p>Ces lingettes nettoyantes sont compos\u00e9es de mat\u00e9riaux doux et absorbants et conviennent parfaitement au nettoyage du visage et du contour des yeux. La peluche douce est d\u00e9licate pour la peau, les deux c\u00f4t\u00e9s peuvent \u00eatre utilis\u00e9s pour le nettoyage et le coton peut \u00eatre suspendu. Compar\u00e9s aux cotons traditionnels, ils sont plus \u00e9cologiques car ils [&hellip;]<\/p>\n","protected":false},"featured_media":3298,"template":"","meta":[],"product_brand":[],"product_cat":[78],"product_tag":[],"class_list":{"0":"post-3297","1":"product","2":"type-product","3":"status-publish","4":"has-post-thumbnail","6":"product_cat-fraicheur-des-montagnes-cosmetiques-alpines","8":"first","9":"instock","10":"taxable","11":"shipping-taxable","12":"purchasable","13":"product-type-simple"},"yoast_head":"<!-- This site is optimized with the Yoast SEO plugin v27.4 - https:\/\/yoast.com\/product\/yoast-seo-wordpress\/ -->\n<title>Atelier Carmen - Lingette nettoyante 2-faces - Alpenmarkt<\/title>\n<meta name=\"robots\" content=\"index, follow, max-snippet:-1, max-image-preview:large, max-video-preview:-1\" \/>\n<link rel=\"canonical\" href=\"https:\/\/alpen-markt.ch\/fr\/produkt\/atelier-carmen-lingette-nettoyante-2-faces\/\" \/>\n<meta property=\"og:locale\" content=\"fr_FR\" \/>\n<meta property=\"og:type\" content=\"article\" \/>\n<meta property=\"og:title\" content=\"Atelier Carmen - Lingette nettoyante 2-faces - Alpenmarkt\" \/>\n<meta property=\"og:description\" content=\"Ces lingettes nettoyantes sont compos\u00e9es de mat\u00e9riaux doux et absorbants et conviennent parfaitement au nettoyage du visage et du contour des yeux. La peluche douce est d\u00e9licate pour la peau, les deux c\u00f4t\u00e9s peuvent \u00eatre utilis\u00e9s pour le nettoyage et le coton peut \u00eatre suspendu. Compar\u00e9s aux cotons traditionnels, ils sont plus \u00e9cologiques car ils [&hellip;]\" \/>\n<meta property=\"og:url\" content=\"https:\/\/alpen-markt.ch\/fr\/produkt\/atelier-carmen-lingette-nettoyante-2-faces\/\" \/>\n<meta property=\"og:site_name\" content=\"Alpenmarkt\" \/>\n<meta property=\"og:image\" content=\"https:\/\/alpen-markt.ch\/wp-content\/uploads\/2025\/11\/a8250197-d3cc-4a21-b319-08e4c4016eef.png\" \/>\n\t<meta property=\"og:image:width\" content=\"500\" \/>\n\t<meta property=\"og:image:height\" content=\"500\" \/>\n\t<meta property=\"og:image:type\" content=\"image\/png\" \/>\n<meta name=\"twitter:card\" content=\"summary_large_image\" \/>\n<meta name=\"twitter:label1\" content=\"Dur\u00e9e de lecture estim\u00e9e\" \/>\n\t<meta name=\"twitter:data1\" content=\"1 minute\" \/>\n<script type=\"application\/ld+json\" class=\"yoast-schema-graph\">{\"@context\":\"https:\\\/\\\/schema.org\",\"@graph\":[{\"@type\":\"WebPage\",\"@id\":\"https:\\\/\\\/alpen-markt.ch\\\/fr\\\/produkt\\\/atelier-carmen-lingette-nettoyante-2-faces\\\/\",\"url\":\"https:\\\/\\\/alpen-markt.ch\\\/fr\\\/produkt\\\/atelier-carmen-lingette-nettoyante-2-faces\\\/\",\"name\":\"Atelier Carmen - Lingette nettoyante 2-faces - Alpenmarkt\",\"isPartOf\":{\"@id\":\"https:\\\/\\\/alpen-markt.ch\\\/fr\\\/#website\"},\"primaryImageOfPage\":{\"@id\":\"https:\\\/\\\/alpen-markt.ch\\\/fr\\\/produkt\\\/atelier-carmen-lingette-nettoyante-2-faces\\\/#primaryimage\"},\"image\":{\"@id\":\"https:\\\/\\\/alpen-markt.ch\\\/fr\\\/produkt\\\/atelier-carmen-lingette-nettoyante-2-faces\\\/#primaryimage\"},\"thumbnailUrl\":\"https:\\\/\\\/alpen-markt.ch\\\/wp-content\\\/uploads\\\/2025\\\/11\\\/a8250197-d3cc-4a21-b319-08e4c4016eef.png\",\"datePublished\":\"2025-11-25T15:50:23+00:00\",\"breadcrumb\":{\"@id\":\"https:\\\/\\\/alpen-markt.ch\\\/fr\\\/produkt\\\/atelier-carmen-lingette-nettoyante-2-faces\\\/#breadcrumb\"},\"inLanguage\":\"fr-FR\",\"potentialAction\":[{\"@type\":\"ReadAction\",\"target\":[\"https:\\\/\\\/alpen-markt.ch\\\/fr\\\/produkt\\\/atelier-carmen-lingette-nettoyante-2-faces\\\/\"]}]},{\"@type\":\"ImageObject\",\"inLanguage\":\"fr-FR\",\"@id\":\"https:\\\/\\\/alpen-markt.ch\\\/fr\\\/produkt\\\/atelier-carmen-lingette-nettoyante-2-faces\\\/#primaryimage\",\"url\":\"https:\\\/\\\/alpen-markt.ch\\\/wp-content\\\/uploads\\\/2025\\\/11\\\/a8250197-d3cc-4a21-b319-08e4c4016eef.png\",\"contentUrl\":\"https:\\\/\\\/alpen-markt.ch\\\/wp-content\\\/uploads\\\/2025\\\/11\\\/a8250197-d3cc-4a21-b319-08e4c4016eef.png\",\"width\":500,\"height\":500},{\"@type\":\"BreadcrumbList\",\"@id\":\"https:\\\/\\\/alpen-markt.ch\\\/fr\\\/produkt\\\/atelier-carmen-lingette-nettoyante-2-faces\\\/#breadcrumb\",\"itemListElement\":[{\"@type\":\"ListItem\",\"position\":1,\"name\":\"Startseite\",\"item\":\"https:\\\/\\\/alpen-markt.ch\\\/fr\\\/home\\\/\"},{\"@type\":\"ListItem\",\"position\":2,\"name\":\"Boutique en ligne\",\"item\":\"https:\\\/\\\/alpen-markt.ch\\\/fr\\\/boutique-en-ligne\\\/\"},{\"@type\":\"ListItem\",\"position\":3,\"name\":\"Atelier Carmen &#8211; Lingette nettoyante 2-faces\"}]},{\"@type\":\"WebSite\",\"@id\":\"https:\\\/\\\/alpen-markt.ch\\\/fr\\\/#website\",\"url\":\"https:\\\/\\\/alpen-markt.ch\\\/fr\\\/\",\"name\":\"Alpenmarkt\",\"description\":\"\",\"publisher\":{\"@id\":\"https:\\\/\\\/alpen-markt.ch\\\/fr\\\/#organization\"},\"potentialAction\":[{\"@type\":\"SearchAction\",\"target\":{\"@type\":\"EntryPoint\",\"urlTemplate\":\"https:\\\/\\\/alpen-markt.ch\\\/fr\\\/?s={search_term_string}\"},\"query-input\":{\"@type\":\"PropertyValueSpecification\",\"valueRequired\":true,\"valueName\":\"search_term_string\"}}],\"inLanguage\":\"fr-FR\"},{\"@type\":\"Organization\",\"@id\":\"https:\\\/\\\/alpen-markt.ch\\\/fr\\\/#organization\",\"name\":\"Alpenmarkt\",\"url\":\"https:\\\/\\\/alpen-markt.ch\\\/fr\\\/\",\"logo\":{\"@type\":\"ImageObject\",\"inLanguage\":\"fr-FR\",\"@id\":\"https:\\\/\\\/alpen-markt.ch\\\/fr\\\/#\\\/schema\\\/logo\\\/image\\\/\",\"url\":\"https:\\\/\\\/alpen-markt.ch\\\/wp-content\\\/uploads\\\/2025\\\/11\\\/logo-alpenmarkt.png\",\"contentUrl\":\"https:\\\/\\\/alpen-markt.ch\\\/wp-content\\\/uploads\\\/2025\\\/11\\\/logo-alpenmarkt.png\",\"width\":1048,\"height\":452,\"caption\":\"Alpenmarkt\"},\"image\":{\"@id\":\"https:\\\/\\\/alpen-markt.ch\\\/fr\\\/#\\\/schema\\\/logo\\\/image\\\/\"}}]}<\/script>\n<!-- \/ Yoast SEO plugin. -->","yoast_head_json":{"title":"Atelier Carmen - Lingette nettoyante 2-faces - Alpenmarkt","robots":{"index":"index","follow":"follow","max-snippet":"max-snippet:-1","max-image-preview":"max-image-preview:large","max-video-preview":"max-video-preview:-1"},"canonical":"https:\/\/alpen-markt.ch\/fr\/produkt\/atelier-carmen-lingette-nettoyante-2-faces\/","og_locale":"fr_FR","og_type":"article","og_title":"Atelier Carmen - Lingette nettoyante 2-faces - Alpenmarkt","og_description":"Ces lingettes nettoyantes sont compos\u00e9es de mat\u00e9riaux doux et absorbants et conviennent parfaitement au nettoyage du visage et du contour des yeux. La peluche douce est d\u00e9licate pour la peau, les deux c\u00f4t\u00e9s peuvent \u00eatre utilis\u00e9s pour le nettoyage et le coton peut \u00eatre suspendu. Compar\u00e9s aux cotons traditionnels, ils sont plus \u00e9cologiques car ils [&hellip;]","og_url":"https:\/\/alpen-markt.ch\/fr\/produkt\/atelier-carmen-lingette-nettoyante-2-faces\/","og_site_name":"Alpenmarkt","og_image":[{"width":500,"height":500,"url":"https:\/\/alpen-markt.ch\/wp-content\/uploads\/2025\/11\/a8250197-d3cc-4a21-b319-08e4c4016eef.png","type":"image\/png"}],"twitter_card":"summary_large_image","twitter_misc":{"Dur\u00e9e de lecture estim\u00e9e":"1 minute"},"schema":{"@context":"https:\/\/schema.org","@graph":[{"@type":"WebPage","@id":"https:\/\/alpen-markt.ch\/fr\/produkt\/atelier-carmen-lingette-nettoyante-2-faces\/","url":"https:\/\/alpen-markt.ch\/fr\/produkt\/atelier-carmen-lingette-nettoyante-2-faces\/","name":"Atelier Carmen - Lingette nettoyante 2-faces - Alpenmarkt","isPartOf":{"@id":"https:\/\/alpen-markt.ch\/fr\/#website"},"primaryImageOfPage":{"@id":"https:\/\/alpen-markt.ch\/fr\/produkt\/atelier-carmen-lingette-nettoyante-2-faces\/#primaryimage"},"image":{"@id":"https:\/\/alpen-markt.ch\/fr\/produkt\/atelier-carmen-lingette-nettoyante-2-faces\/#primaryimage"},"thumbnailUrl":"https:\/\/alpen-markt.ch\/wp-content\/uploads\/2025\/11\/a8250197-d3cc-4a21-b319-08e4c4016eef.png","datePublished":"2025-11-25T15:50:23+00:00","breadcrumb":{"@id":"https:\/\/alpen-markt.ch\/fr\/produkt\/atelier-carmen-lingette-nettoyante-2-faces\/#breadcrumb"},"inLanguage":"fr-FR","potentialAction":[{"@type":"ReadAction","target":["https:\/\/alpen-markt.ch\/fr\/produkt\/atelier-carmen-lingette-nettoyante-2-faces\/"]}]},{"@type":"ImageObject","inLanguage":"fr-FR","@id":"https:\/\/alpen-markt.ch\/fr\/produkt\/atelier-carmen-lingette-nettoyante-2-faces\/#primaryimage","url":"https:\/\/alpen-markt.ch\/wp-content\/uploads\/2025\/11\/a8250197-d3cc-4a21-b319-08e4c4016eef.png","contentUrl":"https:\/\/alpen-markt.ch\/wp-content\/uploads\/2025\/11\/a8250197-d3cc-4a21-b319-08e4c4016eef.png","width":500,"height":500},{"@type":"BreadcrumbList","@id":"https:\/\/alpen-markt.ch\/fr\/produkt\/atelier-carmen-lingette-nettoyante-2-faces\/#breadcrumb","itemListElement":[{"@type":"ListItem","position":1,"name":"Startseite","item":"https:\/\/alpen-markt.ch\/fr\/home\/"},{"@type":"ListItem","position":2,"name":"Boutique en ligne","item":"https:\/\/alpen-markt.ch\/fr\/boutique-en-ligne\/"},{"@type":"ListItem","position":3,"name":"Atelier Carmen &#8211; Lingette nettoyante 2-faces"}]},{"@type":"WebSite","@id":"https:\/\/alpen-markt.ch\/fr\/#website","url":"https:\/\/alpen-markt.ch\/fr\/","name":"Alpenmarkt","description":"","publisher":{"@id":"https:\/\/alpen-markt.ch\/fr\/#organization"},"potentialAction":[{"@type":"SearchAction","target":{"@type":"EntryPoint","urlTemplate":"https:\/\/alpen-markt.ch\/fr\/?s={search_term_string}"},"query-input":{"@type":"PropertyValueSpecification","valueRequired":true,"valueName":"search_term_string"}}],"inLanguage":"fr-FR"},{"@type":"Organization","@id":"https:\/\/alpen-markt.ch\/fr\/#organization","name":"Alpenmarkt","url":"https:\/\/alpen-markt.ch\/fr\/","logo":{"@type":"ImageObject","inLanguage":"fr-FR","@id":"https:\/\/alpen-markt.ch\/fr\/#\/schema\/logo\/image\/","url":"https:\/\/alpen-markt.ch\/wp-content\/uploads\/2025\/11\/logo-alpenmarkt.png","contentUrl":"https:\/\/alpen-markt.ch\/wp-content\/uploads\/2025\/11\/logo-alpenmarkt.png","width":1048,"height":452,"caption":"Alpenmarkt"},"image":{"@id":"https:\/\/alpen-markt.ch\/fr\/#\/schema\/logo\/image\/"}}]}},"_links":{"self":[{"href":"https:\/\/alpen-markt.ch\/fr\/wp-json\/wp\/v2\/product\/3297","targetHints":{"allow":["GET"]}}],"collection":[{"href":"https:\/\/alpen-markt.ch\/fr\/wp-json\/wp\/v2\/product"}],"about":[{"href":"https:\/\/alpen-markt.ch\/fr\/wp-json\/wp\/v2\/types\/product"}],"wp:featuredmedia":[{"embeddable":true,"href":"https:\/\/alpen-markt.ch\/fr\/wp-json\/wp\/v2\/media\/3298"}],"wp:attachment":[{"href":"https:\/\/alpen-markt.ch\/fr\/wp-json\/wp\/v2\/media?parent=3297"}],"wp:term":[{"taxonomy":"product_brand","embeddable":true,"href":"https:\/\/alpen-markt.ch\/fr\/wp-json\/wp\/v2\/product_brand?post=3297"},{"taxonomy":"product_cat","embeddable":true,"href":"https:\/\/alpen-markt.ch\/fr\/wp-json\/wp\/v2\/product_cat?post=3297"},{"taxonomy":"product_tag","embeddable":true,"href":"https:\/\/alpen-markt.ch\/fr\/wp-json\/wp\/v2\/product_tag?post=3297"}],"curies":[{"name":"wp","href":"https:\/\/api.w.org\/{rel}","templated":true}]}}