{"id":3294,"date":"2025-11-25T16:50:23","date_gmt":"2025-11-25T15:50:23","guid":{"rendered":"https:\/\/alpen-markt.ch\/produkt\/atelier-carmen-lingette-de-nettoyage-1-face\/"},"modified":"2025-11-25T16:50:23","modified_gmt":"2025-11-25T15:50:23","slug":"atelier-carmen-lingette-de-nettoyage-1-face","status":"publish","type":"product","link":"https:\/\/alpen-markt.ch\/fr\/produkt\/atelier-carmen-lingette-de-nettoyage-1-face\/","title":{"rendered":"Atelier Carmen &#8211; Lingette de nettoyage 1 face"},"content":{"rendered":"<p>Ces lingettes nettoyantes sont compos\u00e9es de mat\u00e9riaux doux et absorbants et sont parfaites pour nettoyer le visage et le contour des yeux. La peluche douce est d\u00e9licate pour la peau et le motif apporte une touche esth\u00e9tique \u00e0 la lingette. <\/p>\n<p>Compar\u00e9s aux cotons traditionnels, ils sont plus \u00e9cologiques car ils sont r\u00e9utilisables et g\u00e9n\u00e8rent donc moins de d\u00e9chets. Leur utilisation permet non seulement de r\u00e9aliser des \u00e9conomies, mais les cotons peuvent \u00e9galement \u00eatre facilement lav\u00e9s en machine, ce qui en fait une alternative durable aux produits jetables.<\/p>\n<p>o Diam\u00e8tre env. 7 cm<br \/>\no Compos\u00e9 de :<br \/>\n&#8211; peluche douce pour le nettoyage<br \/>\n&#8211; tissu c\u00f4tel\u00e9 comme insert absorbant<br \/>\n&#8211; tissu en coton pour l&rsquo;\u0153il<br \/>\no Tous les tissus sont certifi\u00e9s \u00d6kotex Standard 100.<br \/>\no Lavable jusqu&rsquo;\u00e0 60 \u00b0C (occasionnellement jusqu&rsquo;\u00e0 90 \u00b0C)<\/p>\n","protected":false},"excerpt":{"rendered":"<p>Ces lingettes nettoyantes sont compos\u00e9es de mat\u00e9riaux doux et absorbants et sont parfaites pour nettoyer le visage et le contour des yeux. La peluche douce est d\u00e9licate pour la peau et le motif apporte une touche esth\u00e9tique \u00e0 la lingette. Compar\u00e9s aux cotons traditionnels, ils sont plus \u00e9cologiques car ils sont r\u00e9utilisables et g\u00e9n\u00e8rent donc [&hellip;]<\/p>\n","protected":false},"featured_media":3295,"template":"","meta":[],"product_brand":[],"product_cat":[78],"product_tag":[],"class_list":{"0":"post-3294","1":"product","2":"type-product","3":"status-publish","4":"has-post-thumbnail","6":"product_cat-fraicheur-des-montagnes-cosmetiques-alpines","8":"first","9":"instock","10":"taxable","11":"shipping-taxable","12":"purchasable","13":"product-type-simple"},"yoast_head":"<!-- This site is optimized with the Yoast SEO plugin v27.4 - https:\/\/yoast.com\/product\/yoast-seo-wordpress\/ -->\n<title>Atelier Carmen - Lingette de nettoyage 1 face - Alpenmarkt<\/title>\n<meta name=\"robots\" content=\"index, follow, max-snippet:-1, max-image-preview:large, max-video-preview:-1\" \/>\n<link rel=\"canonical\" href=\"https:\/\/alpen-markt.ch\/fr\/produkt\/atelier-carmen-lingette-de-nettoyage-1-face\/\" \/>\n<meta property=\"og:locale\" content=\"fr_FR\" \/>\n<meta property=\"og:type\" content=\"article\" \/>\n<meta property=\"og:title\" content=\"Atelier Carmen - Lingette de nettoyage 1 face - Alpenmarkt\" \/>\n<meta property=\"og:description\" content=\"Ces lingettes nettoyantes sont compos\u00e9es de mat\u00e9riaux doux et absorbants et sont parfaites pour nettoyer le visage et le contour des yeux. La peluche douce est d\u00e9licate pour la peau et le motif apporte une touche esth\u00e9tique \u00e0 la lingette. Compar\u00e9s aux cotons traditionnels, ils sont plus \u00e9cologiques car ils sont r\u00e9utilisables et g\u00e9n\u00e8rent donc [&hellip;]\" \/>\n<meta property=\"og:url\" content=\"https:\/\/alpen-markt.ch\/fr\/produkt\/atelier-carmen-lingette-de-nettoyage-1-face\/\" \/>\n<meta property=\"og:site_name\" content=\"Alpenmarkt\" \/>\n<meta property=\"og:image\" content=\"https:\/\/alpen-markt.ch\/wp-content\/uploads\/2025\/11\/383a5840-d7c1-41d2-878c-21890fe04ff4.png\" \/>\n\t<meta property=\"og:image:width\" content=\"500\" \/>\n\t<meta property=\"og:image:height\" content=\"500\" \/>\n\t<meta property=\"og:image:type\" content=\"image\/png\" \/>\n<meta name=\"twitter:card\" content=\"summary_large_image\" \/>\n<meta name=\"twitter:label1\" content=\"Dur\u00e9e de lecture estim\u00e9e\" \/>\n\t<meta name=\"twitter:data1\" content=\"1 minute\" \/>\n<script type=\"application\/ld+json\" class=\"yoast-schema-graph\">{\"@context\":\"https:\\\/\\\/schema.org\",\"@graph\":[{\"@type\":\"WebPage\",\"@id\":\"https:\\\/\\\/alpen-markt.ch\\\/fr\\\/produkt\\\/atelier-carmen-lingette-de-nettoyage-1-face\\\/\",\"url\":\"https:\\\/\\\/alpen-markt.ch\\\/fr\\\/produkt\\\/atelier-carmen-lingette-de-nettoyage-1-face\\\/\",\"name\":\"Atelier Carmen - Lingette de nettoyage 1 face - Alpenmarkt\",\"isPartOf\":{\"@id\":\"https:\\\/\\\/alpen-markt.ch\\\/fr\\\/#website\"},\"primaryImageOfPage\":{\"@id\":\"https:\\\/\\\/alpen-markt.ch\\\/fr\\\/produkt\\\/atelier-carmen-lingette-de-nettoyage-1-face\\\/#primaryimage\"},\"image\":{\"@id\":\"https:\\\/\\\/alpen-markt.ch\\\/fr\\\/produkt\\\/atelier-carmen-lingette-de-nettoyage-1-face\\\/#primaryimage\"},\"thumbnailUrl\":\"https:\\\/\\\/alpen-markt.ch\\\/wp-content\\\/uploads\\\/2025\\\/11\\\/383a5840-d7c1-41d2-878c-21890fe04ff4.png\",\"datePublished\":\"2025-11-25T15:50:23+00:00\",\"breadcrumb\":{\"@id\":\"https:\\\/\\\/alpen-markt.ch\\\/fr\\\/produkt\\\/atelier-carmen-lingette-de-nettoyage-1-face\\\/#breadcrumb\"},\"inLanguage\":\"fr-FR\",\"potentialAction\":[{\"@type\":\"ReadAction\",\"target\":[\"https:\\\/\\\/alpen-markt.ch\\\/fr\\\/produkt\\\/atelier-carmen-lingette-de-nettoyage-1-face\\\/\"]}]},{\"@type\":\"ImageObject\",\"inLanguage\":\"fr-FR\",\"@id\":\"https:\\\/\\\/alpen-markt.ch\\\/fr\\\/produkt\\\/atelier-carmen-lingette-de-nettoyage-1-face\\\/#primaryimage\",\"url\":\"https:\\\/\\\/alpen-markt.ch\\\/wp-content\\\/uploads\\\/2025\\\/11\\\/383a5840-d7c1-41d2-878c-21890fe04ff4.png\",\"contentUrl\":\"https:\\\/\\\/alpen-markt.ch\\\/wp-content\\\/uploads\\\/2025\\\/11\\\/383a5840-d7c1-41d2-878c-21890fe04ff4.png\",\"width\":500,\"height\":500},{\"@type\":\"BreadcrumbList\",\"@id\":\"https:\\\/\\\/alpen-markt.ch\\\/fr\\\/produkt\\\/atelier-carmen-lingette-de-nettoyage-1-face\\\/#breadcrumb\",\"itemListElement\":[{\"@type\":\"ListItem\",\"position\":1,\"name\":\"Startseite\",\"item\":\"https:\\\/\\\/alpen-markt.ch\\\/fr\\\/home\\\/\"},{\"@type\":\"ListItem\",\"position\":2,\"name\":\"Boutique en ligne\",\"item\":\"https:\\\/\\\/alpen-markt.ch\\\/fr\\\/boutique-en-ligne\\\/\"},{\"@type\":\"ListItem\",\"position\":3,\"name\":\"Atelier Carmen &#8211; Lingette de nettoyage 1 face\"}]},{\"@type\":\"WebSite\",\"@id\":\"https:\\\/\\\/alpen-markt.ch\\\/fr\\\/#website\",\"url\":\"https:\\\/\\\/alpen-markt.ch\\\/fr\\\/\",\"name\":\"Alpenmarkt\",\"description\":\"\",\"publisher\":{\"@id\":\"https:\\\/\\\/alpen-markt.ch\\\/fr\\\/#organization\"},\"potentialAction\":[{\"@type\":\"SearchAction\",\"target\":{\"@type\":\"EntryPoint\",\"urlTemplate\":\"https:\\\/\\\/alpen-markt.ch\\\/fr\\\/?s={search_term_string}\"},\"query-input\":{\"@type\":\"PropertyValueSpecification\",\"valueRequired\":true,\"valueName\":\"search_term_string\"}}],\"inLanguage\":\"fr-FR\"},{\"@type\":\"Organization\",\"@id\":\"https:\\\/\\\/alpen-markt.ch\\\/fr\\\/#organization\",\"name\":\"Alpenmarkt\",\"url\":\"https:\\\/\\\/alpen-markt.ch\\\/fr\\\/\",\"logo\":{\"@type\":\"ImageObject\",\"inLanguage\":\"fr-FR\",\"@id\":\"https:\\\/\\\/alpen-markt.ch\\\/fr\\\/#\\\/schema\\\/logo\\\/image\\\/\",\"url\":\"https:\\\/\\\/alpen-markt.ch\\\/wp-content\\\/uploads\\\/2025\\\/11\\\/logo-alpenmarkt.png\",\"contentUrl\":\"https:\\\/\\\/alpen-markt.ch\\\/wp-content\\\/uploads\\\/2025\\\/11\\\/logo-alpenmarkt.png\",\"width\":1048,\"height\":452,\"caption\":\"Alpenmarkt\"},\"image\":{\"@id\":\"https:\\\/\\\/alpen-markt.ch\\\/fr\\\/#\\\/schema\\\/logo\\\/image\\\/\"}}]}<\/script>\n<!-- \/ Yoast SEO plugin. -->","yoast_head_json":{"title":"Atelier Carmen - Lingette de nettoyage 1 face - Alpenmarkt","robots":{"index":"index","follow":"follow","max-snippet":"max-snippet:-1","max-image-preview":"max-image-preview:large","max-video-preview":"max-video-preview:-1"},"canonical":"https:\/\/alpen-markt.ch\/fr\/produkt\/atelier-carmen-lingette-de-nettoyage-1-face\/","og_locale":"fr_FR","og_type":"article","og_title":"Atelier Carmen - Lingette de nettoyage 1 face - Alpenmarkt","og_description":"Ces lingettes nettoyantes sont compos\u00e9es de mat\u00e9riaux doux et absorbants et sont parfaites pour nettoyer le visage et le contour des yeux. La peluche douce est d\u00e9licate pour la peau et le motif apporte une touche esth\u00e9tique \u00e0 la lingette. Compar\u00e9s aux cotons traditionnels, ils sont plus \u00e9cologiques car ils sont r\u00e9utilisables et g\u00e9n\u00e8rent donc [&hellip;]","og_url":"https:\/\/alpen-markt.ch\/fr\/produkt\/atelier-carmen-lingette-de-nettoyage-1-face\/","og_site_name":"Alpenmarkt","og_image":[{"width":500,"height":500,"url":"https:\/\/alpen-markt.ch\/wp-content\/uploads\/2025\/11\/383a5840-d7c1-41d2-878c-21890fe04ff4.png","type":"image\/png"}],"twitter_card":"summary_large_image","twitter_misc":{"Dur\u00e9e de lecture estim\u00e9e":"1 minute"},"schema":{"@context":"https:\/\/schema.org","@graph":[{"@type":"WebPage","@id":"https:\/\/alpen-markt.ch\/fr\/produkt\/atelier-carmen-lingette-de-nettoyage-1-face\/","url":"https:\/\/alpen-markt.ch\/fr\/produkt\/atelier-carmen-lingette-de-nettoyage-1-face\/","name":"Atelier Carmen - Lingette de nettoyage 1 face - Alpenmarkt","isPartOf":{"@id":"https:\/\/alpen-markt.ch\/fr\/#website"},"primaryImageOfPage":{"@id":"https:\/\/alpen-markt.ch\/fr\/produkt\/atelier-carmen-lingette-de-nettoyage-1-face\/#primaryimage"},"image":{"@id":"https:\/\/alpen-markt.ch\/fr\/produkt\/atelier-carmen-lingette-de-nettoyage-1-face\/#primaryimage"},"thumbnailUrl":"https:\/\/alpen-markt.ch\/wp-content\/uploads\/2025\/11\/383a5840-d7c1-41d2-878c-21890fe04ff4.png","datePublished":"2025-11-25T15:50:23+00:00","breadcrumb":{"@id":"https:\/\/alpen-markt.ch\/fr\/produkt\/atelier-carmen-lingette-de-nettoyage-1-face\/#breadcrumb"},"inLanguage":"fr-FR","potentialAction":[{"@type":"ReadAction","target":["https:\/\/alpen-markt.ch\/fr\/produkt\/atelier-carmen-lingette-de-nettoyage-1-face\/"]}]},{"@type":"ImageObject","inLanguage":"fr-FR","@id":"https:\/\/alpen-markt.ch\/fr\/produkt\/atelier-carmen-lingette-de-nettoyage-1-face\/#primaryimage","url":"https:\/\/alpen-markt.ch\/wp-content\/uploads\/2025\/11\/383a5840-d7c1-41d2-878c-21890fe04ff4.png","contentUrl":"https:\/\/alpen-markt.ch\/wp-content\/uploads\/2025\/11\/383a5840-d7c1-41d2-878c-21890fe04ff4.png","width":500,"height":500},{"@type":"BreadcrumbList","@id":"https:\/\/alpen-markt.ch\/fr\/produkt\/atelier-carmen-lingette-de-nettoyage-1-face\/#breadcrumb","itemListElement":[{"@type":"ListItem","position":1,"name":"Startseite","item":"https:\/\/alpen-markt.ch\/fr\/home\/"},{"@type":"ListItem","position":2,"name":"Boutique en ligne","item":"https:\/\/alpen-markt.ch\/fr\/boutique-en-ligne\/"},{"@type":"ListItem","position":3,"name":"Atelier Carmen &#8211; Lingette de nettoyage 1 face"}]},{"@type":"WebSite","@id":"https:\/\/alpen-markt.ch\/fr\/#website","url":"https:\/\/alpen-markt.ch\/fr\/","name":"Alpenmarkt","description":"","publisher":{"@id":"https:\/\/alpen-markt.ch\/fr\/#organization"},"potentialAction":[{"@type":"SearchAction","target":{"@type":"EntryPoint","urlTemplate":"https:\/\/alpen-markt.ch\/fr\/?s={search_term_string}"},"query-input":{"@type":"PropertyValueSpecification","valueRequired":true,"valueName":"search_term_string"}}],"inLanguage":"fr-FR"},{"@type":"Organization","@id":"https:\/\/alpen-markt.ch\/fr\/#organization","name":"Alpenmarkt","url":"https:\/\/alpen-markt.ch\/fr\/","logo":{"@type":"ImageObject","inLanguage":"fr-FR","@id":"https:\/\/alpen-markt.ch\/fr\/#\/schema\/logo\/image\/","url":"https:\/\/alpen-markt.ch\/wp-content\/uploads\/2025\/11\/logo-alpenmarkt.png","contentUrl":"https:\/\/alpen-markt.ch\/wp-content\/uploads\/2025\/11\/logo-alpenmarkt.png","width":1048,"height":452,"caption":"Alpenmarkt"},"image":{"@id":"https:\/\/alpen-markt.ch\/fr\/#\/schema\/logo\/image\/"}}]}},"_links":{"self":[{"href":"https:\/\/alpen-markt.ch\/fr\/wp-json\/wp\/v2\/product\/3294","targetHints":{"allow":["GET"]}}],"collection":[{"href":"https:\/\/alpen-markt.ch\/fr\/wp-json\/wp\/v2\/product"}],"about":[{"href":"https:\/\/alpen-markt.ch\/fr\/wp-json\/wp\/v2\/types\/product"}],"wp:featuredmedia":[{"embeddable":true,"href":"https:\/\/alpen-markt.ch\/fr\/wp-json\/wp\/v2\/media\/3295"}],"wp:attachment":[{"href":"https:\/\/alpen-markt.ch\/fr\/wp-json\/wp\/v2\/media?parent=3294"}],"wp:term":[{"taxonomy":"product_brand","embeddable":true,"href":"https:\/\/alpen-markt.ch\/fr\/wp-json\/wp\/v2\/product_brand?post=3294"},{"taxonomy":"product_cat","embeddable":true,"href":"https:\/\/alpen-markt.ch\/fr\/wp-json\/wp\/v2\/product_cat?post=3294"},{"taxonomy":"product_tag","embeddable":true,"href":"https:\/\/alpen-markt.ch\/fr\/wp-json\/wp\/v2\/product_tag?post=3294"}],"curies":[{"name":"wp","href":"https:\/\/api.w.org\/{rel}","templated":true}]}}