{"id":3290,"date":"2025-11-25T16:50:23","date_gmt":"2025-11-25T15:50:23","guid":{"rendered":"https:\/\/alpen-markt.ch\/produkt\/aura-fiesch-gel-douche-arc-en-ciel\/"},"modified":"2025-11-25T16:50:23","modified_gmt":"2025-11-25T15:50:23","slug":"aura-fiesch-gel-douche-arc-en-ciel","status":"publish","type":"product","link":"https:\/\/alpen-markt.ch\/fr\/produkt\/aura-fiesch-gel-douche-arc-en-ciel\/","title":{"rendered":"Aura Fiesch &#8211; Gel douche arc-en-ciel"},"content":{"rendered":"<p>Le m\u00e9lange harmonieux d&rsquo;huiles essentielles naturelles issues de diff\u00e9rentes herbes pr\u00e9sentes dans nos prairies et for\u00eats de montagne, telles que le thym, la sauge, le gen\u00e9vrier, l&rsquo;arnica et le souci, conf\u00e8re \u00e0 ce soin douche sp\u00e9cial un effet stimulant et fortifiant. <\/p>\n<p>Bien agiter avant utilisation. <\/p>\n<p>Ingr\u00e9dients :<br \/>\nAQUA, COCA-GLUCOSIDE, ALCOOL, GLYC\u00c9RINE, EAU DE FLEUR DE LAVANDULA ANGUSTIFOLIA, HUILE DE GRAINES DE HELIANTHUS ANNUUS, GOMME DE XANTHANE, HUILES ESSENTIELLES NATURELLES, ACIDE CITRIQUE, AMANDE, LINALOOL, G\u00c9RANIOL<\/p>\n","protected":false},"excerpt":{"rendered":"<p>Le m\u00e9lange harmonieux d&rsquo;huiles essentielles naturelles issues de diff\u00e9rentes herbes pr\u00e9sentes dans nos prairies et for\u00eats de montagne, telles que le thym, la sauge, le gen\u00e9vrier, l&rsquo;arnica et le souci, conf\u00e8re \u00e0 ce soin douche sp\u00e9cial un effet stimulant et fortifiant. Bien agiter avant utilisation. Ingr\u00e9dients : AQUA, COCA-GLUCOSIDE, ALCOOL, GLYC\u00c9RINE, EAU DE FLEUR DE [&hellip;]<\/p>\n","protected":false},"featured_media":3291,"template":"","meta":[],"product_brand":[],"product_cat":[78],"product_tag":[],"class_list":{"0":"post-3290","1":"product","2":"type-product","3":"status-publish","4":"has-post-thumbnail","6":"product_cat-fraicheur-des-montagnes-cosmetiques-alpines","8":"first","9":"outofstock","10":"taxable","11":"shipping-taxable","12":"purchasable","13":"product-type-simple"},"yoast_head":"<!-- This site is optimized with the Yoast SEO plugin v27.4 - https:\/\/yoast.com\/product\/yoast-seo-wordpress\/ -->\n<title>Aura Fiesch - Gel douche arc-en-ciel - Alpenmarkt<\/title>\n<meta name=\"robots\" content=\"index, follow, max-snippet:-1, max-image-preview:large, max-video-preview:-1\" \/>\n<link rel=\"canonical\" href=\"https:\/\/alpen-markt.ch\/fr\/produkt\/aura-fiesch-gel-douche-arc-en-ciel\/\" \/>\n<meta property=\"og:locale\" content=\"fr_FR\" \/>\n<meta property=\"og:type\" content=\"article\" \/>\n<meta property=\"og:title\" content=\"Aura Fiesch - Gel douche arc-en-ciel - Alpenmarkt\" \/>\n<meta property=\"og:description\" content=\"Le m\u00e9lange harmonieux d&rsquo;huiles essentielles naturelles issues de diff\u00e9rentes herbes pr\u00e9sentes dans nos prairies et for\u00eats de montagne, telles que le thym, la sauge, le gen\u00e9vrier, l&rsquo;arnica et le souci, conf\u00e8re \u00e0 ce soin douche sp\u00e9cial un effet stimulant et fortifiant. Bien agiter avant utilisation. Ingr\u00e9dients : AQUA, COCA-GLUCOSIDE, ALCOOL, GLYC\u00c9RINE, EAU DE FLEUR DE [&hellip;]\" \/>\n<meta property=\"og:url\" content=\"https:\/\/alpen-markt.ch\/fr\/produkt\/aura-fiesch-gel-douche-arc-en-ciel\/\" \/>\n<meta property=\"og:site_name\" content=\"Alpenmarkt\" \/>\n<meta property=\"og:image\" content=\"https:\/\/alpen-markt.ch\/wp-content\/uploads\/2025\/11\/2e7e553a-83d0-456c-8660-fe987a43cccb.png\" \/>\n\t<meta property=\"og:image:width\" content=\"500\" \/>\n\t<meta property=\"og:image:height\" content=\"500\" \/>\n\t<meta property=\"og:image:type\" content=\"image\/png\" \/>\n<meta name=\"twitter:card\" content=\"summary_large_image\" \/>\n<script type=\"application\/ld+json\" class=\"yoast-schema-graph\">{\"@context\":\"https:\\\/\\\/schema.org\",\"@graph\":[{\"@type\":\"WebPage\",\"@id\":\"https:\\\/\\\/alpen-markt.ch\\\/fr\\\/produkt\\\/aura-fiesch-gel-douche-arc-en-ciel\\\/\",\"url\":\"https:\\\/\\\/alpen-markt.ch\\\/fr\\\/produkt\\\/aura-fiesch-gel-douche-arc-en-ciel\\\/\",\"name\":\"Aura Fiesch - Gel douche arc-en-ciel - Alpenmarkt\",\"isPartOf\":{\"@id\":\"https:\\\/\\\/alpen-markt.ch\\\/fr\\\/#website\"},\"primaryImageOfPage\":{\"@id\":\"https:\\\/\\\/alpen-markt.ch\\\/fr\\\/produkt\\\/aura-fiesch-gel-douche-arc-en-ciel\\\/#primaryimage\"},\"image\":{\"@id\":\"https:\\\/\\\/alpen-markt.ch\\\/fr\\\/produkt\\\/aura-fiesch-gel-douche-arc-en-ciel\\\/#primaryimage\"},\"thumbnailUrl\":\"https:\\\/\\\/alpen-markt.ch\\\/wp-content\\\/uploads\\\/2025\\\/11\\\/2e7e553a-83d0-456c-8660-fe987a43cccb.png\",\"datePublished\":\"2025-11-25T15:50:23+00:00\",\"breadcrumb\":{\"@id\":\"https:\\\/\\\/alpen-markt.ch\\\/fr\\\/produkt\\\/aura-fiesch-gel-douche-arc-en-ciel\\\/#breadcrumb\"},\"inLanguage\":\"fr-FR\",\"potentialAction\":[{\"@type\":\"ReadAction\",\"target\":[\"https:\\\/\\\/alpen-markt.ch\\\/fr\\\/produkt\\\/aura-fiesch-gel-douche-arc-en-ciel\\\/\"]}]},{\"@type\":\"ImageObject\",\"inLanguage\":\"fr-FR\",\"@id\":\"https:\\\/\\\/alpen-markt.ch\\\/fr\\\/produkt\\\/aura-fiesch-gel-douche-arc-en-ciel\\\/#primaryimage\",\"url\":\"https:\\\/\\\/alpen-markt.ch\\\/wp-content\\\/uploads\\\/2025\\\/11\\\/2e7e553a-83d0-456c-8660-fe987a43cccb.png\",\"contentUrl\":\"https:\\\/\\\/alpen-markt.ch\\\/wp-content\\\/uploads\\\/2025\\\/11\\\/2e7e553a-83d0-456c-8660-fe987a43cccb.png\",\"width\":500,\"height\":500},{\"@type\":\"BreadcrumbList\",\"@id\":\"https:\\\/\\\/alpen-markt.ch\\\/fr\\\/produkt\\\/aura-fiesch-gel-douche-arc-en-ciel\\\/#breadcrumb\",\"itemListElement\":[{\"@type\":\"ListItem\",\"position\":1,\"name\":\"Startseite\",\"item\":\"https:\\\/\\\/alpen-markt.ch\\\/fr\\\/home\\\/\"},{\"@type\":\"ListItem\",\"position\":2,\"name\":\"Boutique en ligne\",\"item\":\"https:\\\/\\\/alpen-markt.ch\\\/fr\\\/boutique-en-ligne\\\/\"},{\"@type\":\"ListItem\",\"position\":3,\"name\":\"Aura Fiesch &#8211; Gel douche arc-en-ciel\"}]},{\"@type\":\"WebSite\",\"@id\":\"https:\\\/\\\/alpen-markt.ch\\\/fr\\\/#website\",\"url\":\"https:\\\/\\\/alpen-markt.ch\\\/fr\\\/\",\"name\":\"Alpenmarkt\",\"description\":\"\",\"publisher\":{\"@id\":\"https:\\\/\\\/alpen-markt.ch\\\/fr\\\/#organization\"},\"potentialAction\":[{\"@type\":\"SearchAction\",\"target\":{\"@type\":\"EntryPoint\",\"urlTemplate\":\"https:\\\/\\\/alpen-markt.ch\\\/fr\\\/?s={search_term_string}\"},\"query-input\":{\"@type\":\"PropertyValueSpecification\",\"valueRequired\":true,\"valueName\":\"search_term_string\"}}],\"inLanguage\":\"fr-FR\"},{\"@type\":\"Organization\",\"@id\":\"https:\\\/\\\/alpen-markt.ch\\\/fr\\\/#organization\",\"name\":\"Alpenmarkt\",\"url\":\"https:\\\/\\\/alpen-markt.ch\\\/fr\\\/\",\"logo\":{\"@type\":\"ImageObject\",\"inLanguage\":\"fr-FR\",\"@id\":\"https:\\\/\\\/alpen-markt.ch\\\/fr\\\/#\\\/schema\\\/logo\\\/image\\\/\",\"url\":\"https:\\\/\\\/alpen-markt.ch\\\/wp-content\\\/uploads\\\/2025\\\/11\\\/logo-alpenmarkt.png\",\"contentUrl\":\"https:\\\/\\\/alpen-markt.ch\\\/wp-content\\\/uploads\\\/2025\\\/11\\\/logo-alpenmarkt.png\",\"width\":1048,\"height\":452,\"caption\":\"Alpenmarkt\"},\"image\":{\"@id\":\"https:\\\/\\\/alpen-markt.ch\\\/fr\\\/#\\\/schema\\\/logo\\\/image\\\/\"}}]}<\/script>\n<!-- \/ Yoast SEO plugin. -->","yoast_head_json":{"title":"Aura Fiesch - Gel douche arc-en-ciel - Alpenmarkt","robots":{"index":"index","follow":"follow","max-snippet":"max-snippet:-1","max-image-preview":"max-image-preview:large","max-video-preview":"max-video-preview:-1"},"canonical":"https:\/\/alpen-markt.ch\/fr\/produkt\/aura-fiesch-gel-douche-arc-en-ciel\/","og_locale":"fr_FR","og_type":"article","og_title":"Aura Fiesch - Gel douche arc-en-ciel - Alpenmarkt","og_description":"Le m\u00e9lange harmonieux d&rsquo;huiles essentielles naturelles issues de diff\u00e9rentes herbes pr\u00e9sentes dans nos prairies et for\u00eats de montagne, telles que le thym, la sauge, le gen\u00e9vrier, l&rsquo;arnica et le souci, conf\u00e8re \u00e0 ce soin douche sp\u00e9cial un effet stimulant et fortifiant. Bien agiter avant utilisation. Ingr\u00e9dients : AQUA, COCA-GLUCOSIDE, ALCOOL, GLYC\u00c9RINE, EAU DE FLEUR DE [&hellip;]","og_url":"https:\/\/alpen-markt.ch\/fr\/produkt\/aura-fiesch-gel-douche-arc-en-ciel\/","og_site_name":"Alpenmarkt","og_image":[{"width":500,"height":500,"url":"https:\/\/alpen-markt.ch\/wp-content\/uploads\/2025\/11\/2e7e553a-83d0-456c-8660-fe987a43cccb.png","type":"image\/png"}],"twitter_card":"summary_large_image","schema":{"@context":"https:\/\/schema.org","@graph":[{"@type":"WebPage","@id":"https:\/\/alpen-markt.ch\/fr\/produkt\/aura-fiesch-gel-douche-arc-en-ciel\/","url":"https:\/\/alpen-markt.ch\/fr\/produkt\/aura-fiesch-gel-douche-arc-en-ciel\/","name":"Aura Fiesch - Gel douche arc-en-ciel - Alpenmarkt","isPartOf":{"@id":"https:\/\/alpen-markt.ch\/fr\/#website"},"primaryImageOfPage":{"@id":"https:\/\/alpen-markt.ch\/fr\/produkt\/aura-fiesch-gel-douche-arc-en-ciel\/#primaryimage"},"image":{"@id":"https:\/\/alpen-markt.ch\/fr\/produkt\/aura-fiesch-gel-douche-arc-en-ciel\/#primaryimage"},"thumbnailUrl":"https:\/\/alpen-markt.ch\/wp-content\/uploads\/2025\/11\/2e7e553a-83d0-456c-8660-fe987a43cccb.png","datePublished":"2025-11-25T15:50:23+00:00","breadcrumb":{"@id":"https:\/\/alpen-markt.ch\/fr\/produkt\/aura-fiesch-gel-douche-arc-en-ciel\/#breadcrumb"},"inLanguage":"fr-FR","potentialAction":[{"@type":"ReadAction","target":["https:\/\/alpen-markt.ch\/fr\/produkt\/aura-fiesch-gel-douche-arc-en-ciel\/"]}]},{"@type":"ImageObject","inLanguage":"fr-FR","@id":"https:\/\/alpen-markt.ch\/fr\/produkt\/aura-fiesch-gel-douche-arc-en-ciel\/#primaryimage","url":"https:\/\/alpen-markt.ch\/wp-content\/uploads\/2025\/11\/2e7e553a-83d0-456c-8660-fe987a43cccb.png","contentUrl":"https:\/\/alpen-markt.ch\/wp-content\/uploads\/2025\/11\/2e7e553a-83d0-456c-8660-fe987a43cccb.png","width":500,"height":500},{"@type":"BreadcrumbList","@id":"https:\/\/alpen-markt.ch\/fr\/produkt\/aura-fiesch-gel-douche-arc-en-ciel\/#breadcrumb","itemListElement":[{"@type":"ListItem","position":1,"name":"Startseite","item":"https:\/\/alpen-markt.ch\/fr\/home\/"},{"@type":"ListItem","position":2,"name":"Boutique en ligne","item":"https:\/\/alpen-markt.ch\/fr\/boutique-en-ligne\/"},{"@type":"ListItem","position":3,"name":"Aura Fiesch &#8211; Gel douche arc-en-ciel"}]},{"@type":"WebSite","@id":"https:\/\/alpen-markt.ch\/fr\/#website","url":"https:\/\/alpen-markt.ch\/fr\/","name":"Alpenmarkt","description":"","publisher":{"@id":"https:\/\/alpen-markt.ch\/fr\/#organization"},"potentialAction":[{"@type":"SearchAction","target":{"@type":"EntryPoint","urlTemplate":"https:\/\/alpen-markt.ch\/fr\/?s={search_term_string}"},"query-input":{"@type":"PropertyValueSpecification","valueRequired":true,"valueName":"search_term_string"}}],"inLanguage":"fr-FR"},{"@type":"Organization","@id":"https:\/\/alpen-markt.ch\/fr\/#organization","name":"Alpenmarkt","url":"https:\/\/alpen-markt.ch\/fr\/","logo":{"@type":"ImageObject","inLanguage":"fr-FR","@id":"https:\/\/alpen-markt.ch\/fr\/#\/schema\/logo\/image\/","url":"https:\/\/alpen-markt.ch\/wp-content\/uploads\/2025\/11\/logo-alpenmarkt.png","contentUrl":"https:\/\/alpen-markt.ch\/wp-content\/uploads\/2025\/11\/logo-alpenmarkt.png","width":1048,"height":452,"caption":"Alpenmarkt"},"image":{"@id":"https:\/\/alpen-markt.ch\/fr\/#\/schema\/logo\/image\/"}}]}},"_links":{"self":[{"href":"https:\/\/alpen-markt.ch\/fr\/wp-json\/wp\/v2\/product\/3290","targetHints":{"allow":["GET"]}}],"collection":[{"href":"https:\/\/alpen-markt.ch\/fr\/wp-json\/wp\/v2\/product"}],"about":[{"href":"https:\/\/alpen-markt.ch\/fr\/wp-json\/wp\/v2\/types\/product"}],"wp:featuredmedia":[{"embeddable":true,"href":"https:\/\/alpen-markt.ch\/fr\/wp-json\/wp\/v2\/media\/3291"}],"wp:attachment":[{"href":"https:\/\/alpen-markt.ch\/fr\/wp-json\/wp\/v2\/media?parent=3290"}],"wp:term":[{"taxonomy":"product_brand","embeddable":true,"href":"https:\/\/alpen-markt.ch\/fr\/wp-json\/wp\/v2\/product_brand?post=3290"},{"taxonomy":"product_cat","embeddable":true,"href":"https:\/\/alpen-markt.ch\/fr\/wp-json\/wp\/v2\/product_cat?post=3290"},{"taxonomy":"product_tag","embeddable":true,"href":"https:\/\/alpen-markt.ch\/fr\/wp-json\/wp\/v2\/product_tag?post=3290"}],"curies":[{"name":"wp","href":"https:\/\/api.w.org\/{rel}","templated":true}]}}