{"id":3288,"date":"2025-11-25T16:50:23","date_gmt":"2025-11-25T15:50:23","guid":{"rendered":"https:\/\/alpen-markt.ch\/produkt\/aura-fiesch-savon-pour-les-mains-et-le-corps-ringelblume-souci\/"},"modified":"2025-11-25T16:50:23","modified_gmt":"2025-11-25T15:50:23","slug":"aura-fiesch-savon-pour-les-mains-et-le-corps-ringelblume-souci","status":"publish","type":"product","link":"https:\/\/alpen-markt.ch\/fr\/produkt\/aura-fiesch-savon-pour-les-mains-et-le-corps-ringelblume-souci\/","title":{"rendered":"Aura Fiesch &#8211; Savon pour les mains et le corps \u00ab Ringelblume \u00bb (souci)"},"content":{"rendered":"<p>On les sent : les herbes, fleurs et plantes cueillies et transform\u00e9es \u00e0 la main dans les cosm\u00e9tiques fabriqu\u00e9s avec amour par Aura Fiesch.<\/p>\n<p>Les savons naturels d&rsquo;Aura-Fiesch sont tous fabriqu\u00e9s \u00e0 la main. La fabricante, Barbora Truffer, cultive elle-m\u00eame les herbes et en tire des extraits huileux \/ mac\u00e9rats de grande qualit\u00e9, qu&rsquo;elle transforme ensuite en savons naturels.<\/p>\n<p>Un savon naturel pur, v\u00e9g\u00e9talien, m\u00e9lang\u00e9 \u00e0 froid. Avec de v\u00e9ritables fleurs de souci, de l&rsquo;huile d&rsquo;olive, de noix de coco et de colza nourrissante, sans ajout de parfum ni de colorant. Le savon au souci est id\u00e9al pour les peaux s\u00e8ches et sensibles (\u00e9galement pour les enfants). La puissance pure du souci.   <\/p>\n<p>Ingr\u00e9dients : AQUA, EXTRAIT DE FLEUR DE CALENDULA OFFICINALIS, OLIVATE DE SODIUM, COCOATE DE SODIUM, CASTORATE DE SODIUM, RAPESEEDATE DE SODIUM, FLEUR DE CALENDULA OFFICINALIS<\/p>\n","protected":false},"excerpt":{"rendered":"<p>On les sent : les herbes, fleurs et plantes cueillies et transform\u00e9es \u00e0 la main dans les cosm\u00e9tiques fabriqu\u00e9s avec amour par Aura Fiesch. Les savons naturels d&rsquo;Aura-Fiesch sont tous fabriqu\u00e9s \u00e0 la main. La fabricante, Barbora Truffer, cultive elle-m\u00eame les herbes et en tire des extraits huileux \/ mac\u00e9rats de grande qualit\u00e9, qu&rsquo;elle transforme [&hellip;]<\/p>\n","protected":false},"featured_media":3289,"template":"","meta":[],"product_brand":[],"product_cat":[78],"product_tag":[],"class_list":{"0":"post-3288","1":"product","2":"type-product","3":"status-publish","4":"has-post-thumbnail","6":"product_cat-fraicheur-des-montagnes-cosmetiques-alpines","8":"first","9":"instock","10":"taxable","11":"shipping-taxable","12":"purchasable","13":"product-type-simple"},"yoast_head":"<!-- This site is optimized with the Yoast SEO plugin v27.4 - https:\/\/yoast.com\/product\/yoast-seo-wordpress\/ -->\n<title>Aura Fiesch - Savon pour les mains et le corps \u00ab Ringelblume \u00bb (souci) - Alpenmarkt<\/title>\n<meta name=\"robots\" content=\"index, follow, max-snippet:-1, max-image-preview:large, max-video-preview:-1\" \/>\n<link rel=\"canonical\" href=\"https:\/\/alpen-markt.ch\/fr\/produkt\/aura-fiesch-savon-pour-les-mains-et-le-corps-ringelblume-souci\/\" \/>\n<meta property=\"og:locale\" content=\"fr_FR\" \/>\n<meta property=\"og:type\" content=\"article\" \/>\n<meta property=\"og:title\" content=\"Aura Fiesch - Savon pour les mains et le corps \u00ab Ringelblume \u00bb (souci) - Alpenmarkt\" \/>\n<meta property=\"og:description\" content=\"On les sent : les herbes, fleurs et plantes cueillies et transform\u00e9es \u00e0 la main dans les cosm\u00e9tiques fabriqu\u00e9s avec amour par Aura Fiesch. Les savons naturels d&rsquo;Aura-Fiesch sont tous fabriqu\u00e9s \u00e0 la main. La fabricante, Barbora Truffer, cultive elle-m\u00eame les herbes et en tire des extraits huileux \/ mac\u00e9rats de grande qualit\u00e9, qu&rsquo;elle transforme [&hellip;]\" \/>\n<meta property=\"og:url\" content=\"https:\/\/alpen-markt.ch\/fr\/produkt\/aura-fiesch-savon-pour-les-mains-et-le-corps-ringelblume-souci\/\" \/>\n<meta property=\"og:site_name\" content=\"Alpenmarkt\" \/>\n<meta property=\"og:image\" content=\"https:\/\/alpen-markt.ch\/wp-content\/uploads\/2025\/11\/bb6a9e69-97c4-4916-9f10-63ec88e2aa8e.png\" \/>\n\t<meta property=\"og:image:width\" content=\"500\" \/>\n\t<meta property=\"og:image:height\" content=\"500\" \/>\n\t<meta property=\"og:image:type\" content=\"image\/png\" \/>\n<meta name=\"twitter:card\" content=\"summary_large_image\" \/>\n<meta name=\"twitter:label1\" content=\"Dur\u00e9e de lecture estim\u00e9e\" \/>\n\t<meta name=\"twitter:data1\" content=\"1 minute\" \/>\n<script type=\"application\/ld+json\" class=\"yoast-schema-graph\">{\"@context\":\"https:\\\/\\\/schema.org\",\"@graph\":[{\"@type\":\"WebPage\",\"@id\":\"https:\\\/\\\/alpen-markt.ch\\\/fr\\\/produkt\\\/aura-fiesch-savon-pour-les-mains-et-le-corps-ringelblume-souci\\\/\",\"url\":\"https:\\\/\\\/alpen-markt.ch\\\/fr\\\/produkt\\\/aura-fiesch-savon-pour-les-mains-et-le-corps-ringelblume-souci\\\/\",\"name\":\"Aura Fiesch - Savon pour les mains et le corps \u00ab Ringelblume \u00bb (souci) - Alpenmarkt\",\"isPartOf\":{\"@id\":\"https:\\\/\\\/alpen-markt.ch\\\/fr\\\/#website\"},\"primaryImageOfPage\":{\"@id\":\"https:\\\/\\\/alpen-markt.ch\\\/fr\\\/produkt\\\/aura-fiesch-savon-pour-les-mains-et-le-corps-ringelblume-souci\\\/#primaryimage\"},\"image\":{\"@id\":\"https:\\\/\\\/alpen-markt.ch\\\/fr\\\/produkt\\\/aura-fiesch-savon-pour-les-mains-et-le-corps-ringelblume-souci\\\/#primaryimage\"},\"thumbnailUrl\":\"https:\\\/\\\/alpen-markt.ch\\\/wp-content\\\/uploads\\\/2025\\\/11\\\/bb6a9e69-97c4-4916-9f10-63ec88e2aa8e.png\",\"datePublished\":\"2025-11-25T15:50:23+00:00\",\"breadcrumb\":{\"@id\":\"https:\\\/\\\/alpen-markt.ch\\\/fr\\\/produkt\\\/aura-fiesch-savon-pour-les-mains-et-le-corps-ringelblume-souci\\\/#breadcrumb\"},\"inLanguage\":\"fr-FR\",\"potentialAction\":[{\"@type\":\"ReadAction\",\"target\":[\"https:\\\/\\\/alpen-markt.ch\\\/fr\\\/produkt\\\/aura-fiesch-savon-pour-les-mains-et-le-corps-ringelblume-souci\\\/\"]}]},{\"@type\":\"ImageObject\",\"inLanguage\":\"fr-FR\",\"@id\":\"https:\\\/\\\/alpen-markt.ch\\\/fr\\\/produkt\\\/aura-fiesch-savon-pour-les-mains-et-le-corps-ringelblume-souci\\\/#primaryimage\",\"url\":\"https:\\\/\\\/alpen-markt.ch\\\/wp-content\\\/uploads\\\/2025\\\/11\\\/bb6a9e69-97c4-4916-9f10-63ec88e2aa8e.png\",\"contentUrl\":\"https:\\\/\\\/alpen-markt.ch\\\/wp-content\\\/uploads\\\/2025\\\/11\\\/bb6a9e69-97c4-4916-9f10-63ec88e2aa8e.png\",\"width\":500,\"height\":500},{\"@type\":\"BreadcrumbList\",\"@id\":\"https:\\\/\\\/alpen-markt.ch\\\/fr\\\/produkt\\\/aura-fiesch-savon-pour-les-mains-et-le-corps-ringelblume-souci\\\/#breadcrumb\",\"itemListElement\":[{\"@type\":\"ListItem\",\"position\":1,\"name\":\"Startseite\",\"item\":\"https:\\\/\\\/alpen-markt.ch\\\/fr\\\/home\\\/\"},{\"@type\":\"ListItem\",\"position\":2,\"name\":\"Boutique en ligne\",\"item\":\"https:\\\/\\\/alpen-markt.ch\\\/fr\\\/boutique-en-ligne\\\/\"},{\"@type\":\"ListItem\",\"position\":3,\"name\":\"Aura Fiesch &#8211; Savon pour les mains et le corps \u00ab Ringelblume \u00bb (souci)\"}]},{\"@type\":\"WebSite\",\"@id\":\"https:\\\/\\\/alpen-markt.ch\\\/fr\\\/#website\",\"url\":\"https:\\\/\\\/alpen-markt.ch\\\/fr\\\/\",\"name\":\"Alpenmarkt\",\"description\":\"\",\"publisher\":{\"@id\":\"https:\\\/\\\/alpen-markt.ch\\\/fr\\\/#organization\"},\"potentialAction\":[{\"@type\":\"SearchAction\",\"target\":{\"@type\":\"EntryPoint\",\"urlTemplate\":\"https:\\\/\\\/alpen-markt.ch\\\/fr\\\/?s={search_term_string}\"},\"query-input\":{\"@type\":\"PropertyValueSpecification\",\"valueRequired\":true,\"valueName\":\"search_term_string\"}}],\"inLanguage\":\"fr-FR\"},{\"@type\":\"Organization\",\"@id\":\"https:\\\/\\\/alpen-markt.ch\\\/fr\\\/#organization\",\"name\":\"Alpenmarkt\",\"url\":\"https:\\\/\\\/alpen-markt.ch\\\/fr\\\/\",\"logo\":{\"@type\":\"ImageObject\",\"inLanguage\":\"fr-FR\",\"@id\":\"https:\\\/\\\/alpen-markt.ch\\\/fr\\\/#\\\/schema\\\/logo\\\/image\\\/\",\"url\":\"https:\\\/\\\/alpen-markt.ch\\\/wp-content\\\/uploads\\\/2025\\\/11\\\/logo-alpenmarkt.png\",\"contentUrl\":\"https:\\\/\\\/alpen-markt.ch\\\/wp-content\\\/uploads\\\/2025\\\/11\\\/logo-alpenmarkt.png\",\"width\":1048,\"height\":452,\"caption\":\"Alpenmarkt\"},\"image\":{\"@id\":\"https:\\\/\\\/alpen-markt.ch\\\/fr\\\/#\\\/schema\\\/logo\\\/image\\\/\"}}]}<\/script>\n<!-- \/ Yoast SEO plugin. -->","yoast_head_json":{"title":"Aura Fiesch - Savon pour les mains et le corps \u00ab Ringelblume \u00bb (souci) - Alpenmarkt","robots":{"index":"index","follow":"follow","max-snippet":"max-snippet:-1","max-image-preview":"max-image-preview:large","max-video-preview":"max-video-preview:-1"},"canonical":"https:\/\/alpen-markt.ch\/fr\/produkt\/aura-fiesch-savon-pour-les-mains-et-le-corps-ringelblume-souci\/","og_locale":"fr_FR","og_type":"article","og_title":"Aura Fiesch - Savon pour les mains et le corps \u00ab Ringelblume \u00bb (souci) - Alpenmarkt","og_description":"On les sent : les herbes, fleurs et plantes cueillies et transform\u00e9es \u00e0 la main dans les cosm\u00e9tiques fabriqu\u00e9s avec amour par Aura Fiesch. Les savons naturels d&rsquo;Aura-Fiesch sont tous fabriqu\u00e9s \u00e0 la main. La fabricante, Barbora Truffer, cultive elle-m\u00eame les herbes et en tire des extraits huileux \/ mac\u00e9rats de grande qualit\u00e9, qu&rsquo;elle transforme [&hellip;]","og_url":"https:\/\/alpen-markt.ch\/fr\/produkt\/aura-fiesch-savon-pour-les-mains-et-le-corps-ringelblume-souci\/","og_site_name":"Alpenmarkt","og_image":[{"width":500,"height":500,"url":"https:\/\/alpen-markt.ch\/wp-content\/uploads\/2025\/11\/bb6a9e69-97c4-4916-9f10-63ec88e2aa8e.png","type":"image\/png"}],"twitter_card":"summary_large_image","twitter_misc":{"Dur\u00e9e de lecture estim\u00e9e":"1 minute"},"schema":{"@context":"https:\/\/schema.org","@graph":[{"@type":"WebPage","@id":"https:\/\/alpen-markt.ch\/fr\/produkt\/aura-fiesch-savon-pour-les-mains-et-le-corps-ringelblume-souci\/","url":"https:\/\/alpen-markt.ch\/fr\/produkt\/aura-fiesch-savon-pour-les-mains-et-le-corps-ringelblume-souci\/","name":"Aura Fiesch - Savon pour les mains et le corps \u00ab Ringelblume \u00bb (souci) - Alpenmarkt","isPartOf":{"@id":"https:\/\/alpen-markt.ch\/fr\/#website"},"primaryImageOfPage":{"@id":"https:\/\/alpen-markt.ch\/fr\/produkt\/aura-fiesch-savon-pour-les-mains-et-le-corps-ringelblume-souci\/#primaryimage"},"image":{"@id":"https:\/\/alpen-markt.ch\/fr\/produkt\/aura-fiesch-savon-pour-les-mains-et-le-corps-ringelblume-souci\/#primaryimage"},"thumbnailUrl":"https:\/\/alpen-markt.ch\/wp-content\/uploads\/2025\/11\/bb6a9e69-97c4-4916-9f10-63ec88e2aa8e.png","datePublished":"2025-11-25T15:50:23+00:00","breadcrumb":{"@id":"https:\/\/alpen-markt.ch\/fr\/produkt\/aura-fiesch-savon-pour-les-mains-et-le-corps-ringelblume-souci\/#breadcrumb"},"inLanguage":"fr-FR","potentialAction":[{"@type":"ReadAction","target":["https:\/\/alpen-markt.ch\/fr\/produkt\/aura-fiesch-savon-pour-les-mains-et-le-corps-ringelblume-souci\/"]}]},{"@type":"ImageObject","inLanguage":"fr-FR","@id":"https:\/\/alpen-markt.ch\/fr\/produkt\/aura-fiesch-savon-pour-les-mains-et-le-corps-ringelblume-souci\/#primaryimage","url":"https:\/\/alpen-markt.ch\/wp-content\/uploads\/2025\/11\/bb6a9e69-97c4-4916-9f10-63ec88e2aa8e.png","contentUrl":"https:\/\/alpen-markt.ch\/wp-content\/uploads\/2025\/11\/bb6a9e69-97c4-4916-9f10-63ec88e2aa8e.png","width":500,"height":500},{"@type":"BreadcrumbList","@id":"https:\/\/alpen-markt.ch\/fr\/produkt\/aura-fiesch-savon-pour-les-mains-et-le-corps-ringelblume-souci\/#breadcrumb","itemListElement":[{"@type":"ListItem","position":1,"name":"Startseite","item":"https:\/\/alpen-markt.ch\/fr\/home\/"},{"@type":"ListItem","position":2,"name":"Boutique en ligne","item":"https:\/\/alpen-markt.ch\/fr\/boutique-en-ligne\/"},{"@type":"ListItem","position":3,"name":"Aura Fiesch &#8211; Savon pour les mains et le corps \u00ab Ringelblume \u00bb (souci)"}]},{"@type":"WebSite","@id":"https:\/\/alpen-markt.ch\/fr\/#website","url":"https:\/\/alpen-markt.ch\/fr\/","name":"Alpenmarkt","description":"","publisher":{"@id":"https:\/\/alpen-markt.ch\/fr\/#organization"},"potentialAction":[{"@type":"SearchAction","target":{"@type":"EntryPoint","urlTemplate":"https:\/\/alpen-markt.ch\/fr\/?s={search_term_string}"},"query-input":{"@type":"PropertyValueSpecification","valueRequired":true,"valueName":"search_term_string"}}],"inLanguage":"fr-FR"},{"@type":"Organization","@id":"https:\/\/alpen-markt.ch\/fr\/#organization","name":"Alpenmarkt","url":"https:\/\/alpen-markt.ch\/fr\/","logo":{"@type":"ImageObject","inLanguage":"fr-FR","@id":"https:\/\/alpen-markt.ch\/fr\/#\/schema\/logo\/image\/","url":"https:\/\/alpen-markt.ch\/wp-content\/uploads\/2025\/11\/logo-alpenmarkt.png","contentUrl":"https:\/\/alpen-markt.ch\/wp-content\/uploads\/2025\/11\/logo-alpenmarkt.png","width":1048,"height":452,"caption":"Alpenmarkt"},"image":{"@id":"https:\/\/alpen-markt.ch\/fr\/#\/schema\/logo\/image\/"}}]}},"_links":{"self":[{"href":"https:\/\/alpen-markt.ch\/fr\/wp-json\/wp\/v2\/product\/3288","targetHints":{"allow":["GET"]}}],"collection":[{"href":"https:\/\/alpen-markt.ch\/fr\/wp-json\/wp\/v2\/product"}],"about":[{"href":"https:\/\/alpen-markt.ch\/fr\/wp-json\/wp\/v2\/types\/product"}],"wp:featuredmedia":[{"embeddable":true,"href":"https:\/\/alpen-markt.ch\/fr\/wp-json\/wp\/v2\/media\/3289"}],"wp:attachment":[{"href":"https:\/\/alpen-markt.ch\/fr\/wp-json\/wp\/v2\/media?parent=3288"}],"wp:term":[{"taxonomy":"product_brand","embeddable":true,"href":"https:\/\/alpen-markt.ch\/fr\/wp-json\/wp\/v2\/product_brand?post=3288"},{"taxonomy":"product_cat","embeddable":true,"href":"https:\/\/alpen-markt.ch\/fr\/wp-json\/wp\/v2\/product_cat?post=3288"},{"taxonomy":"product_tag","embeddable":true,"href":"https:\/\/alpen-markt.ch\/fr\/wp-json\/wp\/v2\/product_tag?post=3288"}],"curies":[{"name":"wp","href":"https:\/\/api.w.org\/{rel}","templated":true}]}}