{"id":3284,"date":"2025-11-25T16:50:23","date_gmt":"2025-11-25T15:50:23","guid":{"rendered":"https:\/\/alpen-markt.ch\/produkt\/aura-fiesch-alpenrose-creme-pour-les-mains-et-creme-pour-les-pieds\/"},"modified":"2025-11-25T16:50:23","modified_gmt":"2025-11-25T15:50:23","slug":"aura-fiesch-alpenrose-creme-pour-les-mains-et-creme-pour-les-pieds","status":"publish","type":"product","link":"https:\/\/alpen-markt.ch\/fr\/produkt\/aura-fiesch-alpenrose-creme-pour-les-mains-et-creme-pour-les-pieds\/","title":{"rendered":"Aura Fiesch &#8211; \u00ab Alpenrose \u00bb Cr\u00e8me pour les mains &#8211; et cr\u00e8me pour les pieds"},"content":{"rendered":"<p>Cr\u00e8me l\u00e9g\u00e8re hydratante d&rsquo;AURA FIESCH pour des mains et des pieds bien soign\u00e9s. La cire d&rsquo;abeille riche et la pr\u00e9cieuse huile de rose sauvage bio r\u00e9parent les zones rugueuses et favorisent la r\u00e9g\u00e9n\u00e9ration de la peau. L&rsquo;huile de ricin bio apporte une souplesse particuli\u00e8re aux cuticules sensibles. Les parfums vivifiants de rose de Damas, de n\u00e9nuphar et de lavande de montagne font de ce moment de soin un v\u00e9ritable plaisir.   <\/p>\n<p>ingr\u00e9dients:<br \/>\nAQUA, SIMMONDSIA CHINENSIS, SEED OIL, PENTYLENE GLYCOL, GLYCERILE STEARATE, CITRATE, ROSA DAMASCENA, FLOWER WATER, CETEARYL, ALCOHOL, ROSA CANINA FRUIT OIL, PARFUM, XANTHAN GUM, GLYCERIN, SUCROSE<\/p>\n","protected":false},"excerpt":{"rendered":"<p>Cr\u00e8me l\u00e9g\u00e8re hydratante d&rsquo;AURA FIESCH pour des mains et des pieds bien soign\u00e9s. La cire d&rsquo;abeille riche et la pr\u00e9cieuse huile de rose sauvage bio r\u00e9parent les zones rugueuses et favorisent la r\u00e9g\u00e9n\u00e9ration de la peau. L&rsquo;huile de ricin bio apporte une souplesse particuli\u00e8re aux cuticules sensibles. Les parfums vivifiants de rose de Damas, de [&hellip;]<\/p>\n","protected":false},"featured_media":3285,"template":"","meta":[],"product_brand":[],"product_cat":[78],"product_tag":[],"class_list":{"0":"post-3284","1":"product","2":"type-product","3":"status-publish","4":"has-post-thumbnail","6":"product_cat-fraicheur-des-montagnes-cosmetiques-alpines","8":"first","9":"instock","10":"taxable","11":"shipping-taxable","12":"purchasable","13":"product-type-simple"},"yoast_head":"<!-- This site is optimized with the Yoast SEO plugin v27.4 - https:\/\/yoast.com\/product\/yoast-seo-wordpress\/ -->\n<title>Aura Fiesch - \u00ab Alpenrose \u00bb Cr\u00e8me pour les mains - et cr\u00e8me pour les pieds - Alpenmarkt<\/title>\n<meta name=\"robots\" content=\"index, follow, max-snippet:-1, max-image-preview:large, max-video-preview:-1\" \/>\n<link rel=\"canonical\" href=\"https:\/\/alpen-markt.ch\/fr\/produkt\/aura-fiesch-alpenrose-creme-pour-les-mains-et-creme-pour-les-pieds\/\" \/>\n<meta property=\"og:locale\" content=\"fr_FR\" \/>\n<meta property=\"og:type\" content=\"article\" \/>\n<meta property=\"og:title\" content=\"Aura Fiesch - \u00ab Alpenrose \u00bb Cr\u00e8me pour les mains - et cr\u00e8me pour les pieds - Alpenmarkt\" \/>\n<meta property=\"og:description\" content=\"Cr\u00e8me l\u00e9g\u00e8re hydratante d&rsquo;AURA FIESCH pour des mains et des pieds bien soign\u00e9s. La cire d&rsquo;abeille riche et la pr\u00e9cieuse huile de rose sauvage bio r\u00e9parent les zones rugueuses et favorisent la r\u00e9g\u00e9n\u00e9ration de la peau. L&rsquo;huile de ricin bio apporte une souplesse particuli\u00e8re aux cuticules sensibles. Les parfums vivifiants de rose de Damas, de [&hellip;]\" \/>\n<meta property=\"og:url\" content=\"https:\/\/alpen-markt.ch\/fr\/produkt\/aura-fiesch-alpenrose-creme-pour-les-mains-et-creme-pour-les-pieds\/\" \/>\n<meta property=\"og:site_name\" content=\"Alpenmarkt\" \/>\n<meta property=\"og:image\" content=\"https:\/\/alpen-markt.ch\/wp-content\/uploads\/2025\/11\/c8606b47-d9b8-47ad-9c8b-031dd0044a34.png\" \/>\n\t<meta property=\"og:image:width\" content=\"500\" \/>\n\t<meta property=\"og:image:height\" content=\"500\" \/>\n\t<meta property=\"og:image:type\" content=\"image\/png\" \/>\n<meta name=\"twitter:card\" content=\"summary_large_image\" \/>\n<meta name=\"twitter:label1\" content=\"Dur\u00e9e de lecture estim\u00e9e\" \/>\n\t<meta name=\"twitter:data1\" content=\"1 minute\" \/>\n<script type=\"application\/ld+json\" class=\"yoast-schema-graph\">{\"@context\":\"https:\\\/\\\/schema.org\",\"@graph\":[{\"@type\":\"WebPage\",\"@id\":\"https:\\\/\\\/alpen-markt.ch\\\/fr\\\/produkt\\\/aura-fiesch-alpenrose-creme-pour-les-mains-et-creme-pour-les-pieds\\\/\",\"url\":\"https:\\\/\\\/alpen-markt.ch\\\/fr\\\/produkt\\\/aura-fiesch-alpenrose-creme-pour-les-mains-et-creme-pour-les-pieds\\\/\",\"name\":\"Aura Fiesch - \u00ab Alpenrose \u00bb Cr\u00e8me pour les mains - et cr\u00e8me pour les pieds - Alpenmarkt\",\"isPartOf\":{\"@id\":\"https:\\\/\\\/alpen-markt.ch\\\/fr\\\/#website\"},\"primaryImageOfPage\":{\"@id\":\"https:\\\/\\\/alpen-markt.ch\\\/fr\\\/produkt\\\/aura-fiesch-alpenrose-creme-pour-les-mains-et-creme-pour-les-pieds\\\/#primaryimage\"},\"image\":{\"@id\":\"https:\\\/\\\/alpen-markt.ch\\\/fr\\\/produkt\\\/aura-fiesch-alpenrose-creme-pour-les-mains-et-creme-pour-les-pieds\\\/#primaryimage\"},\"thumbnailUrl\":\"https:\\\/\\\/alpen-markt.ch\\\/wp-content\\\/uploads\\\/2025\\\/11\\\/c8606b47-d9b8-47ad-9c8b-031dd0044a34.png\",\"datePublished\":\"2025-11-25T15:50:23+00:00\",\"breadcrumb\":{\"@id\":\"https:\\\/\\\/alpen-markt.ch\\\/fr\\\/produkt\\\/aura-fiesch-alpenrose-creme-pour-les-mains-et-creme-pour-les-pieds\\\/#breadcrumb\"},\"inLanguage\":\"fr-FR\",\"potentialAction\":[{\"@type\":\"ReadAction\",\"target\":[\"https:\\\/\\\/alpen-markt.ch\\\/fr\\\/produkt\\\/aura-fiesch-alpenrose-creme-pour-les-mains-et-creme-pour-les-pieds\\\/\"]}]},{\"@type\":\"ImageObject\",\"inLanguage\":\"fr-FR\",\"@id\":\"https:\\\/\\\/alpen-markt.ch\\\/fr\\\/produkt\\\/aura-fiesch-alpenrose-creme-pour-les-mains-et-creme-pour-les-pieds\\\/#primaryimage\",\"url\":\"https:\\\/\\\/alpen-markt.ch\\\/wp-content\\\/uploads\\\/2025\\\/11\\\/c8606b47-d9b8-47ad-9c8b-031dd0044a34.png\",\"contentUrl\":\"https:\\\/\\\/alpen-markt.ch\\\/wp-content\\\/uploads\\\/2025\\\/11\\\/c8606b47-d9b8-47ad-9c8b-031dd0044a34.png\",\"width\":500,\"height\":500},{\"@type\":\"BreadcrumbList\",\"@id\":\"https:\\\/\\\/alpen-markt.ch\\\/fr\\\/produkt\\\/aura-fiesch-alpenrose-creme-pour-les-mains-et-creme-pour-les-pieds\\\/#breadcrumb\",\"itemListElement\":[{\"@type\":\"ListItem\",\"position\":1,\"name\":\"Startseite\",\"item\":\"https:\\\/\\\/alpen-markt.ch\\\/fr\\\/home\\\/\"},{\"@type\":\"ListItem\",\"position\":2,\"name\":\"Boutique en ligne\",\"item\":\"https:\\\/\\\/alpen-markt.ch\\\/fr\\\/boutique-en-ligne\\\/\"},{\"@type\":\"ListItem\",\"position\":3,\"name\":\"Aura Fiesch &#8211; \u00ab Alpenrose \u00bb Cr\u00e8me pour les mains &#8211; et cr\u00e8me pour les pieds\"}]},{\"@type\":\"WebSite\",\"@id\":\"https:\\\/\\\/alpen-markt.ch\\\/fr\\\/#website\",\"url\":\"https:\\\/\\\/alpen-markt.ch\\\/fr\\\/\",\"name\":\"Alpenmarkt\",\"description\":\"\",\"publisher\":{\"@id\":\"https:\\\/\\\/alpen-markt.ch\\\/fr\\\/#organization\"},\"potentialAction\":[{\"@type\":\"SearchAction\",\"target\":{\"@type\":\"EntryPoint\",\"urlTemplate\":\"https:\\\/\\\/alpen-markt.ch\\\/fr\\\/?s={search_term_string}\"},\"query-input\":{\"@type\":\"PropertyValueSpecification\",\"valueRequired\":true,\"valueName\":\"search_term_string\"}}],\"inLanguage\":\"fr-FR\"},{\"@type\":\"Organization\",\"@id\":\"https:\\\/\\\/alpen-markt.ch\\\/fr\\\/#organization\",\"name\":\"Alpenmarkt\",\"url\":\"https:\\\/\\\/alpen-markt.ch\\\/fr\\\/\",\"logo\":{\"@type\":\"ImageObject\",\"inLanguage\":\"fr-FR\",\"@id\":\"https:\\\/\\\/alpen-markt.ch\\\/fr\\\/#\\\/schema\\\/logo\\\/image\\\/\",\"url\":\"https:\\\/\\\/alpen-markt.ch\\\/wp-content\\\/uploads\\\/2025\\\/11\\\/logo-alpenmarkt.png\",\"contentUrl\":\"https:\\\/\\\/alpen-markt.ch\\\/wp-content\\\/uploads\\\/2025\\\/11\\\/logo-alpenmarkt.png\",\"width\":1048,\"height\":452,\"caption\":\"Alpenmarkt\"},\"image\":{\"@id\":\"https:\\\/\\\/alpen-markt.ch\\\/fr\\\/#\\\/schema\\\/logo\\\/image\\\/\"}}]}<\/script>\n<!-- \/ Yoast SEO plugin. -->","yoast_head_json":{"title":"Aura Fiesch - \u00ab Alpenrose \u00bb Cr\u00e8me pour les mains - et cr\u00e8me pour les pieds - Alpenmarkt","robots":{"index":"index","follow":"follow","max-snippet":"max-snippet:-1","max-image-preview":"max-image-preview:large","max-video-preview":"max-video-preview:-1"},"canonical":"https:\/\/alpen-markt.ch\/fr\/produkt\/aura-fiesch-alpenrose-creme-pour-les-mains-et-creme-pour-les-pieds\/","og_locale":"fr_FR","og_type":"article","og_title":"Aura Fiesch - \u00ab Alpenrose \u00bb Cr\u00e8me pour les mains - et cr\u00e8me pour les pieds - Alpenmarkt","og_description":"Cr\u00e8me l\u00e9g\u00e8re hydratante d&rsquo;AURA FIESCH pour des mains et des pieds bien soign\u00e9s. La cire d&rsquo;abeille riche et la pr\u00e9cieuse huile de rose sauvage bio r\u00e9parent les zones rugueuses et favorisent la r\u00e9g\u00e9n\u00e9ration de la peau. L&rsquo;huile de ricin bio apporte une souplesse particuli\u00e8re aux cuticules sensibles. Les parfums vivifiants de rose de Damas, de [&hellip;]","og_url":"https:\/\/alpen-markt.ch\/fr\/produkt\/aura-fiesch-alpenrose-creme-pour-les-mains-et-creme-pour-les-pieds\/","og_site_name":"Alpenmarkt","og_image":[{"width":500,"height":500,"url":"https:\/\/alpen-markt.ch\/wp-content\/uploads\/2025\/11\/c8606b47-d9b8-47ad-9c8b-031dd0044a34.png","type":"image\/png"}],"twitter_card":"summary_large_image","twitter_misc":{"Dur\u00e9e de lecture estim\u00e9e":"1 minute"},"schema":{"@context":"https:\/\/schema.org","@graph":[{"@type":"WebPage","@id":"https:\/\/alpen-markt.ch\/fr\/produkt\/aura-fiesch-alpenrose-creme-pour-les-mains-et-creme-pour-les-pieds\/","url":"https:\/\/alpen-markt.ch\/fr\/produkt\/aura-fiesch-alpenrose-creme-pour-les-mains-et-creme-pour-les-pieds\/","name":"Aura Fiesch - \u00ab Alpenrose \u00bb Cr\u00e8me pour les mains - et cr\u00e8me pour les pieds - Alpenmarkt","isPartOf":{"@id":"https:\/\/alpen-markt.ch\/fr\/#website"},"primaryImageOfPage":{"@id":"https:\/\/alpen-markt.ch\/fr\/produkt\/aura-fiesch-alpenrose-creme-pour-les-mains-et-creme-pour-les-pieds\/#primaryimage"},"image":{"@id":"https:\/\/alpen-markt.ch\/fr\/produkt\/aura-fiesch-alpenrose-creme-pour-les-mains-et-creme-pour-les-pieds\/#primaryimage"},"thumbnailUrl":"https:\/\/alpen-markt.ch\/wp-content\/uploads\/2025\/11\/c8606b47-d9b8-47ad-9c8b-031dd0044a34.png","datePublished":"2025-11-25T15:50:23+00:00","breadcrumb":{"@id":"https:\/\/alpen-markt.ch\/fr\/produkt\/aura-fiesch-alpenrose-creme-pour-les-mains-et-creme-pour-les-pieds\/#breadcrumb"},"inLanguage":"fr-FR","potentialAction":[{"@type":"ReadAction","target":["https:\/\/alpen-markt.ch\/fr\/produkt\/aura-fiesch-alpenrose-creme-pour-les-mains-et-creme-pour-les-pieds\/"]}]},{"@type":"ImageObject","inLanguage":"fr-FR","@id":"https:\/\/alpen-markt.ch\/fr\/produkt\/aura-fiesch-alpenrose-creme-pour-les-mains-et-creme-pour-les-pieds\/#primaryimage","url":"https:\/\/alpen-markt.ch\/wp-content\/uploads\/2025\/11\/c8606b47-d9b8-47ad-9c8b-031dd0044a34.png","contentUrl":"https:\/\/alpen-markt.ch\/wp-content\/uploads\/2025\/11\/c8606b47-d9b8-47ad-9c8b-031dd0044a34.png","width":500,"height":500},{"@type":"BreadcrumbList","@id":"https:\/\/alpen-markt.ch\/fr\/produkt\/aura-fiesch-alpenrose-creme-pour-les-mains-et-creme-pour-les-pieds\/#breadcrumb","itemListElement":[{"@type":"ListItem","position":1,"name":"Startseite","item":"https:\/\/alpen-markt.ch\/fr\/home\/"},{"@type":"ListItem","position":2,"name":"Boutique en ligne","item":"https:\/\/alpen-markt.ch\/fr\/boutique-en-ligne\/"},{"@type":"ListItem","position":3,"name":"Aura Fiesch &#8211; \u00ab Alpenrose \u00bb Cr\u00e8me pour les mains &#8211; et cr\u00e8me pour les pieds"}]},{"@type":"WebSite","@id":"https:\/\/alpen-markt.ch\/fr\/#website","url":"https:\/\/alpen-markt.ch\/fr\/","name":"Alpenmarkt","description":"","publisher":{"@id":"https:\/\/alpen-markt.ch\/fr\/#organization"},"potentialAction":[{"@type":"SearchAction","target":{"@type":"EntryPoint","urlTemplate":"https:\/\/alpen-markt.ch\/fr\/?s={search_term_string}"},"query-input":{"@type":"PropertyValueSpecification","valueRequired":true,"valueName":"search_term_string"}}],"inLanguage":"fr-FR"},{"@type":"Organization","@id":"https:\/\/alpen-markt.ch\/fr\/#organization","name":"Alpenmarkt","url":"https:\/\/alpen-markt.ch\/fr\/","logo":{"@type":"ImageObject","inLanguage":"fr-FR","@id":"https:\/\/alpen-markt.ch\/fr\/#\/schema\/logo\/image\/","url":"https:\/\/alpen-markt.ch\/wp-content\/uploads\/2025\/11\/logo-alpenmarkt.png","contentUrl":"https:\/\/alpen-markt.ch\/wp-content\/uploads\/2025\/11\/logo-alpenmarkt.png","width":1048,"height":452,"caption":"Alpenmarkt"},"image":{"@id":"https:\/\/alpen-markt.ch\/fr\/#\/schema\/logo\/image\/"}}]}},"_links":{"self":[{"href":"https:\/\/alpen-markt.ch\/fr\/wp-json\/wp\/v2\/product\/3284","targetHints":{"allow":["GET"]}}],"collection":[{"href":"https:\/\/alpen-markt.ch\/fr\/wp-json\/wp\/v2\/product"}],"about":[{"href":"https:\/\/alpen-markt.ch\/fr\/wp-json\/wp\/v2\/types\/product"}],"wp:featuredmedia":[{"embeddable":true,"href":"https:\/\/alpen-markt.ch\/fr\/wp-json\/wp\/v2\/media\/3285"}],"wp:attachment":[{"href":"https:\/\/alpen-markt.ch\/fr\/wp-json\/wp\/v2\/media?parent=3284"}],"wp:term":[{"taxonomy":"product_brand","embeddable":true,"href":"https:\/\/alpen-markt.ch\/fr\/wp-json\/wp\/v2\/product_brand?post=3284"},{"taxonomy":"product_cat","embeddable":true,"href":"https:\/\/alpen-markt.ch\/fr\/wp-json\/wp\/v2\/product_cat?post=3284"},{"taxonomy":"product_tag","embeddable":true,"href":"https:\/\/alpen-markt.ch\/fr\/wp-json\/wp\/v2\/product_tag?post=3284"}],"curies":[{"name":"wp","href":"https:\/\/api.w.org\/{rel}","templated":true}]}}