{"id":3255,"date":"2025-11-25T16:50:23","date_gmt":"2025-11-25T15:50:23","guid":{"rendered":"https:\/\/alpen-markt.ch\/produkt\/soglio-creme-pour-les-mains\/"},"modified":"2025-11-25T16:50:23","modified_gmt":"2025-11-25T15:50:23","slug":"soglio-creme-pour-les-mains","status":"publish","type":"product","link":"https:\/\/alpen-markt.ch\/fr\/produkt\/soglio-creme-pour-les-mains\/","title":{"rendered":"SOGLIO &#8211; Cr\u00e8me pour les mains"},"content":{"rendered":"<p>Cr\u00e8me l\u00e9g\u00e8re \u00e0 l&rsquo;extrait d&rsquo;edelweiss et \u00e0 l&rsquo;huile de camomille<\/p>\n<p>Cette cr\u00e8me l\u00e9g\u00e8re pour le soin quotidien des mains contient de pr\u00e9cieux extraits de camomille apaisante et d&rsquo;edelweiss protecteur des cellules. Elle pr\u00e9serve la souplesse de la peau. La cr\u00e8me prot\u00e8ge du dess\u00e8chement et d\u00e9gage un parfum discret et agr\u00e9able.  <\/p>\n<p>Ingr\u00e9dients (INCI) :<br \/>\nAqua ; Coco-Caprylate\/Caprate ; Citrate de st\u00e9arate de glyc\u00e9ryle ; Alcool de lanoline ; Alcool c\u00e9t\u00e9arylique ; \u00c9ther dicaprylylique ; Sorbitol ; Glyc\u00e9rine ; Huile de graines de Simmondsia Chinensis ; Huile de Prunus Amygdalus Dulcis ; Extrait de Leontopodium Alpinum ; Extrait de Chamomilla Recutita ; huile de germe de Zea Mays ; huile d&rsquo;\u00e9corce de Citrus Limon ; huile de germe de Triticum Vulgare ; palmitate de r\u00e9tinyle ; gomme xanthane ; acide citrique ; l\u00e9vulinate de sodium ; caprylate de glyc\u00e9ryle ; anisate de sodium ; benzoate de sodium ; sorbate de potassium ; limon\u00e8ne ; citral.<\/p>\n","protected":false},"excerpt":{"rendered":"<p>Cr\u00e8me l\u00e9g\u00e8re \u00e0 l&rsquo;extrait d&rsquo;edelweiss et \u00e0 l&rsquo;huile de camomille Cette cr\u00e8me l\u00e9g\u00e8re pour le soin quotidien des mains contient de pr\u00e9cieux extraits de camomille apaisante et d&rsquo;edelweiss protecteur des cellules. Elle pr\u00e9serve la souplesse de la peau. La cr\u00e8me prot\u00e8ge du dess\u00e8chement et d\u00e9gage un parfum discret et agr\u00e9able. Ingr\u00e9dients (INCI) : Aqua ; [&hellip;]<\/p>\n","protected":false},"featured_media":3256,"template":"","meta":[],"product_brand":[],"product_cat":[78],"product_tag":[],"class_list":{"0":"post-3255","1":"product","2":"type-product","3":"status-publish","4":"has-post-thumbnail","6":"product_cat-fraicheur-des-montagnes-cosmetiques-alpines","8":"first","9":"outofstock","10":"taxable","11":"shipping-taxable","12":"purchasable","13":"product-type-simple"},"yoast_head":"<!-- This site is optimized with the Yoast SEO plugin v27.4 - https:\/\/yoast.com\/product\/yoast-seo-wordpress\/ -->\n<title>SOGLIO - Cr\u00e8me pour les mains - Alpenmarkt<\/title>\n<meta name=\"robots\" content=\"index, follow, max-snippet:-1, max-image-preview:large, max-video-preview:-1\" \/>\n<link rel=\"canonical\" href=\"https:\/\/alpen-markt.ch\/fr\/produkt\/soglio-creme-pour-les-mains\/\" \/>\n<meta property=\"og:locale\" content=\"fr_FR\" \/>\n<meta property=\"og:type\" content=\"article\" \/>\n<meta property=\"og:title\" content=\"SOGLIO - Cr\u00e8me pour les mains - Alpenmarkt\" \/>\n<meta property=\"og:description\" content=\"Cr\u00e8me l\u00e9g\u00e8re \u00e0 l&rsquo;extrait d&rsquo;edelweiss et \u00e0 l&rsquo;huile de camomille Cette cr\u00e8me l\u00e9g\u00e8re pour le soin quotidien des mains contient de pr\u00e9cieux extraits de camomille apaisante et d&rsquo;edelweiss protecteur des cellules. Elle pr\u00e9serve la souplesse de la peau. La cr\u00e8me prot\u00e8ge du dess\u00e8chement et d\u00e9gage un parfum discret et agr\u00e9able. Ingr\u00e9dients (INCI) : Aqua ; [&hellip;]\" \/>\n<meta property=\"og:url\" content=\"https:\/\/alpen-markt.ch\/fr\/produkt\/soglio-creme-pour-les-mains\/\" \/>\n<meta property=\"og:site_name\" content=\"Alpenmarkt\" \/>\n<meta property=\"og:image\" content=\"https:\/\/alpen-markt.ch\/wp-content\/uploads\/2025\/11\/7437fd9c-d941-473b-b514-18135c394925.png\" \/>\n\t<meta property=\"og:image:width\" content=\"500\" \/>\n\t<meta property=\"og:image:height\" content=\"500\" \/>\n\t<meta property=\"og:image:type\" content=\"image\/png\" \/>\n<meta name=\"twitter:card\" content=\"summary_large_image\" \/>\n<meta name=\"twitter:label1\" content=\"Dur\u00e9e de lecture estim\u00e9e\" \/>\n\t<meta name=\"twitter:data1\" content=\"1 minute\" \/>\n<script type=\"application\/ld+json\" class=\"yoast-schema-graph\">{\"@context\":\"https:\\\/\\\/schema.org\",\"@graph\":[{\"@type\":\"WebPage\",\"@id\":\"https:\\\/\\\/alpen-markt.ch\\\/fr\\\/produkt\\\/soglio-creme-pour-les-mains\\\/\",\"url\":\"https:\\\/\\\/alpen-markt.ch\\\/fr\\\/produkt\\\/soglio-creme-pour-les-mains\\\/\",\"name\":\"SOGLIO - Cr\u00e8me pour les mains - Alpenmarkt\",\"isPartOf\":{\"@id\":\"https:\\\/\\\/alpen-markt.ch\\\/fr\\\/#website\"},\"primaryImageOfPage\":{\"@id\":\"https:\\\/\\\/alpen-markt.ch\\\/fr\\\/produkt\\\/soglio-creme-pour-les-mains\\\/#primaryimage\"},\"image\":{\"@id\":\"https:\\\/\\\/alpen-markt.ch\\\/fr\\\/produkt\\\/soglio-creme-pour-les-mains\\\/#primaryimage\"},\"thumbnailUrl\":\"https:\\\/\\\/alpen-markt.ch\\\/wp-content\\\/uploads\\\/2025\\\/11\\\/7437fd9c-d941-473b-b514-18135c394925.png\",\"datePublished\":\"2025-11-25T15:50:23+00:00\",\"breadcrumb\":{\"@id\":\"https:\\\/\\\/alpen-markt.ch\\\/fr\\\/produkt\\\/soglio-creme-pour-les-mains\\\/#breadcrumb\"},\"inLanguage\":\"fr-FR\",\"potentialAction\":[{\"@type\":\"ReadAction\",\"target\":[\"https:\\\/\\\/alpen-markt.ch\\\/fr\\\/produkt\\\/soglio-creme-pour-les-mains\\\/\"]}]},{\"@type\":\"ImageObject\",\"inLanguage\":\"fr-FR\",\"@id\":\"https:\\\/\\\/alpen-markt.ch\\\/fr\\\/produkt\\\/soglio-creme-pour-les-mains\\\/#primaryimage\",\"url\":\"https:\\\/\\\/alpen-markt.ch\\\/wp-content\\\/uploads\\\/2025\\\/11\\\/7437fd9c-d941-473b-b514-18135c394925.png\",\"contentUrl\":\"https:\\\/\\\/alpen-markt.ch\\\/wp-content\\\/uploads\\\/2025\\\/11\\\/7437fd9c-d941-473b-b514-18135c394925.png\",\"width\":500,\"height\":500},{\"@type\":\"BreadcrumbList\",\"@id\":\"https:\\\/\\\/alpen-markt.ch\\\/fr\\\/produkt\\\/soglio-creme-pour-les-mains\\\/#breadcrumb\",\"itemListElement\":[{\"@type\":\"ListItem\",\"position\":1,\"name\":\"Startseite\",\"item\":\"https:\\\/\\\/alpen-markt.ch\\\/fr\\\/home\\\/\"},{\"@type\":\"ListItem\",\"position\":2,\"name\":\"Boutique en ligne\",\"item\":\"https:\\\/\\\/alpen-markt.ch\\\/fr\\\/boutique-en-ligne\\\/\"},{\"@type\":\"ListItem\",\"position\":3,\"name\":\"SOGLIO &#8211; Cr\u00e8me pour les mains\"}]},{\"@type\":\"WebSite\",\"@id\":\"https:\\\/\\\/alpen-markt.ch\\\/fr\\\/#website\",\"url\":\"https:\\\/\\\/alpen-markt.ch\\\/fr\\\/\",\"name\":\"Alpenmarkt\",\"description\":\"\",\"publisher\":{\"@id\":\"https:\\\/\\\/alpen-markt.ch\\\/fr\\\/#organization\"},\"potentialAction\":[{\"@type\":\"SearchAction\",\"target\":{\"@type\":\"EntryPoint\",\"urlTemplate\":\"https:\\\/\\\/alpen-markt.ch\\\/fr\\\/?s={search_term_string}\"},\"query-input\":{\"@type\":\"PropertyValueSpecification\",\"valueRequired\":true,\"valueName\":\"search_term_string\"}}],\"inLanguage\":\"fr-FR\"},{\"@type\":\"Organization\",\"@id\":\"https:\\\/\\\/alpen-markt.ch\\\/fr\\\/#organization\",\"name\":\"Alpenmarkt\",\"url\":\"https:\\\/\\\/alpen-markt.ch\\\/fr\\\/\",\"logo\":{\"@type\":\"ImageObject\",\"inLanguage\":\"fr-FR\",\"@id\":\"https:\\\/\\\/alpen-markt.ch\\\/fr\\\/#\\\/schema\\\/logo\\\/image\\\/\",\"url\":\"https:\\\/\\\/alpen-markt.ch\\\/wp-content\\\/uploads\\\/2025\\\/11\\\/logo-alpenmarkt.png\",\"contentUrl\":\"https:\\\/\\\/alpen-markt.ch\\\/wp-content\\\/uploads\\\/2025\\\/11\\\/logo-alpenmarkt.png\",\"width\":1048,\"height\":452,\"caption\":\"Alpenmarkt\"},\"image\":{\"@id\":\"https:\\\/\\\/alpen-markt.ch\\\/fr\\\/#\\\/schema\\\/logo\\\/image\\\/\"}}]}<\/script>\n<!-- \/ Yoast SEO plugin. -->","yoast_head_json":{"title":"SOGLIO - Cr\u00e8me pour les mains - Alpenmarkt","robots":{"index":"index","follow":"follow","max-snippet":"max-snippet:-1","max-image-preview":"max-image-preview:large","max-video-preview":"max-video-preview:-1"},"canonical":"https:\/\/alpen-markt.ch\/fr\/produkt\/soglio-creme-pour-les-mains\/","og_locale":"fr_FR","og_type":"article","og_title":"SOGLIO - Cr\u00e8me pour les mains - Alpenmarkt","og_description":"Cr\u00e8me l\u00e9g\u00e8re \u00e0 l&rsquo;extrait d&rsquo;edelweiss et \u00e0 l&rsquo;huile de camomille Cette cr\u00e8me l\u00e9g\u00e8re pour le soin quotidien des mains contient de pr\u00e9cieux extraits de camomille apaisante et d&rsquo;edelweiss protecteur des cellules. Elle pr\u00e9serve la souplesse de la peau. La cr\u00e8me prot\u00e8ge du dess\u00e8chement et d\u00e9gage un parfum discret et agr\u00e9able. Ingr\u00e9dients (INCI) : Aqua ; [&hellip;]","og_url":"https:\/\/alpen-markt.ch\/fr\/produkt\/soglio-creme-pour-les-mains\/","og_site_name":"Alpenmarkt","og_image":[{"width":500,"height":500,"url":"https:\/\/alpen-markt.ch\/wp-content\/uploads\/2025\/11\/7437fd9c-d941-473b-b514-18135c394925.png","type":"image\/png"}],"twitter_card":"summary_large_image","twitter_misc":{"Dur\u00e9e de lecture estim\u00e9e":"1 minute"},"schema":{"@context":"https:\/\/schema.org","@graph":[{"@type":"WebPage","@id":"https:\/\/alpen-markt.ch\/fr\/produkt\/soglio-creme-pour-les-mains\/","url":"https:\/\/alpen-markt.ch\/fr\/produkt\/soglio-creme-pour-les-mains\/","name":"SOGLIO - Cr\u00e8me pour les mains - Alpenmarkt","isPartOf":{"@id":"https:\/\/alpen-markt.ch\/fr\/#website"},"primaryImageOfPage":{"@id":"https:\/\/alpen-markt.ch\/fr\/produkt\/soglio-creme-pour-les-mains\/#primaryimage"},"image":{"@id":"https:\/\/alpen-markt.ch\/fr\/produkt\/soglio-creme-pour-les-mains\/#primaryimage"},"thumbnailUrl":"https:\/\/alpen-markt.ch\/wp-content\/uploads\/2025\/11\/7437fd9c-d941-473b-b514-18135c394925.png","datePublished":"2025-11-25T15:50:23+00:00","breadcrumb":{"@id":"https:\/\/alpen-markt.ch\/fr\/produkt\/soglio-creme-pour-les-mains\/#breadcrumb"},"inLanguage":"fr-FR","potentialAction":[{"@type":"ReadAction","target":["https:\/\/alpen-markt.ch\/fr\/produkt\/soglio-creme-pour-les-mains\/"]}]},{"@type":"ImageObject","inLanguage":"fr-FR","@id":"https:\/\/alpen-markt.ch\/fr\/produkt\/soglio-creme-pour-les-mains\/#primaryimage","url":"https:\/\/alpen-markt.ch\/wp-content\/uploads\/2025\/11\/7437fd9c-d941-473b-b514-18135c394925.png","contentUrl":"https:\/\/alpen-markt.ch\/wp-content\/uploads\/2025\/11\/7437fd9c-d941-473b-b514-18135c394925.png","width":500,"height":500},{"@type":"BreadcrumbList","@id":"https:\/\/alpen-markt.ch\/fr\/produkt\/soglio-creme-pour-les-mains\/#breadcrumb","itemListElement":[{"@type":"ListItem","position":1,"name":"Startseite","item":"https:\/\/alpen-markt.ch\/fr\/home\/"},{"@type":"ListItem","position":2,"name":"Boutique en ligne","item":"https:\/\/alpen-markt.ch\/fr\/boutique-en-ligne\/"},{"@type":"ListItem","position":3,"name":"SOGLIO &#8211; Cr\u00e8me pour les mains"}]},{"@type":"WebSite","@id":"https:\/\/alpen-markt.ch\/fr\/#website","url":"https:\/\/alpen-markt.ch\/fr\/","name":"Alpenmarkt","description":"","publisher":{"@id":"https:\/\/alpen-markt.ch\/fr\/#organization"},"potentialAction":[{"@type":"SearchAction","target":{"@type":"EntryPoint","urlTemplate":"https:\/\/alpen-markt.ch\/fr\/?s={search_term_string}"},"query-input":{"@type":"PropertyValueSpecification","valueRequired":true,"valueName":"search_term_string"}}],"inLanguage":"fr-FR"},{"@type":"Organization","@id":"https:\/\/alpen-markt.ch\/fr\/#organization","name":"Alpenmarkt","url":"https:\/\/alpen-markt.ch\/fr\/","logo":{"@type":"ImageObject","inLanguage":"fr-FR","@id":"https:\/\/alpen-markt.ch\/fr\/#\/schema\/logo\/image\/","url":"https:\/\/alpen-markt.ch\/wp-content\/uploads\/2025\/11\/logo-alpenmarkt.png","contentUrl":"https:\/\/alpen-markt.ch\/wp-content\/uploads\/2025\/11\/logo-alpenmarkt.png","width":1048,"height":452,"caption":"Alpenmarkt"},"image":{"@id":"https:\/\/alpen-markt.ch\/fr\/#\/schema\/logo\/image\/"}}]}},"_links":{"self":[{"href":"https:\/\/alpen-markt.ch\/fr\/wp-json\/wp\/v2\/product\/3255","targetHints":{"allow":["GET"]}}],"collection":[{"href":"https:\/\/alpen-markt.ch\/fr\/wp-json\/wp\/v2\/product"}],"about":[{"href":"https:\/\/alpen-markt.ch\/fr\/wp-json\/wp\/v2\/types\/product"}],"wp:featuredmedia":[{"embeddable":true,"href":"https:\/\/alpen-markt.ch\/fr\/wp-json\/wp\/v2\/media\/3256"}],"wp:attachment":[{"href":"https:\/\/alpen-markt.ch\/fr\/wp-json\/wp\/v2\/media?parent=3255"}],"wp:term":[{"taxonomy":"product_brand","embeddable":true,"href":"https:\/\/alpen-markt.ch\/fr\/wp-json\/wp\/v2\/product_brand?post=3255"},{"taxonomy":"product_cat","embeddable":true,"href":"https:\/\/alpen-markt.ch\/fr\/wp-json\/wp\/v2\/product_cat?post=3255"},{"taxonomy":"product_tag","embeddable":true,"href":"https:\/\/alpen-markt.ch\/fr\/wp-json\/wp\/v2\/product_tag?post=3255"}],"curies":[{"name":"wp","href":"https:\/\/api.w.org\/{rel}","templated":true}]}}