{"id":3251,"date":"2025-11-25T16:50:23","date_gmt":"2025-11-25T15:50:23","guid":{"rendered":"https:\/\/alpen-markt.ch\/produkt\/soglio-calendula-creme\/"},"modified":"2025-11-25T16:50:23","modified_gmt":"2025-11-25T15:50:23","slug":"soglio-calendula-creme","status":"publish","type":"product","link":"https:\/\/alpen-markt.ch\/fr\/produkt\/soglio-calendula-creme\/","title":{"rendered":"SOGLIO &#8211; Calendula-Creme"},"content":{"rendered":"<p>Cr\u00e8me universelle pour une protection douce et nourrissante de la peau<\/p>\n<p>Le travail physique et le lavage fr\u00e9quent des mains rendent les mains ab\u00eem\u00e9es s\u00e8ches et rugueuses. La cr\u00e8me au calendula tr\u00e8s appr\u00e9ci\u00e9e pr\u00e9serve la souplesse et l&rsquo;\u00e9lasticit\u00e9 de la peau. Cette cr\u00e8me universelle prot\u00e8ge les peaux s\u00e8ches et sensibles au froid, y compris celles du visage. Elle d\u00e9gage un parfum d\u00e9licat, floral et acidul\u00e9. La cr\u00e8me riche au calendula contient des extraits de millepertuis et de calendula. De l&rsquo;huile de germe de bl\u00e9 dans une base de lanoline compl\u00e8te cette formule \u00e9prouv\u00e9e.     <\/p>\n<p>Informations pour les personnes allergiques :<br \/>\nIngr\u00e9dients (INCI) :<br \/>\nAqua ; \u00e9thylhexanoate de c\u00e9t\u00e9aryle ; c\u00e9r\u00e9sine ; lanoline ; sesquioleate de sorbitane ; sorbitol ; huile de germe de Zea Mays ; heptanoate de st\u00e9aryle ; huile de Prunus Amygdalus Dulcis ; huile de germe de Triticum Vulgare ; extrait d&rsquo;Hypericum Perforatum ; extrait de fleur de Calendula Officinalis ; parfum ; palmitate de r\u00e9tinyle ; Cera Microcristallina ; Huile de ricin hydrog\u00e9n\u00e9e ; Caprylate de st\u00e9aryle ; Sulfate de magn\u00e9sium heptahydrat\u00e9 ; BHT ; Hydroxyde de sodium ; M\u00e9thylparab\u00e8ne ; Acide sorbique ; Acide d\u00e9hydroac\u00e9tique ; Propylparab\u00e8ne ; Hexyl Cinnamal ; Alpha-Isomethyl Ionone ; Linalool ; Eug\u00e9nol ; Limon\u00e8ne ; Citronellol<\/p>\n","protected":false},"excerpt":{"rendered":"<p>Cr\u00e8me universelle pour une protection douce et nourrissante de la peau Le travail physique et le lavage fr\u00e9quent des mains rendent les mains ab\u00eem\u00e9es s\u00e8ches et rugueuses. La cr\u00e8me au calendula tr\u00e8s appr\u00e9ci\u00e9e pr\u00e9serve la souplesse et l&rsquo;\u00e9lasticit\u00e9 de la peau. Cette cr\u00e8me universelle prot\u00e8ge les peaux s\u00e8ches et sensibles au froid, y compris celles [&hellip;]<\/p>\n","protected":false},"featured_media":3252,"template":"","meta":[],"product_brand":[],"product_cat":[78],"product_tag":[],"class_list":{"0":"post-3251","1":"product","2":"type-product","3":"status-publish","4":"has-post-thumbnail","6":"product_cat-fraicheur-des-montagnes-cosmetiques-alpines","8":"first","9":"instock","10":"taxable","11":"shipping-taxable","12":"purchasable","13":"product-type-variable","14":"has-default-attributes"},"yoast_head":"<!-- This site is optimized with the Yoast SEO plugin v27.4 - https:\/\/yoast.com\/product\/yoast-seo-wordpress\/ -->\n<title>SOGLIO - Calendula-Creme - Alpenmarkt<\/title>\n<meta name=\"robots\" content=\"index, follow, max-snippet:-1, max-image-preview:large, max-video-preview:-1\" \/>\n<link rel=\"canonical\" href=\"https:\/\/alpen-markt.ch\/fr\/produkt\/soglio-calendula-creme\/\" \/>\n<meta property=\"og:locale\" content=\"fr_FR\" \/>\n<meta property=\"og:type\" content=\"article\" \/>\n<meta property=\"og:title\" content=\"SOGLIO - Calendula-Creme - Alpenmarkt\" \/>\n<meta property=\"og:description\" content=\"Cr\u00e8me universelle pour une protection douce et nourrissante de la peau Le travail physique et le lavage fr\u00e9quent des mains rendent les mains ab\u00eem\u00e9es s\u00e8ches et rugueuses. La cr\u00e8me au calendula tr\u00e8s appr\u00e9ci\u00e9e pr\u00e9serve la souplesse et l&rsquo;\u00e9lasticit\u00e9 de la peau. Cette cr\u00e8me universelle prot\u00e8ge les peaux s\u00e8ches et sensibles au froid, y compris celles [&hellip;]\" \/>\n<meta property=\"og:url\" content=\"https:\/\/alpen-markt.ch\/fr\/produkt\/soglio-calendula-creme\/\" \/>\n<meta property=\"og:site_name\" content=\"Alpenmarkt\" \/>\n<meta property=\"og:image\" content=\"https:\/\/alpen-markt.ch\/wp-content\/uploads\/2025\/11\/27f7402a-74ce-4956-9424-11b1cd7b1672.png\" \/>\n\t<meta property=\"og:image:width\" content=\"500\" \/>\n\t<meta property=\"og:image:height\" content=\"500\" \/>\n\t<meta property=\"og:image:type\" content=\"image\/png\" \/>\n<meta name=\"twitter:card\" content=\"summary_large_image\" \/>\n<meta name=\"twitter:label1\" content=\"Dur\u00e9e de lecture estim\u00e9e\" \/>\n\t<meta name=\"twitter:data1\" content=\"1 minute\" \/>\n<script type=\"application\/ld+json\" class=\"yoast-schema-graph\">{\"@context\":\"https:\\\/\\\/schema.org\",\"@graph\":[{\"@type\":\"WebPage\",\"@id\":\"https:\\\/\\\/alpen-markt.ch\\\/fr\\\/produkt\\\/soglio-calendula-creme\\\/\",\"url\":\"https:\\\/\\\/alpen-markt.ch\\\/fr\\\/produkt\\\/soglio-calendula-creme\\\/\",\"name\":\"SOGLIO - Calendula-Creme - Alpenmarkt\",\"isPartOf\":{\"@id\":\"https:\\\/\\\/alpen-markt.ch\\\/fr\\\/#website\"},\"primaryImageOfPage\":{\"@id\":\"https:\\\/\\\/alpen-markt.ch\\\/fr\\\/produkt\\\/soglio-calendula-creme\\\/#primaryimage\"},\"image\":{\"@id\":\"https:\\\/\\\/alpen-markt.ch\\\/fr\\\/produkt\\\/soglio-calendula-creme\\\/#primaryimage\"},\"thumbnailUrl\":\"https:\\\/\\\/alpen-markt.ch\\\/wp-content\\\/uploads\\\/2025\\\/11\\\/27f7402a-74ce-4956-9424-11b1cd7b1672.png\",\"datePublished\":\"2025-11-25T15:50:23+00:00\",\"breadcrumb\":{\"@id\":\"https:\\\/\\\/alpen-markt.ch\\\/fr\\\/produkt\\\/soglio-calendula-creme\\\/#breadcrumb\"},\"inLanguage\":\"fr-FR\",\"potentialAction\":[{\"@type\":\"ReadAction\",\"target\":[\"https:\\\/\\\/alpen-markt.ch\\\/fr\\\/produkt\\\/soglio-calendula-creme\\\/\"]}]},{\"@type\":\"ImageObject\",\"inLanguage\":\"fr-FR\",\"@id\":\"https:\\\/\\\/alpen-markt.ch\\\/fr\\\/produkt\\\/soglio-calendula-creme\\\/#primaryimage\",\"url\":\"https:\\\/\\\/alpen-markt.ch\\\/wp-content\\\/uploads\\\/2025\\\/11\\\/27f7402a-74ce-4956-9424-11b1cd7b1672.png\",\"contentUrl\":\"https:\\\/\\\/alpen-markt.ch\\\/wp-content\\\/uploads\\\/2025\\\/11\\\/27f7402a-74ce-4956-9424-11b1cd7b1672.png\",\"width\":500,\"height\":500},{\"@type\":\"BreadcrumbList\",\"@id\":\"https:\\\/\\\/alpen-markt.ch\\\/fr\\\/produkt\\\/soglio-calendula-creme\\\/#breadcrumb\",\"itemListElement\":[{\"@type\":\"ListItem\",\"position\":1,\"name\":\"Startseite\",\"item\":\"https:\\\/\\\/alpen-markt.ch\\\/fr\\\/home\\\/\"},{\"@type\":\"ListItem\",\"position\":2,\"name\":\"Boutique en ligne\",\"item\":\"https:\\\/\\\/alpen-markt.ch\\\/fr\\\/boutique-en-ligne\\\/\"},{\"@type\":\"ListItem\",\"position\":3,\"name\":\"SOGLIO &#8211; Calendula-Creme\"}]},{\"@type\":\"WebSite\",\"@id\":\"https:\\\/\\\/alpen-markt.ch\\\/fr\\\/#website\",\"url\":\"https:\\\/\\\/alpen-markt.ch\\\/fr\\\/\",\"name\":\"Alpenmarkt\",\"description\":\"\",\"publisher\":{\"@id\":\"https:\\\/\\\/alpen-markt.ch\\\/fr\\\/#organization\"},\"potentialAction\":[{\"@type\":\"SearchAction\",\"target\":{\"@type\":\"EntryPoint\",\"urlTemplate\":\"https:\\\/\\\/alpen-markt.ch\\\/fr\\\/?s={search_term_string}\"},\"query-input\":{\"@type\":\"PropertyValueSpecification\",\"valueRequired\":true,\"valueName\":\"search_term_string\"}}],\"inLanguage\":\"fr-FR\"},{\"@type\":\"Organization\",\"@id\":\"https:\\\/\\\/alpen-markt.ch\\\/fr\\\/#organization\",\"name\":\"Alpenmarkt\",\"url\":\"https:\\\/\\\/alpen-markt.ch\\\/fr\\\/\",\"logo\":{\"@type\":\"ImageObject\",\"inLanguage\":\"fr-FR\",\"@id\":\"https:\\\/\\\/alpen-markt.ch\\\/fr\\\/#\\\/schema\\\/logo\\\/image\\\/\",\"url\":\"https:\\\/\\\/alpen-markt.ch\\\/wp-content\\\/uploads\\\/2025\\\/11\\\/logo-alpenmarkt.png\",\"contentUrl\":\"https:\\\/\\\/alpen-markt.ch\\\/wp-content\\\/uploads\\\/2025\\\/11\\\/logo-alpenmarkt.png\",\"width\":1048,\"height\":452,\"caption\":\"Alpenmarkt\"},\"image\":{\"@id\":\"https:\\\/\\\/alpen-markt.ch\\\/fr\\\/#\\\/schema\\\/logo\\\/image\\\/\"}}]}<\/script>\n<!-- \/ Yoast SEO plugin. -->","yoast_head_json":{"title":"SOGLIO - Calendula-Creme - Alpenmarkt","robots":{"index":"index","follow":"follow","max-snippet":"max-snippet:-1","max-image-preview":"max-image-preview:large","max-video-preview":"max-video-preview:-1"},"canonical":"https:\/\/alpen-markt.ch\/fr\/produkt\/soglio-calendula-creme\/","og_locale":"fr_FR","og_type":"article","og_title":"SOGLIO - Calendula-Creme - Alpenmarkt","og_description":"Cr\u00e8me universelle pour une protection douce et nourrissante de la peau Le travail physique et le lavage fr\u00e9quent des mains rendent les mains ab\u00eem\u00e9es s\u00e8ches et rugueuses. La cr\u00e8me au calendula tr\u00e8s appr\u00e9ci\u00e9e pr\u00e9serve la souplesse et l&rsquo;\u00e9lasticit\u00e9 de la peau. Cette cr\u00e8me universelle prot\u00e8ge les peaux s\u00e8ches et sensibles au froid, y compris celles [&hellip;]","og_url":"https:\/\/alpen-markt.ch\/fr\/produkt\/soglio-calendula-creme\/","og_site_name":"Alpenmarkt","og_image":[{"width":500,"height":500,"url":"https:\/\/alpen-markt.ch\/wp-content\/uploads\/2025\/11\/27f7402a-74ce-4956-9424-11b1cd7b1672.png","type":"image\/png"}],"twitter_card":"summary_large_image","twitter_misc":{"Dur\u00e9e de lecture estim\u00e9e":"1 minute"},"schema":{"@context":"https:\/\/schema.org","@graph":[{"@type":"WebPage","@id":"https:\/\/alpen-markt.ch\/fr\/produkt\/soglio-calendula-creme\/","url":"https:\/\/alpen-markt.ch\/fr\/produkt\/soglio-calendula-creme\/","name":"SOGLIO - Calendula-Creme - Alpenmarkt","isPartOf":{"@id":"https:\/\/alpen-markt.ch\/fr\/#website"},"primaryImageOfPage":{"@id":"https:\/\/alpen-markt.ch\/fr\/produkt\/soglio-calendula-creme\/#primaryimage"},"image":{"@id":"https:\/\/alpen-markt.ch\/fr\/produkt\/soglio-calendula-creme\/#primaryimage"},"thumbnailUrl":"https:\/\/alpen-markt.ch\/wp-content\/uploads\/2025\/11\/27f7402a-74ce-4956-9424-11b1cd7b1672.png","datePublished":"2025-11-25T15:50:23+00:00","breadcrumb":{"@id":"https:\/\/alpen-markt.ch\/fr\/produkt\/soglio-calendula-creme\/#breadcrumb"},"inLanguage":"fr-FR","potentialAction":[{"@type":"ReadAction","target":["https:\/\/alpen-markt.ch\/fr\/produkt\/soglio-calendula-creme\/"]}]},{"@type":"ImageObject","inLanguage":"fr-FR","@id":"https:\/\/alpen-markt.ch\/fr\/produkt\/soglio-calendula-creme\/#primaryimage","url":"https:\/\/alpen-markt.ch\/wp-content\/uploads\/2025\/11\/27f7402a-74ce-4956-9424-11b1cd7b1672.png","contentUrl":"https:\/\/alpen-markt.ch\/wp-content\/uploads\/2025\/11\/27f7402a-74ce-4956-9424-11b1cd7b1672.png","width":500,"height":500},{"@type":"BreadcrumbList","@id":"https:\/\/alpen-markt.ch\/fr\/produkt\/soglio-calendula-creme\/#breadcrumb","itemListElement":[{"@type":"ListItem","position":1,"name":"Startseite","item":"https:\/\/alpen-markt.ch\/fr\/home\/"},{"@type":"ListItem","position":2,"name":"Boutique en ligne","item":"https:\/\/alpen-markt.ch\/fr\/boutique-en-ligne\/"},{"@type":"ListItem","position":3,"name":"SOGLIO &#8211; Calendula-Creme"}]},{"@type":"WebSite","@id":"https:\/\/alpen-markt.ch\/fr\/#website","url":"https:\/\/alpen-markt.ch\/fr\/","name":"Alpenmarkt","description":"","publisher":{"@id":"https:\/\/alpen-markt.ch\/fr\/#organization"},"potentialAction":[{"@type":"SearchAction","target":{"@type":"EntryPoint","urlTemplate":"https:\/\/alpen-markt.ch\/fr\/?s={search_term_string}"},"query-input":{"@type":"PropertyValueSpecification","valueRequired":true,"valueName":"search_term_string"}}],"inLanguage":"fr-FR"},{"@type":"Organization","@id":"https:\/\/alpen-markt.ch\/fr\/#organization","name":"Alpenmarkt","url":"https:\/\/alpen-markt.ch\/fr\/","logo":{"@type":"ImageObject","inLanguage":"fr-FR","@id":"https:\/\/alpen-markt.ch\/fr\/#\/schema\/logo\/image\/","url":"https:\/\/alpen-markt.ch\/wp-content\/uploads\/2025\/11\/logo-alpenmarkt.png","contentUrl":"https:\/\/alpen-markt.ch\/wp-content\/uploads\/2025\/11\/logo-alpenmarkt.png","width":1048,"height":452,"caption":"Alpenmarkt"},"image":{"@id":"https:\/\/alpen-markt.ch\/fr\/#\/schema\/logo\/image\/"}}]}},"_links":{"self":[{"href":"https:\/\/alpen-markt.ch\/fr\/wp-json\/wp\/v2\/product\/3251","targetHints":{"allow":["GET"]}}],"collection":[{"href":"https:\/\/alpen-markt.ch\/fr\/wp-json\/wp\/v2\/product"}],"about":[{"href":"https:\/\/alpen-markt.ch\/fr\/wp-json\/wp\/v2\/types\/product"}],"wp:featuredmedia":[{"embeddable":true,"href":"https:\/\/alpen-markt.ch\/fr\/wp-json\/wp\/v2\/media\/3252"}],"wp:attachment":[{"href":"https:\/\/alpen-markt.ch\/fr\/wp-json\/wp\/v2\/media?parent=3251"}],"wp:term":[{"taxonomy":"product_brand","embeddable":true,"href":"https:\/\/alpen-markt.ch\/fr\/wp-json\/wp\/v2\/product_brand?post=3251"},{"taxonomy":"product_cat","embeddable":true,"href":"https:\/\/alpen-markt.ch\/fr\/wp-json\/wp\/v2\/product_cat?post=3251"},{"taxonomy":"product_tag","embeddable":true,"href":"https:\/\/alpen-markt.ch\/fr\/wp-json\/wp\/v2\/product_tag?post=3251"}],"curies":[{"name":"wp","href":"https:\/\/api.w.org\/{rel}","templated":true}]}}