{"id":3239,"date":"2025-11-25T16:50:22","date_gmt":"2025-11-25T15:50:22","guid":{"rendered":"https:\/\/alpen-markt.ch\/produkt\/atelier-carmen-elastique-a-cheveux-pour-ma-petite\/"},"modified":"2025-11-25T16:50:22","modified_gmt":"2025-11-25T15:50:22","slug":"atelier-carmen-elastique-a-cheveux-pour-ma-petite","status":"publish","type":"product","link":"https:\/\/alpen-markt.ch\/fr\/produkt\/atelier-carmen-elastique-a-cheveux-pour-ma-petite\/","title":{"rendered":"Atelier Carmen &#8211; \u00c9lastique \u00e0 cheveux pour ma petite"},"content":{"rendered":"<p>Une douceur pr\u00e9cieuse pour les petits.<\/p>\n<p>Les \u00e9lastiques \u00e0 cheveux (ou chouchous) sont connus pour leur effet doux et d\u00e9licat sur les cheveux. Ils sont faciles \u00e0 utiliser et \u00e0 porter. Comme ils sont fabriqu\u00e9s \u00e0 partir de chutes de tissu, ils s&rsquo;inscrivent dans une d\u00e9marche de d\u00e9veloppement durable.  <\/p>\n<p>Du vieux au neuf :<br \/>\no en jersey certifi\u00e9 GOTS<br \/>\no diam\u00e8tre ext\u00e9rieur env. 4 cm<br \/>\no diam\u00e8tre int\u00e9rieur env. 3 cm<br \/>\no \u00e9paisseur de l&rsquo;\u00e9lastique : 0,4 cm<br \/>\no lavable jusqu&rsquo;\u00e0 40 \u00b0C<\/p>\n","protected":false},"excerpt":{"rendered":"<p>Une douceur pr\u00e9cieuse pour les petits. Les \u00e9lastiques \u00e0 cheveux (ou chouchous) sont connus pour leur effet doux et d\u00e9licat sur les cheveux. Ils sont faciles \u00e0 utiliser et \u00e0 porter. Comme ils sont fabriqu\u00e9s \u00e0 partir de chutes de tissu, ils s&rsquo;inscrivent dans une d\u00e9marche de d\u00e9veloppement durable. Du vieux au neuf : o [&hellip;]<\/p>\n","protected":false},"featured_media":3240,"template":"","meta":[],"product_brand":[],"product_cat":[78],"product_tag":[],"class_list":{"0":"post-3239","1":"product","2":"type-product","3":"status-publish","4":"has-post-thumbnail","6":"product_cat-fraicheur-des-montagnes-cosmetiques-alpines","8":"first","9":"instock","10":"taxable","11":"shipping-taxable","12":"purchasable","13":"product-type-simple"},"yoast_head":"<!-- This site is optimized with the Yoast SEO plugin v27.4 - https:\/\/yoast.com\/product\/yoast-seo-wordpress\/ -->\n<title>Atelier Carmen - \u00c9lastique \u00e0 cheveux pour ma petite - Alpenmarkt<\/title>\n<meta name=\"robots\" content=\"index, follow, max-snippet:-1, max-image-preview:large, max-video-preview:-1\" \/>\n<link rel=\"canonical\" href=\"https:\/\/alpen-markt.ch\/fr\/produkt\/atelier-carmen-elastique-a-cheveux-pour-ma-petite\/\" \/>\n<meta property=\"og:locale\" content=\"fr_FR\" \/>\n<meta property=\"og:type\" content=\"article\" \/>\n<meta property=\"og:title\" content=\"Atelier Carmen - \u00c9lastique \u00e0 cheveux pour ma petite - Alpenmarkt\" \/>\n<meta property=\"og:description\" content=\"Une douceur pr\u00e9cieuse pour les petits. Les \u00e9lastiques \u00e0 cheveux (ou chouchous) sont connus pour leur effet doux et d\u00e9licat sur les cheveux. Ils sont faciles \u00e0 utiliser et \u00e0 porter. Comme ils sont fabriqu\u00e9s \u00e0 partir de chutes de tissu, ils s&rsquo;inscrivent dans une d\u00e9marche de d\u00e9veloppement durable. Du vieux au neuf : o [&hellip;]\" \/>\n<meta property=\"og:url\" content=\"https:\/\/alpen-markt.ch\/fr\/produkt\/atelier-carmen-elastique-a-cheveux-pour-ma-petite\/\" \/>\n<meta property=\"og:site_name\" content=\"Alpenmarkt\" \/>\n<meta property=\"og:image\" content=\"https:\/\/alpen-markt.ch\/wp-content\/uploads\/2025\/11\/a54f9445-a1d5-4ff2-9a13-6fe419759394.png\" \/>\n\t<meta property=\"og:image:width\" content=\"500\" \/>\n\t<meta property=\"og:image:height\" content=\"500\" \/>\n\t<meta property=\"og:image:type\" content=\"image\/png\" \/>\n<meta name=\"twitter:card\" content=\"summary_large_image\" \/>\n<script type=\"application\/ld+json\" class=\"yoast-schema-graph\">{\"@context\":\"https:\\\/\\\/schema.org\",\"@graph\":[{\"@type\":\"WebPage\",\"@id\":\"https:\\\/\\\/alpen-markt.ch\\\/fr\\\/produkt\\\/atelier-carmen-elastique-a-cheveux-pour-ma-petite\\\/\",\"url\":\"https:\\\/\\\/alpen-markt.ch\\\/fr\\\/produkt\\\/atelier-carmen-elastique-a-cheveux-pour-ma-petite\\\/\",\"name\":\"Atelier Carmen - \u00c9lastique \u00e0 cheveux pour ma petite - Alpenmarkt\",\"isPartOf\":{\"@id\":\"https:\\\/\\\/alpen-markt.ch\\\/fr\\\/#website\"},\"primaryImageOfPage\":{\"@id\":\"https:\\\/\\\/alpen-markt.ch\\\/fr\\\/produkt\\\/atelier-carmen-elastique-a-cheveux-pour-ma-petite\\\/#primaryimage\"},\"image\":{\"@id\":\"https:\\\/\\\/alpen-markt.ch\\\/fr\\\/produkt\\\/atelier-carmen-elastique-a-cheveux-pour-ma-petite\\\/#primaryimage\"},\"thumbnailUrl\":\"https:\\\/\\\/alpen-markt.ch\\\/wp-content\\\/uploads\\\/2025\\\/11\\\/a54f9445-a1d5-4ff2-9a13-6fe419759394.png\",\"datePublished\":\"2025-11-25T15:50:22+00:00\",\"breadcrumb\":{\"@id\":\"https:\\\/\\\/alpen-markt.ch\\\/fr\\\/produkt\\\/atelier-carmen-elastique-a-cheveux-pour-ma-petite\\\/#breadcrumb\"},\"inLanguage\":\"fr-FR\",\"potentialAction\":[{\"@type\":\"ReadAction\",\"target\":[\"https:\\\/\\\/alpen-markt.ch\\\/fr\\\/produkt\\\/atelier-carmen-elastique-a-cheveux-pour-ma-petite\\\/\"]}]},{\"@type\":\"ImageObject\",\"inLanguage\":\"fr-FR\",\"@id\":\"https:\\\/\\\/alpen-markt.ch\\\/fr\\\/produkt\\\/atelier-carmen-elastique-a-cheveux-pour-ma-petite\\\/#primaryimage\",\"url\":\"https:\\\/\\\/alpen-markt.ch\\\/wp-content\\\/uploads\\\/2025\\\/11\\\/a54f9445-a1d5-4ff2-9a13-6fe419759394.png\",\"contentUrl\":\"https:\\\/\\\/alpen-markt.ch\\\/wp-content\\\/uploads\\\/2025\\\/11\\\/a54f9445-a1d5-4ff2-9a13-6fe419759394.png\",\"width\":500,\"height\":500},{\"@type\":\"BreadcrumbList\",\"@id\":\"https:\\\/\\\/alpen-markt.ch\\\/fr\\\/produkt\\\/atelier-carmen-elastique-a-cheveux-pour-ma-petite\\\/#breadcrumb\",\"itemListElement\":[{\"@type\":\"ListItem\",\"position\":1,\"name\":\"Startseite\",\"item\":\"https:\\\/\\\/alpen-markt.ch\\\/fr\\\/home\\\/\"},{\"@type\":\"ListItem\",\"position\":2,\"name\":\"Boutique en ligne\",\"item\":\"https:\\\/\\\/alpen-markt.ch\\\/fr\\\/boutique-en-ligne\\\/\"},{\"@type\":\"ListItem\",\"position\":3,\"name\":\"Atelier Carmen &#8211; \u00c9lastique \u00e0 cheveux pour ma petite\"}]},{\"@type\":\"WebSite\",\"@id\":\"https:\\\/\\\/alpen-markt.ch\\\/fr\\\/#website\",\"url\":\"https:\\\/\\\/alpen-markt.ch\\\/fr\\\/\",\"name\":\"Alpenmarkt\",\"description\":\"\",\"publisher\":{\"@id\":\"https:\\\/\\\/alpen-markt.ch\\\/fr\\\/#organization\"},\"potentialAction\":[{\"@type\":\"SearchAction\",\"target\":{\"@type\":\"EntryPoint\",\"urlTemplate\":\"https:\\\/\\\/alpen-markt.ch\\\/fr\\\/?s={search_term_string}\"},\"query-input\":{\"@type\":\"PropertyValueSpecification\",\"valueRequired\":true,\"valueName\":\"search_term_string\"}}],\"inLanguage\":\"fr-FR\"},{\"@type\":\"Organization\",\"@id\":\"https:\\\/\\\/alpen-markt.ch\\\/fr\\\/#organization\",\"name\":\"Alpenmarkt\",\"url\":\"https:\\\/\\\/alpen-markt.ch\\\/fr\\\/\",\"logo\":{\"@type\":\"ImageObject\",\"inLanguage\":\"fr-FR\",\"@id\":\"https:\\\/\\\/alpen-markt.ch\\\/fr\\\/#\\\/schema\\\/logo\\\/image\\\/\",\"url\":\"https:\\\/\\\/alpen-markt.ch\\\/wp-content\\\/uploads\\\/2025\\\/11\\\/logo-alpenmarkt.png\",\"contentUrl\":\"https:\\\/\\\/alpen-markt.ch\\\/wp-content\\\/uploads\\\/2025\\\/11\\\/logo-alpenmarkt.png\",\"width\":1048,\"height\":452,\"caption\":\"Alpenmarkt\"},\"image\":{\"@id\":\"https:\\\/\\\/alpen-markt.ch\\\/fr\\\/#\\\/schema\\\/logo\\\/image\\\/\"}}]}<\/script>\n<!-- \/ Yoast SEO plugin. -->","yoast_head_json":{"title":"Atelier Carmen - \u00c9lastique \u00e0 cheveux pour ma petite - Alpenmarkt","robots":{"index":"index","follow":"follow","max-snippet":"max-snippet:-1","max-image-preview":"max-image-preview:large","max-video-preview":"max-video-preview:-1"},"canonical":"https:\/\/alpen-markt.ch\/fr\/produkt\/atelier-carmen-elastique-a-cheveux-pour-ma-petite\/","og_locale":"fr_FR","og_type":"article","og_title":"Atelier Carmen - \u00c9lastique \u00e0 cheveux pour ma petite - Alpenmarkt","og_description":"Une douceur pr\u00e9cieuse pour les petits. Les \u00e9lastiques \u00e0 cheveux (ou chouchous) sont connus pour leur effet doux et d\u00e9licat sur les cheveux. Ils sont faciles \u00e0 utiliser et \u00e0 porter. Comme ils sont fabriqu\u00e9s \u00e0 partir de chutes de tissu, ils s&rsquo;inscrivent dans une d\u00e9marche de d\u00e9veloppement durable. Du vieux au neuf : o [&hellip;]","og_url":"https:\/\/alpen-markt.ch\/fr\/produkt\/atelier-carmen-elastique-a-cheveux-pour-ma-petite\/","og_site_name":"Alpenmarkt","og_image":[{"width":500,"height":500,"url":"https:\/\/alpen-markt.ch\/wp-content\/uploads\/2025\/11\/a54f9445-a1d5-4ff2-9a13-6fe419759394.png","type":"image\/png"}],"twitter_card":"summary_large_image","schema":{"@context":"https:\/\/schema.org","@graph":[{"@type":"WebPage","@id":"https:\/\/alpen-markt.ch\/fr\/produkt\/atelier-carmen-elastique-a-cheveux-pour-ma-petite\/","url":"https:\/\/alpen-markt.ch\/fr\/produkt\/atelier-carmen-elastique-a-cheveux-pour-ma-petite\/","name":"Atelier Carmen - \u00c9lastique \u00e0 cheveux pour ma petite - Alpenmarkt","isPartOf":{"@id":"https:\/\/alpen-markt.ch\/fr\/#website"},"primaryImageOfPage":{"@id":"https:\/\/alpen-markt.ch\/fr\/produkt\/atelier-carmen-elastique-a-cheveux-pour-ma-petite\/#primaryimage"},"image":{"@id":"https:\/\/alpen-markt.ch\/fr\/produkt\/atelier-carmen-elastique-a-cheveux-pour-ma-petite\/#primaryimage"},"thumbnailUrl":"https:\/\/alpen-markt.ch\/wp-content\/uploads\/2025\/11\/a54f9445-a1d5-4ff2-9a13-6fe419759394.png","datePublished":"2025-11-25T15:50:22+00:00","breadcrumb":{"@id":"https:\/\/alpen-markt.ch\/fr\/produkt\/atelier-carmen-elastique-a-cheveux-pour-ma-petite\/#breadcrumb"},"inLanguage":"fr-FR","potentialAction":[{"@type":"ReadAction","target":["https:\/\/alpen-markt.ch\/fr\/produkt\/atelier-carmen-elastique-a-cheveux-pour-ma-petite\/"]}]},{"@type":"ImageObject","inLanguage":"fr-FR","@id":"https:\/\/alpen-markt.ch\/fr\/produkt\/atelier-carmen-elastique-a-cheveux-pour-ma-petite\/#primaryimage","url":"https:\/\/alpen-markt.ch\/wp-content\/uploads\/2025\/11\/a54f9445-a1d5-4ff2-9a13-6fe419759394.png","contentUrl":"https:\/\/alpen-markt.ch\/wp-content\/uploads\/2025\/11\/a54f9445-a1d5-4ff2-9a13-6fe419759394.png","width":500,"height":500},{"@type":"BreadcrumbList","@id":"https:\/\/alpen-markt.ch\/fr\/produkt\/atelier-carmen-elastique-a-cheveux-pour-ma-petite\/#breadcrumb","itemListElement":[{"@type":"ListItem","position":1,"name":"Startseite","item":"https:\/\/alpen-markt.ch\/fr\/home\/"},{"@type":"ListItem","position":2,"name":"Boutique en ligne","item":"https:\/\/alpen-markt.ch\/fr\/boutique-en-ligne\/"},{"@type":"ListItem","position":3,"name":"Atelier Carmen &#8211; \u00c9lastique \u00e0 cheveux pour ma petite"}]},{"@type":"WebSite","@id":"https:\/\/alpen-markt.ch\/fr\/#website","url":"https:\/\/alpen-markt.ch\/fr\/","name":"Alpenmarkt","description":"","publisher":{"@id":"https:\/\/alpen-markt.ch\/fr\/#organization"},"potentialAction":[{"@type":"SearchAction","target":{"@type":"EntryPoint","urlTemplate":"https:\/\/alpen-markt.ch\/fr\/?s={search_term_string}"},"query-input":{"@type":"PropertyValueSpecification","valueRequired":true,"valueName":"search_term_string"}}],"inLanguage":"fr-FR"},{"@type":"Organization","@id":"https:\/\/alpen-markt.ch\/fr\/#organization","name":"Alpenmarkt","url":"https:\/\/alpen-markt.ch\/fr\/","logo":{"@type":"ImageObject","inLanguage":"fr-FR","@id":"https:\/\/alpen-markt.ch\/fr\/#\/schema\/logo\/image\/","url":"https:\/\/alpen-markt.ch\/wp-content\/uploads\/2025\/11\/logo-alpenmarkt.png","contentUrl":"https:\/\/alpen-markt.ch\/wp-content\/uploads\/2025\/11\/logo-alpenmarkt.png","width":1048,"height":452,"caption":"Alpenmarkt"},"image":{"@id":"https:\/\/alpen-markt.ch\/fr\/#\/schema\/logo\/image\/"}}]}},"_links":{"self":[{"href":"https:\/\/alpen-markt.ch\/fr\/wp-json\/wp\/v2\/product\/3239","targetHints":{"allow":["GET"]}}],"collection":[{"href":"https:\/\/alpen-markt.ch\/fr\/wp-json\/wp\/v2\/product"}],"about":[{"href":"https:\/\/alpen-markt.ch\/fr\/wp-json\/wp\/v2\/types\/product"}],"wp:featuredmedia":[{"embeddable":true,"href":"https:\/\/alpen-markt.ch\/fr\/wp-json\/wp\/v2\/media\/3240"}],"wp:attachment":[{"href":"https:\/\/alpen-markt.ch\/fr\/wp-json\/wp\/v2\/media?parent=3239"}],"wp:term":[{"taxonomy":"product_brand","embeddable":true,"href":"https:\/\/alpen-markt.ch\/fr\/wp-json\/wp\/v2\/product_brand?post=3239"},{"taxonomy":"product_cat","embeddable":true,"href":"https:\/\/alpen-markt.ch\/fr\/wp-json\/wp\/v2\/product_cat?post=3239"},{"taxonomy":"product_tag","embeddable":true,"href":"https:\/\/alpen-markt.ch\/fr\/wp-json\/wp\/v2\/product_tag?post=3239"}],"curies":[{"name":"wp","href":"https:\/\/api.w.org\/{rel}","templated":true}]}}