{"id":2330,"date":"2025-11-25T16:50:33","date_gmt":"2025-11-25T15:50:33","guid":{"rendered":"https:\/\/alpen-markt.ch\/produkt\/alpenmarkt-panier-hebdomadaire-abonnement-mensuel-petit-4x35-kg\/"},"modified":"2025-11-25T16:50:33","modified_gmt":"2025-11-25T15:50:33","slug":"alpenmarkt-panier-hebdomadaire-abonnement-mensuel-petit-4x35-kg","status":"publish","type":"product","link":"https:\/\/alpen-markt.ch\/fr\/produkt\/alpenmarkt-panier-hebdomadaire-abonnement-mensuel-petit-4x35-kg\/","title":{"rendered":"Alpenmarkt Panier hebdomadaire ABONNEMENT MENSUEL PETIT (4&#215;3,5 kg)"},"content":{"rendered":"<p>Un assortiment saisonnier et r\u00e9gional de fruits et l\u00e9gumes du Valais, id\u00e9al pour la ration hebdomadaire d&rsquo;un petit m\u00e9nage (1 \u00e0 2 personnes). <\/p>\n<p>4x ~1,5 kg de l\u00e9gumes<br \/>\n4x ~1,5 kg de fruits<br \/>\n4x + 500 g d&rsquo;accompagnement de l&rsquo;assortiment Alpenmarkt<br \/>\n4x CHF 3. &#8211; de caution pour la caisse (cr\u00e9dit\u00e9 lors du retour)<\/p>\n<p>Adaptation individuelle ?<br \/>\n-&gt; \u00c0 indiquer dans les commentaires de la commande<\/p>\n<p>*Les quantit\u00e9s indiqu\u00e9es sont donn\u00e9es \u00e0 titre indicatif, c&rsquo;est la valeur des marchandises qui est d\u00e9terminante.<\/p>\n","protected":false},"excerpt":{"rendered":"<p>Un assortiment saisonnier et r\u00e9gional de fruits et l\u00e9gumes du Valais, id\u00e9al pour la ration hebdomadaire d&rsquo;un petit m\u00e9nage (1 \u00e0 2 personnes). 4x ~1,5 kg de l\u00e9gumes 4x ~1,5 kg de fruits 4x + 500 g d&rsquo;accompagnement de l&rsquo;assortiment Alpenmarkt 4x CHF 3. &#8211; de caution pour la caisse (cr\u00e9dit\u00e9 lors du retour) Adaptation [&hellip;]<\/p>\n","protected":false},"featured_media":2311,"template":"","meta":[],"product_brand":[],"product_cat":[62],"product_tag":[],"class_list":{"0":"post-2330","1":"product","2":"type-product","3":"status-publish","4":"has-post-thumbnail","6":"product_cat-mes-courses-hebdo-regionales-paniers-hebdomadaires","8":"first","9":"instock","10":"taxable","11":"shipping-taxable","12":"purchasable","13":"product-type-variable"},"yoast_head":"<!-- This site is optimized with the Yoast SEO plugin v27.4 - https:\/\/yoast.com\/product\/yoast-seo-wordpress\/ -->\n<title>Alpenmarkt Panier hebdomadaire ABONNEMENT MENSUEL PETIT (4x3,5 kg) - Alpenmarkt<\/title>\n<meta name=\"robots\" content=\"index, follow, max-snippet:-1, max-image-preview:large, max-video-preview:-1\" \/>\n<link rel=\"canonical\" href=\"https:\/\/alpen-markt.ch\/fr\/produkt\/alpenmarkt-panier-hebdomadaire-abonnement-mensuel-petit-4x35-kg\/\" \/>\n<meta property=\"og:locale\" content=\"fr_FR\" \/>\n<meta property=\"og:type\" content=\"article\" \/>\n<meta property=\"og:title\" content=\"Alpenmarkt Panier hebdomadaire ABONNEMENT MENSUEL PETIT (4x3,5 kg) - Alpenmarkt\" \/>\n<meta property=\"og:description\" content=\"Un assortiment saisonnier et r\u00e9gional de fruits et l\u00e9gumes du Valais, id\u00e9al pour la ration hebdomadaire d&rsquo;un petit m\u00e9nage (1 \u00e0 2 personnes). 4x ~1,5 kg de l\u00e9gumes 4x ~1,5 kg de fruits 4x + 500 g d&rsquo;accompagnement de l&rsquo;assortiment Alpenmarkt 4x CHF 3. &#8211; de caution pour la caisse (cr\u00e9dit\u00e9 lors du retour) Adaptation [&hellip;]\" \/>\n<meta property=\"og:url\" content=\"https:\/\/alpen-markt.ch\/fr\/produkt\/alpenmarkt-panier-hebdomadaire-abonnement-mensuel-petit-4x35-kg\/\" \/>\n<meta property=\"og:site_name\" content=\"Alpenmarkt\" \/>\n<meta property=\"og:image\" content=\"https:\/\/alpen-markt.ch\/wp-content\/uploads\/2025\/11\/9c650384-9de5-4404-a349-ecbb890a5119.png\" \/>\n\t<meta property=\"og:image:width\" content=\"500\" \/>\n\t<meta property=\"og:image:height\" content=\"500\" \/>\n\t<meta property=\"og:image:type\" content=\"image\/png\" \/>\n<meta name=\"twitter:card\" content=\"summary_large_image\" \/>\n<script type=\"application\/ld+json\" class=\"yoast-schema-graph\">{\"@context\":\"https:\\\/\\\/schema.org\",\"@graph\":[{\"@type\":\"WebPage\",\"@id\":\"https:\\\/\\\/alpen-markt.ch\\\/fr\\\/produkt\\\/alpenmarkt-panier-hebdomadaire-abonnement-mensuel-petit-4x35-kg\\\/\",\"url\":\"https:\\\/\\\/alpen-markt.ch\\\/fr\\\/produkt\\\/alpenmarkt-panier-hebdomadaire-abonnement-mensuel-petit-4x35-kg\\\/\",\"name\":\"Alpenmarkt Panier hebdomadaire ABONNEMENT MENSUEL PETIT (4x3,5 kg) - Alpenmarkt\",\"isPartOf\":{\"@id\":\"https:\\\/\\\/alpen-markt.ch\\\/fr\\\/#website\"},\"primaryImageOfPage\":{\"@id\":\"https:\\\/\\\/alpen-markt.ch\\\/fr\\\/produkt\\\/alpenmarkt-panier-hebdomadaire-abonnement-mensuel-petit-4x35-kg\\\/#primaryimage\"},\"image\":{\"@id\":\"https:\\\/\\\/alpen-markt.ch\\\/fr\\\/produkt\\\/alpenmarkt-panier-hebdomadaire-abonnement-mensuel-petit-4x35-kg\\\/#primaryimage\"},\"thumbnailUrl\":\"https:\\\/\\\/alpen-markt.ch\\\/wp-content\\\/uploads\\\/2025\\\/11\\\/9c650384-9de5-4404-a349-ecbb890a5119.png\",\"datePublished\":\"2025-11-25T15:50:33+00:00\",\"breadcrumb\":{\"@id\":\"https:\\\/\\\/alpen-markt.ch\\\/fr\\\/produkt\\\/alpenmarkt-panier-hebdomadaire-abonnement-mensuel-petit-4x35-kg\\\/#breadcrumb\"},\"inLanguage\":\"fr-FR\",\"potentialAction\":[{\"@type\":\"ReadAction\",\"target\":[\"https:\\\/\\\/alpen-markt.ch\\\/fr\\\/produkt\\\/alpenmarkt-panier-hebdomadaire-abonnement-mensuel-petit-4x35-kg\\\/\"]}]},{\"@type\":\"ImageObject\",\"inLanguage\":\"fr-FR\",\"@id\":\"https:\\\/\\\/alpen-markt.ch\\\/fr\\\/produkt\\\/alpenmarkt-panier-hebdomadaire-abonnement-mensuel-petit-4x35-kg\\\/#primaryimage\",\"url\":\"https:\\\/\\\/alpen-markt.ch\\\/wp-content\\\/uploads\\\/2025\\\/11\\\/9c650384-9de5-4404-a349-ecbb890a5119.png\",\"contentUrl\":\"https:\\\/\\\/alpen-markt.ch\\\/wp-content\\\/uploads\\\/2025\\\/11\\\/9c650384-9de5-4404-a349-ecbb890a5119.png\",\"width\":500,\"height\":500},{\"@type\":\"BreadcrumbList\",\"@id\":\"https:\\\/\\\/alpen-markt.ch\\\/fr\\\/produkt\\\/alpenmarkt-panier-hebdomadaire-abonnement-mensuel-petit-4x35-kg\\\/#breadcrumb\",\"itemListElement\":[{\"@type\":\"ListItem\",\"position\":1,\"name\":\"Startseite\",\"item\":\"https:\\\/\\\/alpen-markt.ch\\\/fr\\\/home\\\/\"},{\"@type\":\"ListItem\",\"position\":2,\"name\":\"Boutique en ligne\",\"item\":\"https:\\\/\\\/alpen-markt.ch\\\/fr\\\/boutique-en-ligne\\\/\"},{\"@type\":\"ListItem\",\"position\":3,\"name\":\"Alpenmarkt Panier hebdomadaire ABONNEMENT MENSUEL PETIT (4&#215;3,5 kg)\"}]},{\"@type\":\"WebSite\",\"@id\":\"https:\\\/\\\/alpen-markt.ch\\\/fr\\\/#website\",\"url\":\"https:\\\/\\\/alpen-markt.ch\\\/fr\\\/\",\"name\":\"Alpenmarkt\",\"description\":\"\",\"publisher\":{\"@id\":\"https:\\\/\\\/alpen-markt.ch\\\/fr\\\/#organization\"},\"potentialAction\":[{\"@type\":\"SearchAction\",\"target\":{\"@type\":\"EntryPoint\",\"urlTemplate\":\"https:\\\/\\\/alpen-markt.ch\\\/fr\\\/?s={search_term_string}\"},\"query-input\":{\"@type\":\"PropertyValueSpecification\",\"valueRequired\":true,\"valueName\":\"search_term_string\"}}],\"inLanguage\":\"fr-FR\"},{\"@type\":\"Organization\",\"@id\":\"https:\\\/\\\/alpen-markt.ch\\\/fr\\\/#organization\",\"name\":\"Alpenmarkt\",\"url\":\"https:\\\/\\\/alpen-markt.ch\\\/fr\\\/\",\"logo\":{\"@type\":\"ImageObject\",\"inLanguage\":\"fr-FR\",\"@id\":\"https:\\\/\\\/alpen-markt.ch\\\/fr\\\/#\\\/schema\\\/logo\\\/image\\\/\",\"url\":\"https:\\\/\\\/alpen-markt.ch\\\/wp-content\\\/uploads\\\/2025\\\/11\\\/logo-alpenmarkt.png\",\"contentUrl\":\"https:\\\/\\\/alpen-markt.ch\\\/wp-content\\\/uploads\\\/2025\\\/11\\\/logo-alpenmarkt.png\",\"width\":1048,\"height\":452,\"caption\":\"Alpenmarkt\"},\"image\":{\"@id\":\"https:\\\/\\\/alpen-markt.ch\\\/fr\\\/#\\\/schema\\\/logo\\\/image\\\/\"}}]}<\/script>\n<!-- \/ Yoast SEO plugin. -->","yoast_head_json":{"title":"Alpenmarkt Panier hebdomadaire ABONNEMENT MENSUEL PETIT (4x3,5 kg) - Alpenmarkt","robots":{"index":"index","follow":"follow","max-snippet":"max-snippet:-1","max-image-preview":"max-image-preview:large","max-video-preview":"max-video-preview:-1"},"canonical":"https:\/\/alpen-markt.ch\/fr\/produkt\/alpenmarkt-panier-hebdomadaire-abonnement-mensuel-petit-4x35-kg\/","og_locale":"fr_FR","og_type":"article","og_title":"Alpenmarkt Panier hebdomadaire ABONNEMENT MENSUEL PETIT (4x3,5 kg) - Alpenmarkt","og_description":"Un assortiment saisonnier et r\u00e9gional de fruits et l\u00e9gumes du Valais, id\u00e9al pour la ration hebdomadaire d&rsquo;un petit m\u00e9nage (1 \u00e0 2 personnes). 4x ~1,5 kg de l\u00e9gumes 4x ~1,5 kg de fruits 4x + 500 g d&rsquo;accompagnement de l&rsquo;assortiment Alpenmarkt 4x CHF 3. &#8211; de caution pour la caisse (cr\u00e9dit\u00e9 lors du retour) Adaptation [&hellip;]","og_url":"https:\/\/alpen-markt.ch\/fr\/produkt\/alpenmarkt-panier-hebdomadaire-abonnement-mensuel-petit-4x35-kg\/","og_site_name":"Alpenmarkt","og_image":[{"width":500,"height":500,"url":"https:\/\/alpen-markt.ch\/wp-content\/uploads\/2025\/11\/9c650384-9de5-4404-a349-ecbb890a5119.png","type":"image\/png"}],"twitter_card":"summary_large_image","schema":{"@context":"https:\/\/schema.org","@graph":[{"@type":"WebPage","@id":"https:\/\/alpen-markt.ch\/fr\/produkt\/alpenmarkt-panier-hebdomadaire-abonnement-mensuel-petit-4x35-kg\/","url":"https:\/\/alpen-markt.ch\/fr\/produkt\/alpenmarkt-panier-hebdomadaire-abonnement-mensuel-petit-4x35-kg\/","name":"Alpenmarkt Panier hebdomadaire ABONNEMENT MENSUEL PETIT (4x3,5 kg) - Alpenmarkt","isPartOf":{"@id":"https:\/\/alpen-markt.ch\/fr\/#website"},"primaryImageOfPage":{"@id":"https:\/\/alpen-markt.ch\/fr\/produkt\/alpenmarkt-panier-hebdomadaire-abonnement-mensuel-petit-4x35-kg\/#primaryimage"},"image":{"@id":"https:\/\/alpen-markt.ch\/fr\/produkt\/alpenmarkt-panier-hebdomadaire-abonnement-mensuel-petit-4x35-kg\/#primaryimage"},"thumbnailUrl":"https:\/\/alpen-markt.ch\/wp-content\/uploads\/2025\/11\/9c650384-9de5-4404-a349-ecbb890a5119.png","datePublished":"2025-11-25T15:50:33+00:00","breadcrumb":{"@id":"https:\/\/alpen-markt.ch\/fr\/produkt\/alpenmarkt-panier-hebdomadaire-abonnement-mensuel-petit-4x35-kg\/#breadcrumb"},"inLanguage":"fr-FR","potentialAction":[{"@type":"ReadAction","target":["https:\/\/alpen-markt.ch\/fr\/produkt\/alpenmarkt-panier-hebdomadaire-abonnement-mensuel-petit-4x35-kg\/"]}]},{"@type":"ImageObject","inLanguage":"fr-FR","@id":"https:\/\/alpen-markt.ch\/fr\/produkt\/alpenmarkt-panier-hebdomadaire-abonnement-mensuel-petit-4x35-kg\/#primaryimage","url":"https:\/\/alpen-markt.ch\/wp-content\/uploads\/2025\/11\/9c650384-9de5-4404-a349-ecbb890a5119.png","contentUrl":"https:\/\/alpen-markt.ch\/wp-content\/uploads\/2025\/11\/9c650384-9de5-4404-a349-ecbb890a5119.png","width":500,"height":500},{"@type":"BreadcrumbList","@id":"https:\/\/alpen-markt.ch\/fr\/produkt\/alpenmarkt-panier-hebdomadaire-abonnement-mensuel-petit-4x35-kg\/#breadcrumb","itemListElement":[{"@type":"ListItem","position":1,"name":"Startseite","item":"https:\/\/alpen-markt.ch\/fr\/home\/"},{"@type":"ListItem","position":2,"name":"Boutique en ligne","item":"https:\/\/alpen-markt.ch\/fr\/boutique-en-ligne\/"},{"@type":"ListItem","position":3,"name":"Alpenmarkt Panier hebdomadaire ABONNEMENT MENSUEL PETIT (4&#215;3,5 kg)"}]},{"@type":"WebSite","@id":"https:\/\/alpen-markt.ch\/fr\/#website","url":"https:\/\/alpen-markt.ch\/fr\/","name":"Alpenmarkt","description":"","publisher":{"@id":"https:\/\/alpen-markt.ch\/fr\/#organization"},"potentialAction":[{"@type":"SearchAction","target":{"@type":"EntryPoint","urlTemplate":"https:\/\/alpen-markt.ch\/fr\/?s={search_term_string}"},"query-input":{"@type":"PropertyValueSpecification","valueRequired":true,"valueName":"search_term_string"}}],"inLanguage":"fr-FR"},{"@type":"Organization","@id":"https:\/\/alpen-markt.ch\/fr\/#organization","name":"Alpenmarkt","url":"https:\/\/alpen-markt.ch\/fr\/","logo":{"@type":"ImageObject","inLanguage":"fr-FR","@id":"https:\/\/alpen-markt.ch\/fr\/#\/schema\/logo\/image\/","url":"https:\/\/alpen-markt.ch\/wp-content\/uploads\/2025\/11\/logo-alpenmarkt.png","contentUrl":"https:\/\/alpen-markt.ch\/wp-content\/uploads\/2025\/11\/logo-alpenmarkt.png","width":1048,"height":452,"caption":"Alpenmarkt"},"image":{"@id":"https:\/\/alpen-markt.ch\/fr\/#\/schema\/logo\/image\/"}}]}},"_links":{"self":[{"href":"https:\/\/alpen-markt.ch\/fr\/wp-json\/wp\/v2\/product\/2330","targetHints":{"allow":["GET"]}}],"collection":[{"href":"https:\/\/alpen-markt.ch\/fr\/wp-json\/wp\/v2\/product"}],"about":[{"href":"https:\/\/alpen-markt.ch\/fr\/wp-json\/wp\/v2\/types\/product"}],"wp:featuredmedia":[{"embeddable":true,"href":"https:\/\/alpen-markt.ch\/fr\/wp-json\/wp\/v2\/media\/2311"}],"wp:attachment":[{"href":"https:\/\/alpen-markt.ch\/fr\/wp-json\/wp\/v2\/media?parent=2330"}],"wp:term":[{"taxonomy":"product_brand","embeddable":true,"href":"https:\/\/alpen-markt.ch\/fr\/wp-json\/wp\/v2\/product_brand?post=2330"},{"taxonomy":"product_cat","embeddable":true,"href":"https:\/\/alpen-markt.ch\/fr\/wp-json\/wp\/v2\/product_cat?post=2330"},{"taxonomy":"product_tag","embeddable":true,"href":"https:\/\/alpen-markt.ch\/fr\/wp-json\/wp\/v2\/product_tag?post=2330"}],"curies":[{"name":"wp","href":"https:\/\/api.w.org\/{rel}","templated":true}]}}