{"id":2319,"date":"2025-11-25T16:50:33","date_gmt":"2025-11-25T15:50:33","guid":{"rendered":"https:\/\/alpen-markt.ch\/produkt\/alpenmarkt-panier-hebdomadaire-grand-format-8-kg-semaine-52\/"},"modified":"2026-04-10T13:30:20","modified_gmt":"2026-04-10T11:30:20","slug":"alpenmarkt-panier-hebdomadaire-grand-format-8-kg-semaine-52","status":"publish","type":"product","link":"https:\/\/alpen-markt.ch\/fr\/produkt\/alpenmarkt-panier-hebdomadaire-grand-format-8-kg-semaine-52\/","title":{"rendered":"Alpenmarkt panier hebdo GRAND (8kg) &#8211; semaine 16"},"content":{"rendered":"<p>Un m\u00e9lange saisonnier et r\u00e9gional de l\u00e9gumes et de fruits provenant du Valais &#8211; id\u00e9al pour la ration hebdomadaire dans un grand m\u00e9nage (3-4 personnes).<\/p>\n<p>La semaine prochaine (13 &#8211; 18 avril) dans le panier :<br \/>pommes Goldrush, kiwis, oranges, asperges, radis, c\u00f4tes de bette, carottes, pommes de terre Azili (\u00e0 chair ferme), oignons nouveaux, betteraves, salade de saison<br \/>+ carr\u00e9s chocolat-noisette (c\u00e9r\u00e9ales pour le petit-d\u00e9jeuner)<\/p>\n<p>~4 kg de l\u00e9gumes<br \/>\n~3 kg de fruits<br \/>\n+ 1 kg d&rsquo;accompagnement issu de l&rsquo;assortiment Alpenmarkt<br \/>\nCHF 3.- de caution pour la caisse + le sac (cr\u00e9dit\u00e9 lors de la restitution)<\/p>\n<p>Adaptation individuelle ? -&gt; \u00e9crire dans les commentaires de la commande<\/p>\n<p>Les caisses et les sacs de nos paniers hebdomadaires sont utilis\u00e9s dans un syst\u00e8me circulaire et lav\u00e9s par nos soins et ceux de l&rsquo;Atelier Manus apr\u00e8s chaque utilisation. Notre devise : r\u00e9utilisable plut\u00f4t que jetable. <\/p>\n<p>*Les quantit\u00e9s indiqu\u00e9es sont des valeurs indicatives, le facteur d\u00e9terminant est la valeur des marchandises. Des modifications \u00e0 court terme en raison de la disponibilit\u00e9 sont possibles. <\/p>\n","protected":false},"excerpt":{"rendered":"<p>Un m\u00e9lange saisonnier et r\u00e9gional de l\u00e9gumes et de fruits provenant du Valais &#8211; id\u00e9al pour la ration hebdomadaire dans un grand m\u00e9nage (3-4 personnes). La semaine prochaine (13 &#8211; 18 avril) dans le panier :pommes Goldrush, kiwis, oranges, asperges, radis, c\u00f4tes de bette, carottes, pommes de terre Azili (\u00e0 chair ferme), oignons nouveaux, betteraves, [&hellip;]<\/p>\n","protected":false},"featured_media":2311,"template":"","meta":[],"product_brand":[],"product_cat":[62],"product_tag":[],"class_list":{"0":"post-2319","1":"product","2":"type-product","3":"status-publish","4":"has-post-thumbnail","6":"product_cat-mes-courses-hebdo-regionales-paniers-hebdomadaires","8":"first","9":"instock","10":"taxable","11":"shipping-taxable","12":"purchasable","13":"product-type-variable"},"yoast_head":"<!-- This site is optimized with the Yoast SEO plugin v27.4 - https:\/\/yoast.com\/product\/yoast-seo-wordpress\/ -->\n<title>Alpenmarkt panier hebdo GRAND (8kg) - semaine 16 - Alpenmarkt<\/title>\n<meta name=\"robots\" content=\"index, follow, max-snippet:-1, max-image-preview:large, max-video-preview:-1\" \/>\n<link rel=\"canonical\" href=\"https:\/\/alpen-markt.ch\/fr\/produkt\/alpenmarkt-panier-hebdomadaire-grand-format-8-kg-semaine-52\/\" \/>\n<meta property=\"og:locale\" content=\"fr_FR\" \/>\n<meta property=\"og:type\" content=\"article\" \/>\n<meta property=\"og:title\" content=\"Alpenmarkt panier hebdo GRAND (8kg) - semaine 16 - Alpenmarkt\" \/>\n<meta property=\"og:description\" content=\"Un m\u00e9lange saisonnier et r\u00e9gional de l\u00e9gumes et de fruits provenant du Valais &#8211; id\u00e9al pour la ration hebdomadaire dans un grand m\u00e9nage (3-4 personnes). La semaine prochaine (13 &#8211; 18 avril) dans le panier :pommes Goldrush, kiwis, oranges, asperges, radis, c\u00f4tes de bette, carottes, pommes de terre Azili (\u00e0 chair ferme), oignons nouveaux, betteraves, [&hellip;]\" \/>\n<meta property=\"og:url\" content=\"https:\/\/alpen-markt.ch\/fr\/produkt\/alpenmarkt-panier-hebdomadaire-grand-format-8-kg-semaine-52\/\" \/>\n<meta property=\"og:site_name\" content=\"Alpenmarkt\" \/>\n<meta property=\"article:modified_time\" content=\"2026-04-10T11:30:20+00:00\" \/>\n<meta property=\"og:image\" content=\"https:\/\/alpen-markt.ch\/wp-content\/uploads\/2025\/11\/9c650384-9de5-4404-a349-ecbb890a5119.png\" \/>\n\t<meta property=\"og:image:width\" content=\"500\" \/>\n\t<meta property=\"og:image:height\" content=\"500\" \/>\n\t<meta property=\"og:image:type\" content=\"image\/png\" \/>\n<meta name=\"twitter:card\" content=\"summary_large_image\" \/>\n<meta name=\"twitter:label1\" content=\"Dur\u00e9e de lecture estim\u00e9e\" \/>\n\t<meta name=\"twitter:data1\" content=\"1 minute\" \/>\n<script type=\"application\/ld+json\" class=\"yoast-schema-graph\">{\"@context\":\"https:\\\/\\\/schema.org\",\"@graph\":[{\"@type\":\"WebPage\",\"@id\":\"https:\\\/\\\/alpen-markt.ch\\\/fr\\\/produkt\\\/alpenmarkt-panier-hebdomadaire-grand-format-8-kg-semaine-52\\\/\",\"url\":\"https:\\\/\\\/alpen-markt.ch\\\/fr\\\/produkt\\\/alpenmarkt-panier-hebdomadaire-grand-format-8-kg-semaine-52\\\/\",\"name\":\"Alpenmarkt panier hebdo GRAND (8kg) - semaine 16 - Alpenmarkt\",\"isPartOf\":{\"@id\":\"https:\\\/\\\/alpen-markt.ch\\\/fr\\\/#website\"},\"primaryImageOfPage\":{\"@id\":\"https:\\\/\\\/alpen-markt.ch\\\/fr\\\/produkt\\\/alpenmarkt-panier-hebdomadaire-grand-format-8-kg-semaine-52\\\/#primaryimage\"},\"image\":{\"@id\":\"https:\\\/\\\/alpen-markt.ch\\\/fr\\\/produkt\\\/alpenmarkt-panier-hebdomadaire-grand-format-8-kg-semaine-52\\\/#primaryimage\"},\"thumbnailUrl\":\"https:\\\/\\\/alpen-markt.ch\\\/wp-content\\\/uploads\\\/2025\\\/11\\\/9c650384-9de5-4404-a349-ecbb890a5119.png\",\"datePublished\":\"2025-11-25T15:50:33+00:00\",\"dateModified\":\"2026-04-10T11:30:20+00:00\",\"breadcrumb\":{\"@id\":\"https:\\\/\\\/alpen-markt.ch\\\/fr\\\/produkt\\\/alpenmarkt-panier-hebdomadaire-grand-format-8-kg-semaine-52\\\/#breadcrumb\"},\"inLanguage\":\"fr-FR\",\"potentialAction\":[{\"@type\":\"ReadAction\",\"target\":[\"https:\\\/\\\/alpen-markt.ch\\\/fr\\\/produkt\\\/alpenmarkt-panier-hebdomadaire-grand-format-8-kg-semaine-52\\\/\"]}]},{\"@type\":\"ImageObject\",\"inLanguage\":\"fr-FR\",\"@id\":\"https:\\\/\\\/alpen-markt.ch\\\/fr\\\/produkt\\\/alpenmarkt-panier-hebdomadaire-grand-format-8-kg-semaine-52\\\/#primaryimage\",\"url\":\"https:\\\/\\\/alpen-markt.ch\\\/wp-content\\\/uploads\\\/2025\\\/11\\\/9c650384-9de5-4404-a349-ecbb890a5119.png\",\"contentUrl\":\"https:\\\/\\\/alpen-markt.ch\\\/wp-content\\\/uploads\\\/2025\\\/11\\\/9c650384-9de5-4404-a349-ecbb890a5119.png\",\"width\":500,\"height\":500},{\"@type\":\"BreadcrumbList\",\"@id\":\"https:\\\/\\\/alpen-markt.ch\\\/fr\\\/produkt\\\/alpenmarkt-panier-hebdomadaire-grand-format-8-kg-semaine-52\\\/#breadcrumb\",\"itemListElement\":[{\"@type\":\"ListItem\",\"position\":1,\"name\":\"Startseite\",\"item\":\"https:\\\/\\\/alpen-markt.ch\\\/fr\\\/home\\\/\"},{\"@type\":\"ListItem\",\"position\":2,\"name\":\"Boutique en ligne\",\"item\":\"https:\\\/\\\/alpen-markt.ch\\\/fr\\\/boutique-en-ligne\\\/\"},{\"@type\":\"ListItem\",\"position\":3,\"name\":\"Alpenmarkt panier hebdo GRAND (8kg) &#8211; semaine 16\"}]},{\"@type\":\"WebSite\",\"@id\":\"https:\\\/\\\/alpen-markt.ch\\\/fr\\\/#website\",\"url\":\"https:\\\/\\\/alpen-markt.ch\\\/fr\\\/\",\"name\":\"Alpenmarkt\",\"description\":\"\",\"publisher\":{\"@id\":\"https:\\\/\\\/alpen-markt.ch\\\/fr\\\/#organization\"},\"potentialAction\":[{\"@type\":\"SearchAction\",\"target\":{\"@type\":\"EntryPoint\",\"urlTemplate\":\"https:\\\/\\\/alpen-markt.ch\\\/fr\\\/?s={search_term_string}\"},\"query-input\":{\"@type\":\"PropertyValueSpecification\",\"valueRequired\":true,\"valueName\":\"search_term_string\"}}],\"inLanguage\":\"fr-FR\"},{\"@type\":\"Organization\",\"@id\":\"https:\\\/\\\/alpen-markt.ch\\\/fr\\\/#organization\",\"name\":\"Alpenmarkt\",\"url\":\"https:\\\/\\\/alpen-markt.ch\\\/fr\\\/\",\"logo\":{\"@type\":\"ImageObject\",\"inLanguage\":\"fr-FR\",\"@id\":\"https:\\\/\\\/alpen-markt.ch\\\/fr\\\/#\\\/schema\\\/logo\\\/image\\\/\",\"url\":\"https:\\\/\\\/alpen-markt.ch\\\/wp-content\\\/uploads\\\/2025\\\/11\\\/logo-alpenmarkt.png\",\"contentUrl\":\"https:\\\/\\\/alpen-markt.ch\\\/wp-content\\\/uploads\\\/2025\\\/11\\\/logo-alpenmarkt.png\",\"width\":1048,\"height\":452,\"caption\":\"Alpenmarkt\"},\"image\":{\"@id\":\"https:\\\/\\\/alpen-markt.ch\\\/fr\\\/#\\\/schema\\\/logo\\\/image\\\/\"}}]}<\/script>\n<!-- \/ Yoast SEO plugin. -->","yoast_head_json":{"title":"Alpenmarkt panier hebdo GRAND (8kg) - semaine 16 - Alpenmarkt","robots":{"index":"index","follow":"follow","max-snippet":"max-snippet:-1","max-image-preview":"max-image-preview:large","max-video-preview":"max-video-preview:-1"},"canonical":"https:\/\/alpen-markt.ch\/fr\/produkt\/alpenmarkt-panier-hebdomadaire-grand-format-8-kg-semaine-52\/","og_locale":"fr_FR","og_type":"article","og_title":"Alpenmarkt panier hebdo GRAND (8kg) - semaine 16 - Alpenmarkt","og_description":"Un m\u00e9lange saisonnier et r\u00e9gional de l\u00e9gumes et de fruits provenant du Valais &#8211; id\u00e9al pour la ration hebdomadaire dans un grand m\u00e9nage (3-4 personnes). La semaine prochaine (13 &#8211; 18 avril) dans le panier :pommes Goldrush, kiwis, oranges, asperges, radis, c\u00f4tes de bette, carottes, pommes de terre Azili (\u00e0 chair ferme), oignons nouveaux, betteraves, [&hellip;]","og_url":"https:\/\/alpen-markt.ch\/fr\/produkt\/alpenmarkt-panier-hebdomadaire-grand-format-8-kg-semaine-52\/","og_site_name":"Alpenmarkt","article_modified_time":"2026-04-10T11:30:20+00:00","og_image":[{"width":500,"height":500,"url":"https:\/\/alpen-markt.ch\/wp-content\/uploads\/2025\/11\/9c650384-9de5-4404-a349-ecbb890a5119.png","type":"image\/png"}],"twitter_card":"summary_large_image","twitter_misc":{"Dur\u00e9e de lecture estim\u00e9e":"1 minute"},"schema":{"@context":"https:\/\/schema.org","@graph":[{"@type":"WebPage","@id":"https:\/\/alpen-markt.ch\/fr\/produkt\/alpenmarkt-panier-hebdomadaire-grand-format-8-kg-semaine-52\/","url":"https:\/\/alpen-markt.ch\/fr\/produkt\/alpenmarkt-panier-hebdomadaire-grand-format-8-kg-semaine-52\/","name":"Alpenmarkt panier hebdo GRAND (8kg) - semaine 16 - Alpenmarkt","isPartOf":{"@id":"https:\/\/alpen-markt.ch\/fr\/#website"},"primaryImageOfPage":{"@id":"https:\/\/alpen-markt.ch\/fr\/produkt\/alpenmarkt-panier-hebdomadaire-grand-format-8-kg-semaine-52\/#primaryimage"},"image":{"@id":"https:\/\/alpen-markt.ch\/fr\/produkt\/alpenmarkt-panier-hebdomadaire-grand-format-8-kg-semaine-52\/#primaryimage"},"thumbnailUrl":"https:\/\/alpen-markt.ch\/wp-content\/uploads\/2025\/11\/9c650384-9de5-4404-a349-ecbb890a5119.png","datePublished":"2025-11-25T15:50:33+00:00","dateModified":"2026-04-10T11:30:20+00:00","breadcrumb":{"@id":"https:\/\/alpen-markt.ch\/fr\/produkt\/alpenmarkt-panier-hebdomadaire-grand-format-8-kg-semaine-52\/#breadcrumb"},"inLanguage":"fr-FR","potentialAction":[{"@type":"ReadAction","target":["https:\/\/alpen-markt.ch\/fr\/produkt\/alpenmarkt-panier-hebdomadaire-grand-format-8-kg-semaine-52\/"]}]},{"@type":"ImageObject","inLanguage":"fr-FR","@id":"https:\/\/alpen-markt.ch\/fr\/produkt\/alpenmarkt-panier-hebdomadaire-grand-format-8-kg-semaine-52\/#primaryimage","url":"https:\/\/alpen-markt.ch\/wp-content\/uploads\/2025\/11\/9c650384-9de5-4404-a349-ecbb890a5119.png","contentUrl":"https:\/\/alpen-markt.ch\/wp-content\/uploads\/2025\/11\/9c650384-9de5-4404-a349-ecbb890a5119.png","width":500,"height":500},{"@type":"BreadcrumbList","@id":"https:\/\/alpen-markt.ch\/fr\/produkt\/alpenmarkt-panier-hebdomadaire-grand-format-8-kg-semaine-52\/#breadcrumb","itemListElement":[{"@type":"ListItem","position":1,"name":"Startseite","item":"https:\/\/alpen-markt.ch\/fr\/home\/"},{"@type":"ListItem","position":2,"name":"Boutique en ligne","item":"https:\/\/alpen-markt.ch\/fr\/boutique-en-ligne\/"},{"@type":"ListItem","position":3,"name":"Alpenmarkt panier hebdo GRAND (8kg) &#8211; semaine 16"}]},{"@type":"WebSite","@id":"https:\/\/alpen-markt.ch\/fr\/#website","url":"https:\/\/alpen-markt.ch\/fr\/","name":"Alpenmarkt","description":"","publisher":{"@id":"https:\/\/alpen-markt.ch\/fr\/#organization"},"potentialAction":[{"@type":"SearchAction","target":{"@type":"EntryPoint","urlTemplate":"https:\/\/alpen-markt.ch\/fr\/?s={search_term_string}"},"query-input":{"@type":"PropertyValueSpecification","valueRequired":true,"valueName":"search_term_string"}}],"inLanguage":"fr-FR"},{"@type":"Organization","@id":"https:\/\/alpen-markt.ch\/fr\/#organization","name":"Alpenmarkt","url":"https:\/\/alpen-markt.ch\/fr\/","logo":{"@type":"ImageObject","inLanguage":"fr-FR","@id":"https:\/\/alpen-markt.ch\/fr\/#\/schema\/logo\/image\/","url":"https:\/\/alpen-markt.ch\/wp-content\/uploads\/2025\/11\/logo-alpenmarkt.png","contentUrl":"https:\/\/alpen-markt.ch\/wp-content\/uploads\/2025\/11\/logo-alpenmarkt.png","width":1048,"height":452,"caption":"Alpenmarkt"},"image":{"@id":"https:\/\/alpen-markt.ch\/fr\/#\/schema\/logo\/image\/"}}]}},"_links":{"self":[{"href":"https:\/\/alpen-markt.ch\/fr\/wp-json\/wp\/v2\/product\/2319","targetHints":{"allow":["GET"]}}],"collection":[{"href":"https:\/\/alpen-markt.ch\/fr\/wp-json\/wp\/v2\/product"}],"about":[{"href":"https:\/\/alpen-markt.ch\/fr\/wp-json\/wp\/v2\/types\/product"}],"wp:featuredmedia":[{"embeddable":true,"href":"https:\/\/alpen-markt.ch\/fr\/wp-json\/wp\/v2\/media\/2311"}],"wp:attachment":[{"href":"https:\/\/alpen-markt.ch\/fr\/wp-json\/wp\/v2\/media?parent=2319"}],"wp:term":[{"taxonomy":"product_brand","embeddable":true,"href":"https:\/\/alpen-markt.ch\/fr\/wp-json\/wp\/v2\/product_brand?post=2319"},{"taxonomy":"product_cat","embeddable":true,"href":"https:\/\/alpen-markt.ch\/fr\/wp-json\/wp\/v2\/product_cat?post=2319"},{"taxonomy":"product_tag","embeddable":true,"href":"https:\/\/alpen-markt.ch\/fr\/wp-json\/wp\/v2\/product_tag?post=2319"}],"curies":[{"name":"wp","href":"https:\/\/api.w.org\/{rel}","templated":true}]}}