{"id":2195,"date":"2025-11-25T16:50:29","date_gmt":"2025-11-25T15:50:29","guid":{"rendered":"https:\/\/alpen-markt.ch\/produkt\/3-miina-hoeiptgang-mon-plat-principal\/"},"modified":"2026-01-18T12:00:35","modified_gmt":"2026-01-18T11:00:35","slug":"3-miina-hoeiptgang-mon-plat-principal","status":"publish","type":"product","link":"https:\/\/alpen-markt.ch\/fr\/produkt\/3-miina-hoeiptgang-mon-plat-principal\/","title":{"rendered":"3) Mon plat principal"},"content":{"rendered":"<p>L\u00e9ger ou copieux ?<\/p>\n<p>D\u00c9JEUNER ALPIN<br \/>\nSoupe du jour (potiron-ch\u00e2taigne \/ l\u00e9gumes \/ carotte-tha\u00ef), herbes d&rsquo;Ernen, fromage, saucisse maison, pain, une pinc\u00e9e d&rsquo;air alpin<br \/>\n(\u00e9galement v\u00e9g\u00e9tarien ou v\u00e9g\u00e9talien)<\/p>\n<p>COUSCOUS AUX HERBES DES ALPES<br \/>\nCouscous, amandes, raisins de Corinthe, herbes d&rsquo;Ernen, curry, sel, une pinc\u00e9e d&rsquo;air alpin<\/p>\n<p>CHOLERA BURGER<br \/>\nPommes de terre, fromage \u00e0 raclette, poireaux\/oignons, pommes, sel, poivre, p\u00e2te bris\u00e9e, une pinc\u00e9e d&rsquo;air de la vall\u00e9e de Conches<\/p>\n<p>PIZZA NOVENA CUITE AU FOUR \u00c0 BOIS<br \/>\nP\u00e2te \u00e0 l&rsquo;\u00e9peautre Margherita \/ p\u00e2te \u00e0 l&rsquo;\u00e9peautre Quattro Stagioni, une pinc\u00e9e d&rsquo;air du col du Nufenen<\/p>\n","protected":false},"excerpt":{"rendered":"<p>L\u00e9ger ou copieux ? D\u00c9JEUNER ALPIN Soupe du jour (potiron-ch\u00e2taigne \/ l\u00e9gumes \/ carotte-tha\u00ef), herbes d&rsquo;Ernen, fromage, saucisse maison, pain, une pinc\u00e9e d&rsquo;air alpin (\u00e9galement v\u00e9g\u00e9tarien ou v\u00e9g\u00e9talien) COUSCOUS AUX HERBES DES ALPES Couscous, amandes, raisins de Corinthe, herbes d&rsquo;Ernen, curry, sel, une pinc\u00e9e d&rsquo;air alpin CHOLERA BURGER Pommes de terre, fromage \u00e0 raclette, poireaux\/oignons, [&hellip;]<\/p>\n","protected":false},"featured_media":2196,"template":"","meta":[],"product_brand":[],"product_cat":[69],"product_tag":[],"class_list":{"0":"post-2195","1":"product","2":"type-product","3":"status-publish","4":"has-post-thumbnail","6":"product_cat-lunch-box-choisir-recuperer-savourer","8":"first","9":"instock","10":"taxable","11":"shipping-taxable","12":"purchasable","13":"product-type-variable"},"yoast_head":"<!-- This site is optimized with the Yoast SEO plugin v27.4 - https:\/\/yoast.com\/product\/yoast-seo-wordpress\/ -->\n<title>3) Mon plat principal - Alpenmarkt<\/title>\n<meta name=\"robots\" content=\"index, follow, max-snippet:-1, max-image-preview:large, max-video-preview:-1\" \/>\n<link rel=\"canonical\" href=\"https:\/\/alpen-markt.ch\/fr\/produkt\/3-miina-hoeiptgang-mon-plat-principal\/\" \/>\n<meta property=\"og:locale\" content=\"fr_FR\" \/>\n<meta property=\"og:type\" content=\"article\" \/>\n<meta property=\"og:title\" content=\"3) Mon plat principal - Alpenmarkt\" \/>\n<meta property=\"og:description\" content=\"L\u00e9ger ou copieux ? D\u00c9JEUNER ALPIN Soupe du jour (potiron-ch\u00e2taigne \/ l\u00e9gumes \/ carotte-tha\u00ef), herbes d&rsquo;Ernen, fromage, saucisse maison, pain, une pinc\u00e9e d&rsquo;air alpin (\u00e9galement v\u00e9g\u00e9tarien ou v\u00e9g\u00e9talien) COUSCOUS AUX HERBES DES ALPES Couscous, amandes, raisins de Corinthe, herbes d&rsquo;Ernen, curry, sel, une pinc\u00e9e d&rsquo;air alpin CHOLERA BURGER Pommes de terre, fromage \u00e0 raclette, poireaux\/oignons, [&hellip;]\" \/>\n<meta property=\"og:url\" content=\"https:\/\/alpen-markt.ch\/fr\/produkt\/3-miina-hoeiptgang-mon-plat-principal\/\" \/>\n<meta property=\"og:site_name\" content=\"Alpenmarkt\" \/>\n<meta property=\"article:modified_time\" content=\"2026-01-18T11:00:35+00:00\" \/>\n<meta property=\"og:image\" content=\"https:\/\/alpen-markt.ch\/wp-content\/uploads\/2025\/12\/faa4135e-012f-4905-aea0-cc602284c16f.png\" \/>\n\t<meta property=\"og:image:width\" content=\"500\" \/>\n\t<meta property=\"og:image:height\" content=\"500\" \/>\n\t<meta property=\"og:image:type\" content=\"image\/png\" \/>\n<meta name=\"twitter:card\" content=\"summary_large_image\" \/>\n<meta name=\"twitter:label1\" content=\"Dur\u00e9e de lecture estim\u00e9e\" \/>\n\t<meta name=\"twitter:data1\" content=\"1 minute\" \/>\n<script type=\"application\/ld+json\" class=\"yoast-schema-graph\">{\"@context\":\"https:\\\/\\\/schema.org\",\"@graph\":[{\"@type\":\"WebPage\",\"@id\":\"https:\\\/\\\/alpen-markt.ch\\\/fr\\\/produkt\\\/3-miina-hoeiptgang-mon-plat-principal\\\/\",\"url\":\"https:\\\/\\\/alpen-markt.ch\\\/fr\\\/produkt\\\/3-miina-hoeiptgang-mon-plat-principal\\\/\",\"name\":\"3) Mon plat principal - Alpenmarkt\",\"isPartOf\":{\"@id\":\"https:\\\/\\\/alpen-markt.ch\\\/fr\\\/#website\"},\"primaryImageOfPage\":{\"@id\":\"https:\\\/\\\/alpen-markt.ch\\\/fr\\\/produkt\\\/3-miina-hoeiptgang-mon-plat-principal\\\/#primaryimage\"},\"image\":{\"@id\":\"https:\\\/\\\/alpen-markt.ch\\\/fr\\\/produkt\\\/3-miina-hoeiptgang-mon-plat-principal\\\/#primaryimage\"},\"thumbnailUrl\":\"https:\\\/\\\/alpen-markt.ch\\\/wp-content\\\/uploads\\\/2025\\\/12\\\/faa4135e-012f-4905-aea0-cc602284c16f.png\",\"datePublished\":\"2025-11-25T15:50:29+00:00\",\"dateModified\":\"2026-01-18T11:00:35+00:00\",\"breadcrumb\":{\"@id\":\"https:\\\/\\\/alpen-markt.ch\\\/fr\\\/produkt\\\/3-miina-hoeiptgang-mon-plat-principal\\\/#breadcrumb\"},\"inLanguage\":\"fr-FR\",\"potentialAction\":[{\"@type\":\"ReadAction\",\"target\":[\"https:\\\/\\\/alpen-markt.ch\\\/fr\\\/produkt\\\/3-miina-hoeiptgang-mon-plat-principal\\\/\"]}]},{\"@type\":\"ImageObject\",\"inLanguage\":\"fr-FR\",\"@id\":\"https:\\\/\\\/alpen-markt.ch\\\/fr\\\/produkt\\\/3-miina-hoeiptgang-mon-plat-principal\\\/#primaryimage\",\"url\":\"https:\\\/\\\/alpen-markt.ch\\\/wp-content\\\/uploads\\\/2025\\\/12\\\/faa4135e-012f-4905-aea0-cc602284c16f.png\",\"contentUrl\":\"https:\\\/\\\/alpen-markt.ch\\\/wp-content\\\/uploads\\\/2025\\\/12\\\/faa4135e-012f-4905-aea0-cc602284c16f.png\",\"width\":500,\"height\":500},{\"@type\":\"BreadcrumbList\",\"@id\":\"https:\\\/\\\/alpen-markt.ch\\\/fr\\\/produkt\\\/3-miina-hoeiptgang-mon-plat-principal\\\/#breadcrumb\",\"itemListElement\":[{\"@type\":\"ListItem\",\"position\":1,\"name\":\"Startseite\",\"item\":\"https:\\\/\\\/alpen-markt.ch\\\/fr\\\/home\\\/\"},{\"@type\":\"ListItem\",\"position\":2,\"name\":\"Boutique en ligne\",\"item\":\"https:\\\/\\\/alpen-markt.ch\\\/fr\\\/boutique-en-ligne\\\/\"},{\"@type\":\"ListItem\",\"position\":3,\"name\":\"3) Mon plat principal\"}]},{\"@type\":\"WebSite\",\"@id\":\"https:\\\/\\\/alpen-markt.ch\\\/fr\\\/#website\",\"url\":\"https:\\\/\\\/alpen-markt.ch\\\/fr\\\/\",\"name\":\"Alpenmarkt\",\"description\":\"\",\"publisher\":{\"@id\":\"https:\\\/\\\/alpen-markt.ch\\\/fr\\\/#organization\"},\"potentialAction\":[{\"@type\":\"SearchAction\",\"target\":{\"@type\":\"EntryPoint\",\"urlTemplate\":\"https:\\\/\\\/alpen-markt.ch\\\/fr\\\/?s={search_term_string}\"},\"query-input\":{\"@type\":\"PropertyValueSpecification\",\"valueRequired\":true,\"valueName\":\"search_term_string\"}}],\"inLanguage\":\"fr-FR\"},{\"@type\":\"Organization\",\"@id\":\"https:\\\/\\\/alpen-markt.ch\\\/fr\\\/#organization\",\"name\":\"Alpenmarkt\",\"url\":\"https:\\\/\\\/alpen-markt.ch\\\/fr\\\/\",\"logo\":{\"@type\":\"ImageObject\",\"inLanguage\":\"fr-FR\",\"@id\":\"https:\\\/\\\/alpen-markt.ch\\\/fr\\\/#\\\/schema\\\/logo\\\/image\\\/\",\"url\":\"https:\\\/\\\/alpen-markt.ch\\\/wp-content\\\/uploads\\\/2025\\\/11\\\/logo-alpenmarkt.png\",\"contentUrl\":\"https:\\\/\\\/alpen-markt.ch\\\/wp-content\\\/uploads\\\/2025\\\/11\\\/logo-alpenmarkt.png\",\"width\":1048,\"height\":452,\"caption\":\"Alpenmarkt\"},\"image\":{\"@id\":\"https:\\\/\\\/alpen-markt.ch\\\/fr\\\/#\\\/schema\\\/logo\\\/image\\\/\"}}]}<\/script>\n<!-- \/ Yoast SEO plugin. -->","yoast_head_json":{"title":"3) Mon plat principal - Alpenmarkt","robots":{"index":"index","follow":"follow","max-snippet":"max-snippet:-1","max-image-preview":"max-image-preview:large","max-video-preview":"max-video-preview:-1"},"canonical":"https:\/\/alpen-markt.ch\/fr\/produkt\/3-miina-hoeiptgang-mon-plat-principal\/","og_locale":"fr_FR","og_type":"article","og_title":"3) Mon plat principal - Alpenmarkt","og_description":"L\u00e9ger ou copieux ? D\u00c9JEUNER ALPIN Soupe du jour (potiron-ch\u00e2taigne \/ l\u00e9gumes \/ carotte-tha\u00ef), herbes d&rsquo;Ernen, fromage, saucisse maison, pain, une pinc\u00e9e d&rsquo;air alpin (\u00e9galement v\u00e9g\u00e9tarien ou v\u00e9g\u00e9talien) COUSCOUS AUX HERBES DES ALPES Couscous, amandes, raisins de Corinthe, herbes d&rsquo;Ernen, curry, sel, une pinc\u00e9e d&rsquo;air alpin CHOLERA BURGER Pommes de terre, fromage \u00e0 raclette, poireaux\/oignons, [&hellip;]","og_url":"https:\/\/alpen-markt.ch\/fr\/produkt\/3-miina-hoeiptgang-mon-plat-principal\/","og_site_name":"Alpenmarkt","article_modified_time":"2026-01-18T11:00:35+00:00","og_image":[{"width":500,"height":500,"url":"https:\/\/alpen-markt.ch\/wp-content\/uploads\/2025\/12\/faa4135e-012f-4905-aea0-cc602284c16f.png","type":"image\/png"}],"twitter_card":"summary_large_image","twitter_misc":{"Dur\u00e9e de lecture estim\u00e9e":"1 minute"},"schema":{"@context":"https:\/\/schema.org","@graph":[{"@type":"WebPage","@id":"https:\/\/alpen-markt.ch\/fr\/produkt\/3-miina-hoeiptgang-mon-plat-principal\/","url":"https:\/\/alpen-markt.ch\/fr\/produkt\/3-miina-hoeiptgang-mon-plat-principal\/","name":"3) Mon plat principal - Alpenmarkt","isPartOf":{"@id":"https:\/\/alpen-markt.ch\/fr\/#website"},"primaryImageOfPage":{"@id":"https:\/\/alpen-markt.ch\/fr\/produkt\/3-miina-hoeiptgang-mon-plat-principal\/#primaryimage"},"image":{"@id":"https:\/\/alpen-markt.ch\/fr\/produkt\/3-miina-hoeiptgang-mon-plat-principal\/#primaryimage"},"thumbnailUrl":"https:\/\/alpen-markt.ch\/wp-content\/uploads\/2025\/12\/faa4135e-012f-4905-aea0-cc602284c16f.png","datePublished":"2025-11-25T15:50:29+00:00","dateModified":"2026-01-18T11:00:35+00:00","breadcrumb":{"@id":"https:\/\/alpen-markt.ch\/fr\/produkt\/3-miina-hoeiptgang-mon-plat-principal\/#breadcrumb"},"inLanguage":"fr-FR","potentialAction":[{"@type":"ReadAction","target":["https:\/\/alpen-markt.ch\/fr\/produkt\/3-miina-hoeiptgang-mon-plat-principal\/"]}]},{"@type":"ImageObject","inLanguage":"fr-FR","@id":"https:\/\/alpen-markt.ch\/fr\/produkt\/3-miina-hoeiptgang-mon-plat-principal\/#primaryimage","url":"https:\/\/alpen-markt.ch\/wp-content\/uploads\/2025\/12\/faa4135e-012f-4905-aea0-cc602284c16f.png","contentUrl":"https:\/\/alpen-markt.ch\/wp-content\/uploads\/2025\/12\/faa4135e-012f-4905-aea0-cc602284c16f.png","width":500,"height":500},{"@type":"BreadcrumbList","@id":"https:\/\/alpen-markt.ch\/fr\/produkt\/3-miina-hoeiptgang-mon-plat-principal\/#breadcrumb","itemListElement":[{"@type":"ListItem","position":1,"name":"Startseite","item":"https:\/\/alpen-markt.ch\/fr\/home\/"},{"@type":"ListItem","position":2,"name":"Boutique en ligne","item":"https:\/\/alpen-markt.ch\/fr\/boutique-en-ligne\/"},{"@type":"ListItem","position":3,"name":"3) Mon plat principal"}]},{"@type":"WebSite","@id":"https:\/\/alpen-markt.ch\/fr\/#website","url":"https:\/\/alpen-markt.ch\/fr\/","name":"Alpenmarkt","description":"","publisher":{"@id":"https:\/\/alpen-markt.ch\/fr\/#organization"},"potentialAction":[{"@type":"SearchAction","target":{"@type":"EntryPoint","urlTemplate":"https:\/\/alpen-markt.ch\/fr\/?s={search_term_string}"},"query-input":{"@type":"PropertyValueSpecification","valueRequired":true,"valueName":"search_term_string"}}],"inLanguage":"fr-FR"},{"@type":"Organization","@id":"https:\/\/alpen-markt.ch\/fr\/#organization","name":"Alpenmarkt","url":"https:\/\/alpen-markt.ch\/fr\/","logo":{"@type":"ImageObject","inLanguage":"fr-FR","@id":"https:\/\/alpen-markt.ch\/fr\/#\/schema\/logo\/image\/","url":"https:\/\/alpen-markt.ch\/wp-content\/uploads\/2025\/11\/logo-alpenmarkt.png","contentUrl":"https:\/\/alpen-markt.ch\/wp-content\/uploads\/2025\/11\/logo-alpenmarkt.png","width":1048,"height":452,"caption":"Alpenmarkt"},"image":{"@id":"https:\/\/alpen-markt.ch\/fr\/#\/schema\/logo\/image\/"}}]}},"_links":{"self":[{"href":"https:\/\/alpen-markt.ch\/fr\/wp-json\/wp\/v2\/product\/2195","targetHints":{"allow":["GET"]}}],"collection":[{"href":"https:\/\/alpen-markt.ch\/fr\/wp-json\/wp\/v2\/product"}],"about":[{"href":"https:\/\/alpen-markt.ch\/fr\/wp-json\/wp\/v2\/types\/product"}],"wp:featuredmedia":[{"embeddable":true,"href":"https:\/\/alpen-markt.ch\/fr\/wp-json\/wp\/v2\/media\/2196"}],"wp:attachment":[{"href":"https:\/\/alpen-markt.ch\/fr\/wp-json\/wp\/v2\/media?parent=2195"}],"wp:term":[{"taxonomy":"product_brand","embeddable":true,"href":"https:\/\/alpen-markt.ch\/fr\/wp-json\/wp\/v2\/product_brand?post=2195"},{"taxonomy":"product_cat","embeddable":true,"href":"https:\/\/alpen-markt.ch\/fr\/wp-json\/wp\/v2\/product_cat?post=2195"},{"taxonomy":"product_tag","embeddable":true,"href":"https:\/\/alpen-markt.ch\/fr\/wp-json\/wp\/v2\/product_tag?post=2195"}],"curies":[{"name":"wp","href":"https:\/\/api.w.org\/{rel}","templated":true}]}}