{"id":917,"date":"2025-11-28T14:17:25","date_gmt":"2025-11-28T13:17:25","guid":{"rendered":"https:\/\/alpen-markt.ch\/dienstleistungen\/"},"modified":"2026-01-03T21:06:17","modified_gmt":"2026-01-03T20:06:17","slug":"dienstleistungen","status":"publish","type":"page","link":"https:\/\/alpen-markt.ch\/fr\/dienstleistungen\/","title":{"rendered":"Services"},"content":{"rendered":"<div id='av_section_1'  class='avia-section av-kbufyxg1-1417703ff5d5b3916afa4e9d8192f44d main_color avia-section-default avia-shadow  avia-builder-el-0  avia-builder-el-no-sibling  avia-bg-style-scroll container_wrap fullsize'  ><div class='container av-section-cont-open' ><main  role=\"main\" itemprop=\"mainContentOfPage\"  class='template-page content  av-content-full alpha units'><div class='post-entry post-entry-type-page post-entry-917'><div class='entry-content-wrapper clearfix'>\n\n<style type=\"text\/css\" data-created_by=\"avia_inline_auto\" id=\"style-css-av-s8wx-7bb5325295e7127a38cf90136bf86c81\">\n.flex_column.av-s8wx-7bb5325295e7127a38cf90136bf86c81{\nborder-radius:0px 0px 0px 0px;\npadding:0px 0px 0px 0px;\n}\n<\/style>\n<div  class='flex_column av-s8wx-7bb5325295e7127a38cf90136bf86c81 av_one_full  avia-builder-el-1  el_before_av_two_third  avia-builder-el-first  first flex_column_div av-zero-column-padding  '     ><section  class='av_textblock_section av-jxk4dcrp-6626c07fff8b381ec20a6bcdb33724d8 '   itemscope=\"itemscope\" itemtype=\"https:\/\/schema.org\/CreativeWork\" ><div class='avia_textblock'  itemprop=\"text\" ><h1>Services<\/h1>\n<\/div><\/section><\/div><div  class='flex_column av-miiwtixi-9667be3247123c9bfbac26e5803cc588 av_two_third  avia-builder-el-3  el_after_av_one_full  el_before_av_one_third  first av-break-at-tablet flex_column_div  column-top-margin'     ><section  class='av_textblock_section av-miiwnh0r-f9dcaf4d714173e3c881b7467ccd6b9b '   itemscope=\"itemscope\" itemtype=\"https:\/\/schema.org\/CreativeWork\" ><div class='avia_textblock'  itemprop=\"text\" ><h2>Produits et sp\u00e9cialit\u00e9s r\u00e9gionaux<\/h2>\n<p>Que ce soit pour votre usage personnel ou professionnel, vous recherchez des produits r\u00e9gionaux et authentiques ?<\/p>\n<p>Nous vous proposons un large choix de produits provenant d&rsquo;une multitude de petites entreprises valaisannes.<\/p>\n<p>Contactez-nous et nous organiserons la livraison des produits que vous souhaitez.<\/p>\n<\/div><\/section><\/div><div  class='flex_column av-1pifs1-9a0f2f53c82bda2e4afba5c697b495f3 av_one_third  avia-builder-el-5  el_after_av_two_third  el_before_av_one_third  av-break-at-tablet flex_column_div  column-top-margin'     ><style type=\"text\/css\" data-created_by=\"avia_inline_auto\" id=\"style-css-av-1ke049-041cdd8b065e654e3c277e17aaed1f6e\">\n.avia-image-container.av-1ke049-041cdd8b065e654e3c277e17aaed1f6e img.avia_image{\nbox-shadow:none;\n}\n.avia-image-container.av-1ke049-041cdd8b065e654e3c277e17aaed1f6e .av-image-caption-overlay-center{\ncolor:#ffffff;\n}\n<\/style>\n<div  class='avia-image-container av-1ke049-041cdd8b065e654e3c277e17aaed1f6e av-styling- avia-align-center  avia-builder-el-6  avia-builder-el-no-sibling '   itemprop=\"image\" itemscope=\"itemscope\" itemtype=\"https:\/\/schema.org\/ImageObject\" ><div class=\"avia-image-container-inner\"><div class=\"avia-image-overlay-wrap\"><img decoding=\"async\" fetchpriority=\"high\" class='wp-image-2350 avia-img-lazy-loading-not-2350 avia_image ' src=\"https:\/\/alpen-markt.ch\/wp-content\/uploads\/2025\/12\/Alpenrose_juergen_rotner-auf-Pixabay-495x360.jpg\" alt='' title='Alpenrosen'  height=\"360\" width=\"495\"  itemprop=\"thumbnailUrl\"  \/><\/div><\/div><\/div><\/div><div class='av-column-wrapper-individual av-break-at-tablet-flexwrapper av-mobile-columns-flex av-columns-reverse'><div  class='flex_column av-miiwtd6p-355e318cb9ea61da2fae130318c09a56 av_one_third  avia-builder-el-7  el_after_av_one_third  el_before_av_two_third  first av-break-at-tablet flex_column_div  column-top-margin'     ><style type=\"text\/css\" data-created_by=\"avia_inline_auto\" id=\"style-css-av-1eol21-06d581729a9b09b1e7982d0aa80c9611\">\n.avia-image-container.av-1eol21-06d581729a9b09b1e7982d0aa80c9611 img.avia_image{\nbox-shadow:none;\n}\n.avia-image-container.av-1eol21-06d581729a9b09b1e7982d0aa80c9611 .av-image-caption-overlay-center{\ncolor:#ffffff;\n}\n<\/style>\n<div  class='avia-image-container av-1eol21-06d581729a9b09b1e7982d0aa80c9611 av-styling- avia-align-center  avia-builder-el-8  avia-builder-el-no-sibling '   itemprop=\"image\" itemscope=\"itemscope\" itemtype=\"https:\/\/schema.org\/ImageObject\" ><div class=\"avia-image-container-inner\"><div class=\"avia-image-overlay-wrap\"><img decoding=\"async\" fetchpriority=\"high\" class='wp-image-2352 avia-img-lazy-loading-not-2352 avia_image ' src=\"https:\/\/alpen-markt.ch\/wp-content\/uploads\/2025\/12\/KI-Murmeli-2_neutral-495x400.png\" alt='' title='Mon panier hebdo'  height=\"400\" width=\"495\"  itemprop=\"thumbnailUrl\"  \/><\/div><\/div><\/div><\/div><div  class='flex_column av-16ji4p-55d213a72efdde070c992812ebdff465 av_two_third  avia-builder-el-9  el_after_av_one_third  el_before_av_two_third  av-break-at-tablet flex_column_div  column-top-margin'     ><section  class='av_textblock_section av-miiwnxs3-b928fe41b2af7726ec45363bbaaf90b3 '   itemscope=\"itemscope\" itemtype=\"https:\/\/schema.org\/CreativeWork\" ><div class='avia_textblock'  itemprop=\"text\" ><h2>Mon panier hebdo individuel<\/h2>\n<p>Nous r\u00e9pondons \u00e0 vos pr\u00e9f\u00e9rences sans frais suppl\u00e9mentaires pour vous !<\/p>\n<p>Composez votre propre panier hebdomadaire avec vos produits pr\u00e9f\u00e9r\u00e9s et faites-le livrer chez vous ou choisissez une option de retrait.<\/p>\n<\/div><\/section><\/div><\/div><!--close flex column wrapper. Autoclose: 1 --><div  class='flex_column av-miiwtozk-ad17090b2e57e9aab6144469a8e03b26 av_two_third  avia-builder-el-11  el_after_av_two_third  el_before_av_one_third  first av-break-at-tablet flex_column_div  column-top-margin'     ><section  class='av_textblock_section av-miiwp81f-2c95fae663d1b1f731a93ff1b1202eba '   itemscope=\"itemscope\" itemtype=\"https:\/\/schema.org\/CreativeWork\" ><div class='avia_textblock'  itemprop=\"text\" ><h2>Offres pour entreprises &amp; prestataires touristiques<\/h2>\n<p>Vous recherchez des repas sains et r\u00e9gionaux pour la salle de pause de vos collaborateurs ?<\/p>\n<p>Commandez simplement le panier de votre choix via notre plateforme partenaire <a href=\"http:\/\/appleaday.ch\/\" target=\"_blank\" rel=\"noopener\">appleaday.ch<\/a>, nous le composerons et le livrerons \u00e0 votre entreprise.<\/p>\n<p>Vous souhaitez que votre entreprise soit davantage ancr\u00e9e dans la r\u00e9gion ou offrir \u00e0 vos clients un petit bout du Valais ?<\/p>\n<p>Nous vous proposons des offres B2B allant des cadeaux promotionnels pour vos collaborateurs ou vos invit\u00e9s aux coffrets cadeaux, en passant par les coffrets culinaires valaisans pour la parah\u00f4tellerie.<\/p>\n<p>Contactez-nous et nous trouverons la solution sur mesure pour vous !<\/p>\n<\/div><\/section><\/div><div  class='flex_column av-1244h5-6d07f3546b51b190527b4428d170be19 av_one_third  avia-builder-el-13  el_after_av_two_third  el_before_av_one_third  av-break-at-tablet flex_column_div  column-top-margin'     ><style type=\"text\/css\" data-created_by=\"avia_inline_auto\" id=\"style-css-av-w1dh5-0d08bcc17f2a0b4a77a69b0491aba45c\">\n.avia-image-container.av-w1dh5-0d08bcc17f2a0b4a77a69b0491aba45c img.avia_image{\nbox-shadow:none;\n}\n.avia-image-container.av-w1dh5-0d08bcc17f2a0b4a77a69b0491aba45c .av-image-caption-overlay-center{\ncolor:#ffffff;\n}\n<\/style>\n<div  class='avia-image-container av-w1dh5-0d08bcc17f2a0b4a77a69b0491aba45c av-styling- avia-align-center  avia-builder-el-14  avia-builder-el-no-sibling '   itemprop=\"image\" itemscope=\"itemscope\" itemtype=\"https:\/\/schema.org\/ImageObject\" ><div class=\"avia-image-container-inner\"><div class=\"avia-image-overlay-wrap\"><img decoding=\"async\" fetchpriority=\"high\" class='wp-image-2353 avia-img-lazy-loading-not-2353 avia_image ' src=\"https:\/\/alpen-markt.ch\/wp-content\/uploads\/2025\/12\/3-Murmeltiere_julius-silver-auf-Pixabay-495x400.jpg\" alt='' title='Offres pour entreprises et prestateurs touristiques'  height=\"400\" width=\"495\"  itemprop=\"thumbnailUrl\"  \/><\/div><\/div><\/div><\/div><div class='av-column-wrapper-individual av-break-at-tablet-flexwrapper av-mobile-columns-flex av-columns-reverse'><div  class='flex_column av-miiwtvlf-31fa65650c3ac8bf78f947a19acdba59 av_one_third  avia-builder-el-15  el_after_av_one_third  el_before_av_two_third  first av-break-at-tablet flex_column_div  column-top-margin'     ><style type=\"text\/css\" data-created_by=\"avia_inline_auto\" id=\"style-css-av-rcddd-29c05daa61c51e1e74bd86be82a0725e\">\n.avia-image-container.av-rcddd-29c05daa61c51e1e74bd86be82a0725e img.avia_image{\nbox-shadow:none;\n}\n.avia-image-container.av-rcddd-29c05daa61c51e1e74bd86be82a0725e .av-image-caption-overlay-center{\ncolor:#ffffff;\n}\n<\/style>\n<div  class='avia-image-container av-rcddd-29c05daa61c51e1e74bd86be82a0725e av-styling- avia-align-center  avia-builder-el-16  avia-builder-el-no-sibling '   itemprop=\"image\" itemscope=\"itemscope\" itemtype=\"https:\/\/schema.org\/ImageObject\" ><div class=\"avia-image-container-inner\"><div class=\"avia-image-overlay-wrap\"><img decoding=\"async\" fetchpriority=\"high\" class='wp-image-2354 avia-img-lazy-loading-not-2354 avia_image ' src=\"https:\/\/alpen-markt.ch\/wp-content\/uploads\/2025\/12\/Pick-Up-Station-495x248.png\" alt='' title='Station Pick-up'  height=\"248\" width=\"495\"  itemprop=\"thumbnailUrl\"  \/><\/div><\/div><\/div><\/div><div  class='flex_column av-n8o8p-1a0488825b615b0fd69e95efdc85a39d av_two_third  avia-builder-el-17  el_after_av_one_third  el_before_av_two_third  av-break-at-tablet flex_column_div  column-top-margin'     ><section  class='av_textblock_section av-miiwpyd7-3d79b985ea9edc6907d193fc76571eae '   itemscope=\"itemscope\" itemtype=\"https:\/\/schema.org\/CreativeWork\" ><div class='avia_textblock'  itemprop=\"text\" ><h2>Pick-up gratuit<\/h2>\n<p><strong>VI\u00c8GE<\/strong><br \/>\nAlpenmarkt, Kantonsstr. 10<br \/>\n7\/7 24h (sauf produits frais)<\/p>\n<p><strong>BRIGUE<\/strong><br \/>\nNatirli, Gliserallee 57<br \/>\nMer \u2013 Ven 09h00 \u2013 12h00 &amp; 13h30-18h30<br \/>\n(acc\u00e8s direct en voiture)<\/p>\n<p><strong>NATERS<br \/>\n<\/strong>Caf\u00e9 Zuckerpuppa, Bahnhofstr. 9f<br \/>\nJeu \u2013 Dim 10:00 \u2013 17:00<br \/>\n(Possibilit\u00e9 de se garer sur le campus)<\/p>\n<p>Pour le service de ramassage, veuillez indiquer votre num\u00e9ro de t\u00e9l\u00e9phone.<\/p>\n<\/div><\/section><\/div><\/div><!--close flex column wrapper. Autoclose: 1 --><div  class='flex_column av-miiwu46m-36c2ce4bef1f51197dbccba19db61d7e av_two_third  avia-builder-el-19  el_after_av_two_third  el_before_av_one_third  first av-break-at-tablet flex_column_div  column-top-margin'     ><section  class='av_textblock_section av-miiwqeod-81c712d79ff3f463dc8c540ea370fc15 '   itemscope=\"itemscope\" itemtype=\"https:\/\/schema.org\/CreativeWork\" ><div class='avia_textblock'  itemprop=\"text\" ><h2>Livraison Via V\u00e9lo<\/h2>\n<p>Faites livrer votre commande par le service de livraison d&rsquo;Atelier Manus.<\/p>\n<p>Vous habitez \u00e0 Baltschieder, Bitsch, Brigerbad, Brig-Glis, Eyholz, Gamsen, Lalden, Naters ou Vi\u00e8ge ?<\/p>\n<p>Vos achats vous seront alors livr\u00e9s \u00e0 v\u00e9lo.<\/p>\n<p>Comment? S\u00e9lectionnez \u00ab Livraison \u00e0 v\u00e9lo \u00bb lors de la finalisation de votre commande.<\/p>\n<\/div><\/section><\/div><div  class='flex_column av-es5a1-891cb8a32f8b713babb7d65d6d70b179 av_one_third  avia-builder-el-21  el_after_av_two_third  avia-builder-el-last  av-break-at-tablet flex_column_div  column-top-margin'     ><style type=\"text\/css\" data-created_by=\"avia_inline_auto\" id=\"style-css-av-8ibnd-d900f9dd96e6752e801ecb645bef02d8\">\n.avia-image-container.av-8ibnd-d900f9dd96e6752e801ecb645bef02d8 img.avia_image{\nbox-shadow:none;\n}\n.avia-image-container.av-8ibnd-d900f9dd96e6752e801ecb645bef02d8 .av-image-caption-overlay-center{\ncolor:#ffffff;\n}\n<\/style>\n<div  class='avia-image-container av-8ibnd-d900f9dd96e6752e801ecb645bef02d8 av-styling- avia-align-center  avia-builder-el-22  avia-builder-el-no-sibling '   itemprop=\"image\" itemscope=\"itemscope\" itemtype=\"https:\/\/schema.org\/ImageObject\" ><div class=\"avia-image-container-inner\"><div class=\"avia-image-overlay-wrap\"><img decoding=\"async\" fetchpriority=\"high\" class='wp-image-2355 avia-img-lazy-loading-not-2355 avia_image ' src=\"https:\/\/alpen-markt.ch\/wp-content\/uploads\/2025\/12\/Lieferung.jpg\" alt='' title='Via Velo by Atelier Manus'  height=\"151\" width=\"143\"  itemprop=\"thumbnailUrl\"  \/><\/div><\/div><\/div><\/div>\n","protected":false},"excerpt":{"rendered":"","protected":false},"author":3,"featured_media":0,"parent":0,"menu_order":0,"comment_status":"closed","ping_status":"closed","template":"","meta":{"footnotes":""},"class_list":["post-917","page","type-page","status-publish","hentry"],"yoast_head":"<!-- This site is optimized with the Yoast SEO plugin v27.4 - https:\/\/yoast.com\/product\/yoast-seo-wordpress\/ -->\n<title>Services - Alpenmarkt<\/title>\n<meta name=\"robots\" content=\"index, follow, max-snippet:-1, max-image-preview:large, max-video-preview:-1\" \/>\n<link rel=\"canonical\" href=\"https:\/\/alpen-markt.ch\/fr\/dienstleistungen\/\" \/>\n<meta property=\"og:locale\" content=\"fr_FR\" \/>\n<meta property=\"og:type\" content=\"article\" \/>\n<meta property=\"og:title\" content=\"Services - Alpenmarkt\" \/>\n<meta property=\"og:url\" content=\"https:\/\/alpen-markt.ch\/fr\/dienstleistungen\/\" \/>\n<meta property=\"og:site_name\" content=\"Alpenmarkt\" \/>\n<meta property=\"article:modified_time\" content=\"2026-01-03T20:06:17+00:00\" \/>\n<meta name=\"twitter:card\" content=\"summary_large_image\" \/>\n<meta name=\"twitter:label1\" content=\"Dur\u00e9e de lecture estim\u00e9e\" \/>\n\t<meta name=\"twitter:data1\" content=\"39 minutes\" \/>\n<script type=\"application\/ld+json\" class=\"yoast-schema-graph\">{\"@context\":\"https:\\\/\\\/schema.org\",\"@graph\":[{\"@type\":\"WebPage\",\"@id\":\"https:\\\/\\\/alpen-markt.ch\\\/fr\\\/dienstleistungen\\\/\",\"url\":\"https:\\\/\\\/alpen-markt.ch\\\/fr\\\/dienstleistungen\\\/\",\"name\":\"Services - Alpenmarkt\",\"isPartOf\":{\"@id\":\"https:\\\/\\\/alpen-markt.ch\\\/fr\\\/#website\"},\"datePublished\":\"2025-11-28T13:17:25+00:00\",\"dateModified\":\"2026-01-03T20:06:17+00:00\",\"breadcrumb\":{\"@id\":\"https:\\\/\\\/alpen-markt.ch\\\/fr\\\/dienstleistungen\\\/#breadcrumb\"},\"inLanguage\":\"fr-FR\",\"potentialAction\":[{\"@type\":\"ReadAction\",\"target\":[\"https:\\\/\\\/alpen-markt.ch\\\/fr\\\/dienstleistungen\\\/\"]}]},{\"@type\":\"BreadcrumbList\",\"@id\":\"https:\\\/\\\/alpen-markt.ch\\\/fr\\\/dienstleistungen\\\/#breadcrumb\",\"itemListElement\":[{\"@type\":\"ListItem\",\"position\":1,\"name\":\"Startseite\",\"item\":\"https:\\\/\\\/alpen-markt.ch\\\/fr\\\/home\\\/\"},{\"@type\":\"ListItem\",\"position\":2,\"name\":\"Services\"}]},{\"@type\":\"WebSite\",\"@id\":\"https:\\\/\\\/alpen-markt.ch\\\/fr\\\/#website\",\"url\":\"https:\\\/\\\/alpen-markt.ch\\\/fr\\\/\",\"name\":\"Alpenmarkt\",\"description\":\"\",\"publisher\":{\"@id\":\"https:\\\/\\\/alpen-markt.ch\\\/fr\\\/#organization\"},\"potentialAction\":[{\"@type\":\"SearchAction\",\"target\":{\"@type\":\"EntryPoint\",\"urlTemplate\":\"https:\\\/\\\/alpen-markt.ch\\\/fr\\\/?s={search_term_string}\"},\"query-input\":{\"@type\":\"PropertyValueSpecification\",\"valueRequired\":true,\"valueName\":\"search_term_string\"}}],\"inLanguage\":\"fr-FR\"},{\"@type\":\"Organization\",\"@id\":\"https:\\\/\\\/alpen-markt.ch\\\/fr\\\/#organization\",\"name\":\"Alpenmarkt\",\"url\":\"https:\\\/\\\/alpen-markt.ch\\\/fr\\\/\",\"logo\":{\"@type\":\"ImageObject\",\"inLanguage\":\"fr-FR\",\"@id\":\"https:\\\/\\\/alpen-markt.ch\\\/fr\\\/#\\\/schema\\\/logo\\\/image\\\/\",\"url\":\"https:\\\/\\\/alpen-markt.ch\\\/wp-content\\\/uploads\\\/2025\\\/11\\\/logo-alpenmarkt.png\",\"contentUrl\":\"https:\\\/\\\/alpen-markt.ch\\\/wp-content\\\/uploads\\\/2025\\\/11\\\/logo-alpenmarkt.png\",\"width\":1048,\"height\":452,\"caption\":\"Alpenmarkt\"},\"image\":{\"@id\":\"https:\\\/\\\/alpen-markt.ch\\\/fr\\\/#\\\/schema\\\/logo\\\/image\\\/\"}}]}<\/script>\n<!-- \/ Yoast SEO plugin. -->","yoast_head_json":{"title":"Services - Alpenmarkt","robots":{"index":"index","follow":"follow","max-snippet":"max-snippet:-1","max-image-preview":"max-image-preview:large","max-video-preview":"max-video-preview:-1"},"canonical":"https:\/\/alpen-markt.ch\/fr\/dienstleistungen\/","og_locale":"fr_FR","og_type":"article","og_title":"Services - Alpenmarkt","og_url":"https:\/\/alpen-markt.ch\/fr\/dienstleistungen\/","og_site_name":"Alpenmarkt","article_modified_time":"2026-01-03T20:06:17+00:00","twitter_card":"summary_large_image","twitter_misc":{"Dur\u00e9e de lecture estim\u00e9e":"39 minutes"},"schema":{"@context":"https:\/\/schema.org","@graph":[{"@type":"WebPage","@id":"https:\/\/alpen-markt.ch\/fr\/dienstleistungen\/","url":"https:\/\/alpen-markt.ch\/fr\/dienstleistungen\/","name":"Services - Alpenmarkt","isPartOf":{"@id":"https:\/\/alpen-markt.ch\/fr\/#website"},"datePublished":"2025-11-28T13:17:25+00:00","dateModified":"2026-01-03T20:06:17+00:00","breadcrumb":{"@id":"https:\/\/alpen-markt.ch\/fr\/dienstleistungen\/#breadcrumb"},"inLanguage":"fr-FR","potentialAction":[{"@type":"ReadAction","target":["https:\/\/alpen-markt.ch\/fr\/dienstleistungen\/"]}]},{"@type":"BreadcrumbList","@id":"https:\/\/alpen-markt.ch\/fr\/dienstleistungen\/#breadcrumb","itemListElement":[{"@type":"ListItem","position":1,"name":"Startseite","item":"https:\/\/alpen-markt.ch\/fr\/home\/"},{"@type":"ListItem","position":2,"name":"Services"}]},{"@type":"WebSite","@id":"https:\/\/alpen-markt.ch\/fr\/#website","url":"https:\/\/alpen-markt.ch\/fr\/","name":"Alpenmarkt","description":"","publisher":{"@id":"https:\/\/alpen-markt.ch\/fr\/#organization"},"potentialAction":[{"@type":"SearchAction","target":{"@type":"EntryPoint","urlTemplate":"https:\/\/alpen-markt.ch\/fr\/?s={search_term_string}"},"query-input":{"@type":"PropertyValueSpecification","valueRequired":true,"valueName":"search_term_string"}}],"inLanguage":"fr-FR"},{"@type":"Organization","@id":"https:\/\/alpen-markt.ch\/fr\/#organization","name":"Alpenmarkt","url":"https:\/\/alpen-markt.ch\/fr\/","logo":{"@type":"ImageObject","inLanguage":"fr-FR","@id":"https:\/\/alpen-markt.ch\/fr\/#\/schema\/logo\/image\/","url":"https:\/\/alpen-markt.ch\/wp-content\/uploads\/2025\/11\/logo-alpenmarkt.png","contentUrl":"https:\/\/alpen-markt.ch\/wp-content\/uploads\/2025\/11\/logo-alpenmarkt.png","width":1048,"height":452,"caption":"Alpenmarkt"},"image":{"@id":"https:\/\/alpen-markt.ch\/fr\/#\/schema\/logo\/image\/"}}]}},"_links":{"self":[{"href":"https:\/\/alpen-markt.ch\/fr\/wp-json\/wp\/v2\/pages\/917","targetHints":{"allow":["GET"]}}],"collection":[{"href":"https:\/\/alpen-markt.ch\/fr\/wp-json\/wp\/v2\/pages"}],"about":[{"href":"https:\/\/alpen-markt.ch\/fr\/wp-json\/wp\/v2\/types\/page"}],"author":[{"embeddable":true,"href":"https:\/\/alpen-markt.ch\/fr\/wp-json\/wp\/v2\/users\/3"}],"replies":[{"embeddable":true,"href":"https:\/\/alpen-markt.ch\/fr\/wp-json\/wp\/v2\/comments?post=917"}],"version-history":[{"count":15,"href":"https:\/\/alpen-markt.ch\/fr\/wp-json\/wp\/v2\/pages\/917\/revisions"}],"predecessor-version":[{"id":3379,"href":"https:\/\/alpen-markt.ch\/fr\/wp-json\/wp\/v2\/pages\/917\/revisions\/3379"}],"wp:attachment":[{"href":"https:\/\/alpen-markt.ch\/fr\/wp-json\/wp\/v2\/media?parent=917"}],"curies":[{"name":"wp","href":"https:\/\/api.w.org\/{rel}","templated":true}]}}