{"id":4520,"date":"2025-11-25T16:50:27","date_gmt":"2025-11-25T15:50:27","guid":{"rendered":"https:\/\/alpen-markt.ch\/produkt\/la-bugadiere-fabric-softener-with-orange-blossom-fragrance\/"},"modified":"2025-11-25T16:50:27","modified_gmt":"2025-11-25T15:50:27","slug":"la-bugadiere-fabric-softener-with-orange-blossom-fragrance","status":"publish","type":"product","link":"https:\/\/alpen-markt.ch\/en\/produkt\/la-bugadiere-fabric-softener-with-orange-blossom-fragrance\/","title":{"rendered":"La Bugadi\u00e8re &#8211; Fabric softener with orange blossom fragrance"},"content":{"rendered":"<p>Biologically degradable cleaning products with a pleasant fragrance and comprehensive refill options &#8211; that is &#8220;La Bugadi\u00e8re&#8221;.<\/p>\n<p>In 2018, the company &#8220;La Bugadi\u00e8re&#8221; from Ch\u00e2tel-St-Denis in Fribourg set itself the goal of producing biodegradable care and cleaning products with a comprehensive product range and the option of refills. They are now sold in numerous pharmacies in western Switzerland.<\/p>\n<p>With his background in pharmaceuticals, the founder of La Bugadi\u00e8re is well versed in chemical processes. Promoting the biodegradability of products was a key focus during the development of the product range. La Bugadi\u00e8re has developed products that can be broken down by microorganisms such as bacteria or fungi into components such as water and other substances that have no harmful effects on the environment.  <\/p>\n<p>What does &#8220;La Bugadi\u00e8re&#8221; mean?<br \/>\nIn southern France, in Languedoc and Provence, the bugadi\u00e8re was essentially an employee or entrepreneur who did laundry on behalf of middle-class households or occasional customers. It was the first paid occupation for women. Bugadi\u00e8re comes from the Proven\u00e7al (&#8220;bugadier&#8221;, laundry) and refers to a brick or clay structure resembling a cupboard, in which dirty laundry was stored with the ashes from the hearth above it. <\/p>\n","protected":false},"excerpt":{"rendered":"<p>Biologically degradable cleaning products with a pleasant fragrance and comprehensive refill options &#8211; that is &#8220;La Bugadi\u00e8re&#8221;. In 2018, the company &#8220;La Bugadi\u00e8re&#8221; from Ch\u00e2tel-St-Denis in Fribourg set itself the goal of producing biodegradable care and cleaning products with a comprehensive product range and the option of refills. They are now sold in numerous pharmacies [&hellip;]<\/p>\n","protected":false},"featured_media":4521,"template":"","meta":[],"product_brand":[],"product_cat":[87],"product_tag":[],"class_list":{"0":"post-4520","1":"product","2":"type-product","3":"status-publish","4":"has-post-thumbnail","6":"product_cat-glacier-white-cleaning-household","8":"first","9":"instock","10":"taxable","11":"shipping-taxable","12":"purchasable","13":"product-type-simple"},"yoast_head":"<!-- This site is optimized with the Yoast SEO plugin v27.4 - https:\/\/yoast.com\/product\/yoast-seo-wordpress\/ -->\n<title>La Bugadi\u00e8re - Fabric softener with orange blossom fragrance - Alpenmarkt<\/title>\n<meta name=\"robots\" content=\"index, follow, max-snippet:-1, max-image-preview:large, max-video-preview:-1\" \/>\n<link rel=\"canonical\" href=\"https:\/\/alpen-markt.ch\/en\/produkt\/la-bugadiere-fabric-softener-with-orange-blossom-fragrance\/\" \/>\n<meta property=\"og:locale\" content=\"en_US\" \/>\n<meta property=\"og:type\" content=\"article\" \/>\n<meta property=\"og:title\" content=\"La Bugadi\u00e8re - Fabric softener with orange blossom fragrance - Alpenmarkt\" \/>\n<meta property=\"og:description\" content=\"Biologically degradable cleaning products with a pleasant fragrance and comprehensive refill options &#8211; that is &#8220;La Bugadi\u00e8re&#8221;. In 2018, the company &#8220;La Bugadi\u00e8re&#8221; from Ch\u00e2tel-St-Denis in Fribourg set itself the goal of producing biodegradable care and cleaning products with a comprehensive product range and the option of refills. They are now sold in numerous pharmacies [&hellip;]\" \/>\n<meta property=\"og:url\" content=\"https:\/\/alpen-markt.ch\/en\/produkt\/la-bugadiere-fabric-softener-with-orange-blossom-fragrance\/\" \/>\n<meta property=\"og:site_name\" content=\"Alpenmarkt\" \/>\n<meta property=\"og:image\" content=\"https:\/\/alpen-markt.ch\/wp-content\/uploads\/2025\/11\/0424bcfb-11dd-4abd-95b0-45c09eba95a0.png\" \/>\n\t<meta property=\"og:image:width\" content=\"500\" \/>\n\t<meta property=\"og:image:height\" content=\"500\" \/>\n\t<meta property=\"og:image:type\" content=\"image\/png\" \/>\n<meta name=\"twitter:card\" content=\"summary_large_image\" \/>\n<meta name=\"twitter:label1\" content=\"Est. reading time\" \/>\n\t<meta name=\"twitter:data1\" content=\"1 minute\" \/>\n<script type=\"application\/ld+json\" class=\"yoast-schema-graph\">{\"@context\":\"https:\\\/\\\/schema.org\",\"@graph\":[{\"@type\":\"WebPage\",\"@id\":\"https:\\\/\\\/alpen-markt.ch\\\/en\\\/produkt\\\/la-bugadiere-fabric-softener-with-orange-blossom-fragrance\\\/\",\"url\":\"https:\\\/\\\/alpen-markt.ch\\\/en\\\/produkt\\\/la-bugadiere-fabric-softener-with-orange-blossom-fragrance\\\/\",\"name\":\"La Bugadi\u00e8re - Fabric softener with orange blossom fragrance - Alpenmarkt\",\"isPartOf\":{\"@id\":\"https:\\\/\\\/alpen-markt.ch\\\/en\\\/#website\"},\"primaryImageOfPage\":{\"@id\":\"https:\\\/\\\/alpen-markt.ch\\\/en\\\/produkt\\\/la-bugadiere-fabric-softener-with-orange-blossom-fragrance\\\/#primaryimage\"},\"image\":{\"@id\":\"https:\\\/\\\/alpen-markt.ch\\\/en\\\/produkt\\\/la-bugadiere-fabric-softener-with-orange-blossom-fragrance\\\/#primaryimage\"},\"thumbnailUrl\":\"https:\\\/\\\/alpen-markt.ch\\\/wp-content\\\/uploads\\\/2025\\\/11\\\/0424bcfb-11dd-4abd-95b0-45c09eba95a0.png\",\"datePublished\":\"2025-11-25T15:50:27+00:00\",\"breadcrumb\":{\"@id\":\"https:\\\/\\\/alpen-markt.ch\\\/en\\\/produkt\\\/la-bugadiere-fabric-softener-with-orange-blossom-fragrance\\\/#breadcrumb\"},\"inLanguage\":\"en-US\",\"potentialAction\":[{\"@type\":\"ReadAction\",\"target\":[\"https:\\\/\\\/alpen-markt.ch\\\/en\\\/produkt\\\/la-bugadiere-fabric-softener-with-orange-blossom-fragrance\\\/\"]}]},{\"@type\":\"ImageObject\",\"inLanguage\":\"en-US\",\"@id\":\"https:\\\/\\\/alpen-markt.ch\\\/en\\\/produkt\\\/la-bugadiere-fabric-softener-with-orange-blossom-fragrance\\\/#primaryimage\",\"url\":\"https:\\\/\\\/alpen-markt.ch\\\/wp-content\\\/uploads\\\/2025\\\/11\\\/0424bcfb-11dd-4abd-95b0-45c09eba95a0.png\",\"contentUrl\":\"https:\\\/\\\/alpen-markt.ch\\\/wp-content\\\/uploads\\\/2025\\\/11\\\/0424bcfb-11dd-4abd-95b0-45c09eba95a0.png\",\"width\":500,\"height\":500},{\"@type\":\"BreadcrumbList\",\"@id\":\"https:\\\/\\\/alpen-markt.ch\\\/en\\\/produkt\\\/la-bugadiere-fabric-softener-with-orange-blossom-fragrance\\\/#breadcrumb\",\"itemListElement\":[{\"@type\":\"ListItem\",\"position\":1,\"name\":\"Startseite\",\"item\":\"https:\\\/\\\/alpen-markt.ch\\\/en\\\/home\\\/\"},{\"@type\":\"ListItem\",\"position\":2,\"name\":\"Online Shop\",\"item\":\"https:\\\/\\\/alpen-markt.ch\\\/en\\\/online-shop\\\/\"},{\"@type\":\"ListItem\",\"position\":3,\"name\":\"La Bugadi\u00e8re &#8211; Fabric softener with orange blossom fragrance\"}]},{\"@type\":\"WebSite\",\"@id\":\"https:\\\/\\\/alpen-markt.ch\\\/en\\\/#website\",\"url\":\"https:\\\/\\\/alpen-markt.ch\\\/en\\\/\",\"name\":\"Alpenmarkt\",\"description\":\"\",\"publisher\":{\"@id\":\"https:\\\/\\\/alpen-markt.ch\\\/en\\\/#organization\"},\"potentialAction\":[{\"@type\":\"SearchAction\",\"target\":{\"@type\":\"EntryPoint\",\"urlTemplate\":\"https:\\\/\\\/alpen-markt.ch\\\/en\\\/?s={search_term_string}\"},\"query-input\":{\"@type\":\"PropertyValueSpecification\",\"valueRequired\":true,\"valueName\":\"search_term_string\"}}],\"inLanguage\":\"en-US\"},{\"@type\":\"Organization\",\"@id\":\"https:\\\/\\\/alpen-markt.ch\\\/en\\\/#organization\",\"name\":\"Alpenmarkt\",\"url\":\"https:\\\/\\\/alpen-markt.ch\\\/en\\\/\",\"logo\":{\"@type\":\"ImageObject\",\"inLanguage\":\"en-US\",\"@id\":\"https:\\\/\\\/alpen-markt.ch\\\/en\\\/#\\\/schema\\\/logo\\\/image\\\/\",\"url\":\"https:\\\/\\\/alpen-markt.ch\\\/wp-content\\\/uploads\\\/2025\\\/11\\\/logo-alpenmarkt.png\",\"contentUrl\":\"https:\\\/\\\/alpen-markt.ch\\\/wp-content\\\/uploads\\\/2025\\\/11\\\/logo-alpenmarkt.png\",\"width\":1048,\"height\":452,\"caption\":\"Alpenmarkt\"},\"image\":{\"@id\":\"https:\\\/\\\/alpen-markt.ch\\\/en\\\/#\\\/schema\\\/logo\\\/image\\\/\"}}]}<\/script>\n<!-- \/ Yoast SEO plugin. -->","yoast_head_json":{"title":"La Bugadi\u00e8re - Fabric softener with orange blossom fragrance - Alpenmarkt","robots":{"index":"index","follow":"follow","max-snippet":"max-snippet:-1","max-image-preview":"max-image-preview:large","max-video-preview":"max-video-preview:-1"},"canonical":"https:\/\/alpen-markt.ch\/en\/produkt\/la-bugadiere-fabric-softener-with-orange-blossom-fragrance\/","og_locale":"en_US","og_type":"article","og_title":"La Bugadi\u00e8re - Fabric softener with orange blossom fragrance - Alpenmarkt","og_description":"Biologically degradable cleaning products with a pleasant fragrance and comprehensive refill options &#8211; that is &#8220;La Bugadi\u00e8re&#8221;. In 2018, the company &#8220;La Bugadi\u00e8re&#8221; from Ch\u00e2tel-St-Denis in Fribourg set itself the goal of producing biodegradable care and cleaning products with a comprehensive product range and the option of refills. They are now sold in numerous pharmacies [&hellip;]","og_url":"https:\/\/alpen-markt.ch\/en\/produkt\/la-bugadiere-fabric-softener-with-orange-blossom-fragrance\/","og_site_name":"Alpenmarkt","og_image":[{"width":500,"height":500,"url":"https:\/\/alpen-markt.ch\/wp-content\/uploads\/2025\/11\/0424bcfb-11dd-4abd-95b0-45c09eba95a0.png","type":"image\/png"}],"twitter_card":"summary_large_image","twitter_misc":{"Est. reading time":"1 minute"},"schema":{"@context":"https:\/\/schema.org","@graph":[{"@type":"WebPage","@id":"https:\/\/alpen-markt.ch\/en\/produkt\/la-bugadiere-fabric-softener-with-orange-blossom-fragrance\/","url":"https:\/\/alpen-markt.ch\/en\/produkt\/la-bugadiere-fabric-softener-with-orange-blossom-fragrance\/","name":"La Bugadi\u00e8re - Fabric softener with orange blossom fragrance - Alpenmarkt","isPartOf":{"@id":"https:\/\/alpen-markt.ch\/en\/#website"},"primaryImageOfPage":{"@id":"https:\/\/alpen-markt.ch\/en\/produkt\/la-bugadiere-fabric-softener-with-orange-blossom-fragrance\/#primaryimage"},"image":{"@id":"https:\/\/alpen-markt.ch\/en\/produkt\/la-bugadiere-fabric-softener-with-orange-blossom-fragrance\/#primaryimage"},"thumbnailUrl":"https:\/\/alpen-markt.ch\/wp-content\/uploads\/2025\/11\/0424bcfb-11dd-4abd-95b0-45c09eba95a0.png","datePublished":"2025-11-25T15:50:27+00:00","breadcrumb":{"@id":"https:\/\/alpen-markt.ch\/en\/produkt\/la-bugadiere-fabric-softener-with-orange-blossom-fragrance\/#breadcrumb"},"inLanguage":"en-US","potentialAction":[{"@type":"ReadAction","target":["https:\/\/alpen-markt.ch\/en\/produkt\/la-bugadiere-fabric-softener-with-orange-blossom-fragrance\/"]}]},{"@type":"ImageObject","inLanguage":"en-US","@id":"https:\/\/alpen-markt.ch\/en\/produkt\/la-bugadiere-fabric-softener-with-orange-blossom-fragrance\/#primaryimage","url":"https:\/\/alpen-markt.ch\/wp-content\/uploads\/2025\/11\/0424bcfb-11dd-4abd-95b0-45c09eba95a0.png","contentUrl":"https:\/\/alpen-markt.ch\/wp-content\/uploads\/2025\/11\/0424bcfb-11dd-4abd-95b0-45c09eba95a0.png","width":500,"height":500},{"@type":"BreadcrumbList","@id":"https:\/\/alpen-markt.ch\/en\/produkt\/la-bugadiere-fabric-softener-with-orange-blossom-fragrance\/#breadcrumb","itemListElement":[{"@type":"ListItem","position":1,"name":"Startseite","item":"https:\/\/alpen-markt.ch\/en\/home\/"},{"@type":"ListItem","position":2,"name":"Online Shop","item":"https:\/\/alpen-markt.ch\/en\/online-shop\/"},{"@type":"ListItem","position":3,"name":"La Bugadi\u00e8re &#8211; Fabric softener with orange blossom fragrance"}]},{"@type":"WebSite","@id":"https:\/\/alpen-markt.ch\/en\/#website","url":"https:\/\/alpen-markt.ch\/en\/","name":"Alpenmarkt","description":"","publisher":{"@id":"https:\/\/alpen-markt.ch\/en\/#organization"},"potentialAction":[{"@type":"SearchAction","target":{"@type":"EntryPoint","urlTemplate":"https:\/\/alpen-markt.ch\/en\/?s={search_term_string}"},"query-input":{"@type":"PropertyValueSpecification","valueRequired":true,"valueName":"search_term_string"}}],"inLanguage":"en-US"},{"@type":"Organization","@id":"https:\/\/alpen-markt.ch\/en\/#organization","name":"Alpenmarkt","url":"https:\/\/alpen-markt.ch\/en\/","logo":{"@type":"ImageObject","inLanguage":"en-US","@id":"https:\/\/alpen-markt.ch\/en\/#\/schema\/logo\/image\/","url":"https:\/\/alpen-markt.ch\/wp-content\/uploads\/2025\/11\/logo-alpenmarkt.png","contentUrl":"https:\/\/alpen-markt.ch\/wp-content\/uploads\/2025\/11\/logo-alpenmarkt.png","width":1048,"height":452,"caption":"Alpenmarkt"},"image":{"@id":"https:\/\/alpen-markt.ch\/en\/#\/schema\/logo\/image\/"}}]}},"_links":{"self":[{"href":"https:\/\/alpen-markt.ch\/en\/wp-json\/wp\/v2\/product\/4520","targetHints":{"allow":["GET"]}}],"collection":[{"href":"https:\/\/alpen-markt.ch\/en\/wp-json\/wp\/v2\/product"}],"about":[{"href":"https:\/\/alpen-markt.ch\/en\/wp-json\/wp\/v2\/types\/product"}],"wp:featuredmedia":[{"embeddable":true,"href":"https:\/\/alpen-markt.ch\/en\/wp-json\/wp\/v2\/media\/4521"}],"wp:attachment":[{"href":"https:\/\/alpen-markt.ch\/en\/wp-json\/wp\/v2\/media?parent=4520"}],"wp:term":[{"taxonomy":"product_brand","embeddable":true,"href":"https:\/\/alpen-markt.ch\/en\/wp-json\/wp\/v2\/product_brand?post=4520"},{"taxonomy":"product_cat","embeddable":true,"href":"https:\/\/alpen-markt.ch\/en\/wp-json\/wp\/v2\/product_cat?post=4520"},{"taxonomy":"product_tag","embeddable":true,"href":"https:\/\/alpen-markt.ch\/en\/wp-json\/wp\/v2\/product_tag?post=4520"}],"curies":[{"name":"wp","href":"https:\/\/api.w.org\/{rel}","templated":true}]}}