{"id":3443,"date":"2025-11-25T16:50:24","date_gmt":"2025-11-25T15:50:24","guid":{"rendered":"https:\/\/alpen-markt.ch\/produkt\/groenlabo-2-in-1-rose-shea-butter-shower-bar\/"},"modified":"2025-11-25T16:50:24","modified_gmt":"2025-11-25T15:50:24","slug":"groenlabo-2-in-1-rose-shea-butter-shower-bar","status":"publish","type":"product","link":"https:\/\/alpen-markt.ch\/en\/produkt\/groenlabo-2-in-1-rose-shea-butter-shower-bar\/","title":{"rendered":"GroenLabo &#8211; 2-in-1 Rose Shea Butter Shower Bar"},"content":{"rendered":"<p>Our bestsellers:<br \/>\nGroenLabo&#8217;s nourishing 2-in-1 shower blocks \u2013 a must-have in every bathroom!<\/p>\n<p>The regenerating and nourishing properties of wild rose oil, combined with moisturising shea butter, give this shower bar its exceptionally softening effect.<\/p>\n<p>This shower gel for body and hair is suitable for normal to dry hair suitable.<\/p>\n<p>Application: Lather the soap between your hands or directly onto the area to be washed. In the event of direct contact with the eyes, rinse with plenty of clean water. <\/p>\n<p>The product is approved and labelled in accordance with current European standards.<\/p>\n<p>Lighter and more mobile companion, which can be transported in a small, airtight box is transported for sports and on the go. The natural and practical alternative to aggressive and bulky shower gels and shampoos. <\/p>\n<p>Please try as far as possible to leave the shower gel after use to air dry it (e.g. overnight).<\/p>\n<p>Ingredients INCI format:<\/p>\n<p>Natriumkokossulfat, Natriumcocoylithethionat, Wasser, Butter aus Butyrospermum parkii *, Samen\u00f6l aus Rosa moschata *, \u00d6l aus Prunus amygdalus dulcis *, Parf\u00fcm, CI77491, Linalool **.<br \/>\n* Ingredients from organic cultivation | ** natural component of the fragrance composition.<br \/>\nNo animal-based ingredients or derivatives.<\/p>\n<p>Full transparency regarding ingredients:<\/p>\n<p>Sodium cocoyl isethionate (esterified derivative of the fatty acids of coconut oil) as a foaming surfactant.<br \/>\nSodium coco sulphate (ester derivative of the fatty acids of the coconut oil) as a foaming surfactant.<br \/>\nShea butter *<br \/>\nWild rose oil (or rosehip oil) **.<br \/>\nPerfume **<br \/>\nMineral colouring agent **<\/p>\n","protected":false},"excerpt":{"rendered":"<p>Our bestsellers: GroenLabo&#8217;s nourishing 2-in-1 shower blocks \u2013 a must-have in every bathroom! The regenerating and nourishing properties of wild rose oil, combined with moisturising shea butter, give this shower bar its exceptionally softening effect. This shower gel for body and hair is suitable for normal to dry hair suitable. Application: Lather the soap between [&hellip;]<\/p>\n","protected":false},"featured_media":3444,"template":"","meta":[],"product_brand":[],"product_cat":[79],"product_tag":[],"class_list":{"0":"post-3443","1":"product","2":"type-product","3":"status-publish","4":"has-post-thumbnail","6":"product_cat-mountain-air-fresh-cosmetics-from-the-alps","8":"first","9":"instock","10":"taxable","11":"shipping-taxable","12":"purchasable","13":"product-type-simple"},"yoast_head":"<!-- This site is optimized with the Yoast SEO plugin v27.4 - https:\/\/yoast.com\/product\/yoast-seo-wordpress\/ -->\n<title>GroenLabo - 2-in-1 Rose Shea Butter Shower Bar - Alpenmarkt<\/title>\n<meta name=\"robots\" content=\"index, follow, max-snippet:-1, max-image-preview:large, max-video-preview:-1\" \/>\n<link rel=\"canonical\" href=\"https:\/\/alpen-markt.ch\/en\/produkt\/groenlabo-2-in-1-rose-shea-butter-shower-bar\/\" \/>\n<meta property=\"og:locale\" content=\"en_US\" \/>\n<meta property=\"og:type\" content=\"article\" \/>\n<meta property=\"og:title\" content=\"GroenLabo - 2-in-1 Rose Shea Butter Shower Bar - Alpenmarkt\" \/>\n<meta property=\"og:description\" content=\"Our bestsellers: GroenLabo&#8217;s nourishing 2-in-1 shower blocks \u2013 a must-have in every bathroom! The regenerating and nourishing properties of wild rose oil, combined with moisturising shea butter, give this shower bar its exceptionally softening effect. This shower gel for body and hair is suitable for normal to dry hair suitable. Application: Lather the soap between [&hellip;]\" \/>\n<meta property=\"og:url\" content=\"https:\/\/alpen-markt.ch\/en\/produkt\/groenlabo-2-in-1-rose-shea-butter-shower-bar\/\" \/>\n<meta property=\"og:site_name\" content=\"Alpenmarkt\" \/>\n<meta property=\"og:image\" content=\"https:\/\/alpen-markt.ch\/wp-content\/uploads\/2025\/11\/39e74c03-1468-4e52-aa23-ec9eac9cff18.png\" \/>\n\t<meta property=\"og:image:width\" content=\"500\" \/>\n\t<meta property=\"og:image:height\" content=\"500\" \/>\n\t<meta property=\"og:image:type\" content=\"image\/png\" \/>\n<meta name=\"twitter:card\" content=\"summary_large_image\" \/>\n<meta name=\"twitter:label1\" content=\"Est. reading time\" \/>\n\t<meta name=\"twitter:data1\" content=\"1 minute\" \/>\n<script type=\"application\/ld+json\" class=\"yoast-schema-graph\">{\"@context\":\"https:\\\/\\\/schema.org\",\"@graph\":[{\"@type\":\"WebPage\",\"@id\":\"https:\\\/\\\/alpen-markt.ch\\\/en\\\/produkt\\\/groenlabo-2-in-1-rose-shea-butter-shower-bar\\\/\",\"url\":\"https:\\\/\\\/alpen-markt.ch\\\/en\\\/produkt\\\/groenlabo-2-in-1-rose-shea-butter-shower-bar\\\/\",\"name\":\"GroenLabo - 2-in-1 Rose Shea Butter Shower Bar - Alpenmarkt\",\"isPartOf\":{\"@id\":\"https:\\\/\\\/alpen-markt.ch\\\/en\\\/#website\"},\"primaryImageOfPage\":{\"@id\":\"https:\\\/\\\/alpen-markt.ch\\\/en\\\/produkt\\\/groenlabo-2-in-1-rose-shea-butter-shower-bar\\\/#primaryimage\"},\"image\":{\"@id\":\"https:\\\/\\\/alpen-markt.ch\\\/en\\\/produkt\\\/groenlabo-2-in-1-rose-shea-butter-shower-bar\\\/#primaryimage\"},\"thumbnailUrl\":\"https:\\\/\\\/alpen-markt.ch\\\/wp-content\\\/uploads\\\/2025\\\/11\\\/39e74c03-1468-4e52-aa23-ec9eac9cff18.png\",\"datePublished\":\"2025-11-25T15:50:24+00:00\",\"breadcrumb\":{\"@id\":\"https:\\\/\\\/alpen-markt.ch\\\/en\\\/produkt\\\/groenlabo-2-in-1-rose-shea-butter-shower-bar\\\/#breadcrumb\"},\"inLanguage\":\"en-US\",\"potentialAction\":[{\"@type\":\"ReadAction\",\"target\":[\"https:\\\/\\\/alpen-markt.ch\\\/en\\\/produkt\\\/groenlabo-2-in-1-rose-shea-butter-shower-bar\\\/\"]}]},{\"@type\":\"ImageObject\",\"inLanguage\":\"en-US\",\"@id\":\"https:\\\/\\\/alpen-markt.ch\\\/en\\\/produkt\\\/groenlabo-2-in-1-rose-shea-butter-shower-bar\\\/#primaryimage\",\"url\":\"https:\\\/\\\/alpen-markt.ch\\\/wp-content\\\/uploads\\\/2025\\\/11\\\/39e74c03-1468-4e52-aa23-ec9eac9cff18.png\",\"contentUrl\":\"https:\\\/\\\/alpen-markt.ch\\\/wp-content\\\/uploads\\\/2025\\\/11\\\/39e74c03-1468-4e52-aa23-ec9eac9cff18.png\",\"width\":500,\"height\":500},{\"@type\":\"BreadcrumbList\",\"@id\":\"https:\\\/\\\/alpen-markt.ch\\\/en\\\/produkt\\\/groenlabo-2-in-1-rose-shea-butter-shower-bar\\\/#breadcrumb\",\"itemListElement\":[{\"@type\":\"ListItem\",\"position\":1,\"name\":\"Startseite\",\"item\":\"https:\\\/\\\/alpen-markt.ch\\\/en\\\/home\\\/\"},{\"@type\":\"ListItem\",\"position\":2,\"name\":\"Online Shop\",\"item\":\"https:\\\/\\\/alpen-markt.ch\\\/en\\\/online-shop\\\/\"},{\"@type\":\"ListItem\",\"position\":3,\"name\":\"GroenLabo &#8211; 2-in-1 Rose Shea Butter Shower Bar\"}]},{\"@type\":\"WebSite\",\"@id\":\"https:\\\/\\\/alpen-markt.ch\\\/en\\\/#website\",\"url\":\"https:\\\/\\\/alpen-markt.ch\\\/en\\\/\",\"name\":\"Alpenmarkt\",\"description\":\"\",\"publisher\":{\"@id\":\"https:\\\/\\\/alpen-markt.ch\\\/en\\\/#organization\"},\"potentialAction\":[{\"@type\":\"SearchAction\",\"target\":{\"@type\":\"EntryPoint\",\"urlTemplate\":\"https:\\\/\\\/alpen-markt.ch\\\/en\\\/?s={search_term_string}\"},\"query-input\":{\"@type\":\"PropertyValueSpecification\",\"valueRequired\":true,\"valueName\":\"search_term_string\"}}],\"inLanguage\":\"en-US\"},{\"@type\":\"Organization\",\"@id\":\"https:\\\/\\\/alpen-markt.ch\\\/en\\\/#organization\",\"name\":\"Alpenmarkt\",\"url\":\"https:\\\/\\\/alpen-markt.ch\\\/en\\\/\",\"logo\":{\"@type\":\"ImageObject\",\"inLanguage\":\"en-US\",\"@id\":\"https:\\\/\\\/alpen-markt.ch\\\/en\\\/#\\\/schema\\\/logo\\\/image\\\/\",\"url\":\"https:\\\/\\\/alpen-markt.ch\\\/wp-content\\\/uploads\\\/2025\\\/11\\\/logo-alpenmarkt.png\",\"contentUrl\":\"https:\\\/\\\/alpen-markt.ch\\\/wp-content\\\/uploads\\\/2025\\\/11\\\/logo-alpenmarkt.png\",\"width\":1048,\"height\":452,\"caption\":\"Alpenmarkt\"},\"image\":{\"@id\":\"https:\\\/\\\/alpen-markt.ch\\\/en\\\/#\\\/schema\\\/logo\\\/image\\\/\"}}]}<\/script>\n<!-- \/ Yoast SEO plugin. -->","yoast_head_json":{"title":"GroenLabo - 2-in-1 Rose Shea Butter Shower Bar - Alpenmarkt","robots":{"index":"index","follow":"follow","max-snippet":"max-snippet:-1","max-image-preview":"max-image-preview:large","max-video-preview":"max-video-preview:-1"},"canonical":"https:\/\/alpen-markt.ch\/en\/produkt\/groenlabo-2-in-1-rose-shea-butter-shower-bar\/","og_locale":"en_US","og_type":"article","og_title":"GroenLabo - 2-in-1 Rose Shea Butter Shower Bar - Alpenmarkt","og_description":"Our bestsellers: GroenLabo&#8217;s nourishing 2-in-1 shower blocks \u2013 a must-have in every bathroom! The regenerating and nourishing properties of wild rose oil, combined with moisturising shea butter, give this shower bar its exceptionally softening effect. This shower gel for body and hair is suitable for normal to dry hair suitable. Application: Lather the soap between [&hellip;]","og_url":"https:\/\/alpen-markt.ch\/en\/produkt\/groenlabo-2-in-1-rose-shea-butter-shower-bar\/","og_site_name":"Alpenmarkt","og_image":[{"width":500,"height":500,"url":"https:\/\/alpen-markt.ch\/wp-content\/uploads\/2025\/11\/39e74c03-1468-4e52-aa23-ec9eac9cff18.png","type":"image\/png"}],"twitter_card":"summary_large_image","twitter_misc":{"Est. reading time":"1 minute"},"schema":{"@context":"https:\/\/schema.org","@graph":[{"@type":"WebPage","@id":"https:\/\/alpen-markt.ch\/en\/produkt\/groenlabo-2-in-1-rose-shea-butter-shower-bar\/","url":"https:\/\/alpen-markt.ch\/en\/produkt\/groenlabo-2-in-1-rose-shea-butter-shower-bar\/","name":"GroenLabo - 2-in-1 Rose Shea Butter Shower Bar - Alpenmarkt","isPartOf":{"@id":"https:\/\/alpen-markt.ch\/en\/#website"},"primaryImageOfPage":{"@id":"https:\/\/alpen-markt.ch\/en\/produkt\/groenlabo-2-in-1-rose-shea-butter-shower-bar\/#primaryimage"},"image":{"@id":"https:\/\/alpen-markt.ch\/en\/produkt\/groenlabo-2-in-1-rose-shea-butter-shower-bar\/#primaryimage"},"thumbnailUrl":"https:\/\/alpen-markt.ch\/wp-content\/uploads\/2025\/11\/39e74c03-1468-4e52-aa23-ec9eac9cff18.png","datePublished":"2025-11-25T15:50:24+00:00","breadcrumb":{"@id":"https:\/\/alpen-markt.ch\/en\/produkt\/groenlabo-2-in-1-rose-shea-butter-shower-bar\/#breadcrumb"},"inLanguage":"en-US","potentialAction":[{"@type":"ReadAction","target":["https:\/\/alpen-markt.ch\/en\/produkt\/groenlabo-2-in-1-rose-shea-butter-shower-bar\/"]}]},{"@type":"ImageObject","inLanguage":"en-US","@id":"https:\/\/alpen-markt.ch\/en\/produkt\/groenlabo-2-in-1-rose-shea-butter-shower-bar\/#primaryimage","url":"https:\/\/alpen-markt.ch\/wp-content\/uploads\/2025\/11\/39e74c03-1468-4e52-aa23-ec9eac9cff18.png","contentUrl":"https:\/\/alpen-markt.ch\/wp-content\/uploads\/2025\/11\/39e74c03-1468-4e52-aa23-ec9eac9cff18.png","width":500,"height":500},{"@type":"BreadcrumbList","@id":"https:\/\/alpen-markt.ch\/en\/produkt\/groenlabo-2-in-1-rose-shea-butter-shower-bar\/#breadcrumb","itemListElement":[{"@type":"ListItem","position":1,"name":"Startseite","item":"https:\/\/alpen-markt.ch\/en\/home\/"},{"@type":"ListItem","position":2,"name":"Online Shop","item":"https:\/\/alpen-markt.ch\/en\/online-shop\/"},{"@type":"ListItem","position":3,"name":"GroenLabo &#8211; 2-in-1 Rose Shea Butter Shower Bar"}]},{"@type":"WebSite","@id":"https:\/\/alpen-markt.ch\/en\/#website","url":"https:\/\/alpen-markt.ch\/en\/","name":"Alpenmarkt","description":"","publisher":{"@id":"https:\/\/alpen-markt.ch\/en\/#organization"},"potentialAction":[{"@type":"SearchAction","target":{"@type":"EntryPoint","urlTemplate":"https:\/\/alpen-markt.ch\/en\/?s={search_term_string}"},"query-input":{"@type":"PropertyValueSpecification","valueRequired":true,"valueName":"search_term_string"}}],"inLanguage":"en-US"},{"@type":"Organization","@id":"https:\/\/alpen-markt.ch\/en\/#organization","name":"Alpenmarkt","url":"https:\/\/alpen-markt.ch\/en\/","logo":{"@type":"ImageObject","inLanguage":"en-US","@id":"https:\/\/alpen-markt.ch\/en\/#\/schema\/logo\/image\/","url":"https:\/\/alpen-markt.ch\/wp-content\/uploads\/2025\/11\/logo-alpenmarkt.png","contentUrl":"https:\/\/alpen-markt.ch\/wp-content\/uploads\/2025\/11\/logo-alpenmarkt.png","width":1048,"height":452,"caption":"Alpenmarkt"},"image":{"@id":"https:\/\/alpen-markt.ch\/en\/#\/schema\/logo\/image\/"}}]}},"_links":{"self":[{"href":"https:\/\/alpen-markt.ch\/en\/wp-json\/wp\/v2\/product\/3443","targetHints":{"allow":["GET"]}}],"collection":[{"href":"https:\/\/alpen-markt.ch\/en\/wp-json\/wp\/v2\/product"}],"about":[{"href":"https:\/\/alpen-markt.ch\/en\/wp-json\/wp\/v2\/types\/product"}],"wp:featuredmedia":[{"embeddable":true,"href":"https:\/\/alpen-markt.ch\/en\/wp-json\/wp\/v2\/media\/3444"}],"wp:attachment":[{"href":"https:\/\/alpen-markt.ch\/en\/wp-json\/wp\/v2\/media?parent=3443"}],"wp:term":[{"taxonomy":"product_brand","embeddable":true,"href":"https:\/\/alpen-markt.ch\/en\/wp-json\/wp\/v2\/product_brand?post=3443"},{"taxonomy":"product_cat","embeddable":true,"href":"https:\/\/alpen-markt.ch\/en\/wp-json\/wp\/v2\/product_cat?post=3443"},{"taxonomy":"product_tag","embeddable":true,"href":"https:\/\/alpen-markt.ch\/en\/wp-json\/wp\/v2\/product_tag?post=3443"}],"curies":[{"name":"wp","href":"https:\/\/api.w.org\/{rel}","templated":true}]}}