{"id":3334,"date":"2025-11-25T16:50:24","date_gmt":"2025-11-25T15:50:24","guid":{"rendered":"https:\/\/alpen-markt.ch\/produkt\/skali-en-khatone-kjdir-soap-with-thyme-honey\/"},"modified":"2025-11-25T16:50:24","modified_gmt":"2025-11-25T15:50:24","slug":"skali-en-khatone-kjdir-soap-with-thyme-honey","status":"publish","type":"product","link":"https:\/\/alpen-markt.ch\/en\/produkt\/skali-en-khatone-kjdir-soap-with-thyme-honey\/","title":{"rendered":"Skali en Khatone &#8211; Kjdir Soap with thyme &amp; honey"},"content":{"rendered":"<p>Kjdir &#8211; Solid handmade cleansing soap with thyme and honey<br \/>Treat your skin to a gentle cleansing with our Kjdir soap with thyme and honey. Our Kjdir soap is the ideal companion for a gentle deep cleansing of your skin. Its formula is made from plant-based oils and essential organic oils from thyme and honey provides a natural cleansing effect for your skin, without damaging it.  <\/p>\n<p>Our Kjdir soap is handmade in our workshop in Switzerland and is 10% superfatted to gently cleanse your skin while preserving its natural moisture content. The artisanal cold saponification process preserves the natural properties of the organic vegetable oils and essential oils it contains. <\/p>\n<p>Our Kjdir soap is gentle on both your skin and the environment. It contains no harsh chemicals that can irritate your skin, and its packaging is made from compostable corn fibre to minimise its environmental footprint. <\/p>\n<p>Key points :<\/p>\n<p>\ud83c\udde8\ud83c\udded Handcrafted in Valais, Switzerland, using a cold saponification technique to preserve the natural properties of the organic vegetable oils and essential oils it contains.<br \/>\n\ud83c\udf6f Based on organic vegetable oils and organic essential oils of thyme and honey for a naturally cleansing effect.<br \/>\n\u267b\ufe0f Compostable corn fibre packaging for a minimal ecological footprint.<br \/>\n\ud83d\udc3b Not tested on animals.<br \/>\nTreat your skin to gentle cleansing with our Khatone Kjdir du Sk\u00e1li soap. It provides thorough cleansing that is kind to your skin and the environment.<br \/>Translated with DeepL.com (free version) <\/p>\n<p>This product has been tested and certified by a toxicologist (Ph.D. Toxicological and safety assessor for cosmetics and vaccines in Europe since 2000) in accordance with Regulation 817.023.31 of December 2017, EC Regulation 1223-2009.<\/p>\n<p>Composition:<\/p>\n<p>SODIUM OLIVATE (Oliven\u00f6l*), SODIUM COCOATE (Kokos\u00f6l*), AQUA (Wasser), SODIUM RAPESEEDATE (Raps\u00f6l*), GLYCERIN (nat\u00fcrlich in der Seife enthalten), SODIUM SHEA BUTTERATE (Sheabutter*), PARFUM, THYMUS ZYGIS FLOWER OIL (Thymian\u00f6l*), MEL (Honig*), MICA (CI 77491, CI 77742, CI 77499, CI 77007, CI 77861) BENZYL BENZOATE**, BENZYL SALICYLATE**, CINNAMAL**, CITRONELLOL**, COUMARIN**, EUGENOL**, LIMONENE**, LINALOOL**.<\/p>\n<p>*from certified organic cultivation, **fragrances and potentially allergenic substances that occur naturally in essential oils.<\/p>\n<p>Precautions for use:<\/p>\n<p>If you are allergic to any of these ingredients, you should not use this soap.<\/p>\n<p>Not suitable for pregnant women and children under 6 years of age, contains essential oils.<\/p>\n<p>Weight: 95 g before drying, packaging 100% biodegradable.<\/p>\n","protected":false},"excerpt":{"rendered":"<p>Kjdir &#8211; Solid handmade cleansing soap with thyme and honeyTreat your skin to a gentle cleansing with our Kjdir soap with thyme and honey. Our Kjdir soap is the ideal companion for a gentle deep cleansing of your skin. Its formula is made from plant-based oils and essential organic oils from thyme and honey provides [&hellip;]<\/p>\n","protected":false},"featured_media":3335,"template":"","meta":[],"product_brand":[],"product_cat":[79],"product_tag":[],"class_list":{"0":"post-3334","1":"product","2":"type-product","3":"status-publish","4":"has-post-thumbnail","6":"product_cat-mountain-air-fresh-cosmetics-from-the-alps","8":"first","9":"instock","10":"taxable","11":"shipping-taxable","12":"purchasable","13":"product-type-simple"},"yoast_head":"<!-- This site is optimized with the Yoast SEO plugin v27.5 - https:\/\/yoast.com\/product\/yoast-seo-wordpress\/ -->\n<title>Skali en Khatone - Kjdir Soap with thyme &amp; honey - Alpenmarkt<\/title>\n<meta name=\"robots\" content=\"index, follow, max-snippet:-1, max-image-preview:large, max-video-preview:-1\" \/>\n<link rel=\"canonical\" href=\"https:\/\/alpen-markt.ch\/en\/produkt\/skali-en-khatone-kjdir-soap-with-thyme-honey\/\" \/>\n<meta property=\"og:locale\" content=\"en_US\" \/>\n<meta property=\"og:type\" content=\"article\" \/>\n<meta property=\"og:title\" content=\"Skali en Khatone - Kjdir Soap with thyme &amp; honey - Alpenmarkt\" \/>\n<meta property=\"og:description\" content=\"Kjdir &#8211; Solid handmade cleansing soap with thyme and honeyTreat your skin to a gentle cleansing with our Kjdir soap with thyme and honey. Our Kjdir soap is the ideal companion for a gentle deep cleansing of your skin. Its formula is made from plant-based oils and essential organic oils from thyme and honey provides [&hellip;]\" \/>\n<meta property=\"og:url\" content=\"https:\/\/alpen-markt.ch\/en\/produkt\/skali-en-khatone-kjdir-soap-with-thyme-honey\/\" \/>\n<meta property=\"og:site_name\" content=\"Alpenmarkt\" \/>\n<meta property=\"og:image\" content=\"https:\/\/alpen-markt.ch\/wp-content\/uploads\/2025\/11\/b468b2fc-1ffa-432a-9cbc-4990e3e530ed.png\" \/>\n\t<meta property=\"og:image:width\" content=\"500\" \/>\n\t<meta property=\"og:image:height\" content=\"500\" \/>\n\t<meta property=\"og:image:type\" content=\"image\/png\" \/>\n<meta name=\"twitter:card\" content=\"summary_large_image\" \/>\n<meta name=\"twitter:label1\" content=\"Est. reading time\" \/>\n\t<meta name=\"twitter:data1\" content=\"2 minutes\" \/>\n<script type=\"application\/ld+json\" class=\"yoast-schema-graph\">{\"@context\":\"https:\\\/\\\/schema.org\",\"@graph\":[{\"@type\":\"WebPage\",\"@id\":\"https:\\\/\\\/alpen-markt.ch\\\/en\\\/produkt\\\/skali-en-khatone-kjdir-soap-with-thyme-honey\\\/\",\"url\":\"https:\\\/\\\/alpen-markt.ch\\\/en\\\/produkt\\\/skali-en-khatone-kjdir-soap-with-thyme-honey\\\/\",\"name\":\"Skali en Khatone - Kjdir Soap with thyme &amp; honey - Alpenmarkt\",\"isPartOf\":{\"@id\":\"https:\\\/\\\/alpen-markt.ch\\\/en\\\/#website\"},\"primaryImageOfPage\":{\"@id\":\"https:\\\/\\\/alpen-markt.ch\\\/en\\\/produkt\\\/skali-en-khatone-kjdir-soap-with-thyme-honey\\\/#primaryimage\"},\"image\":{\"@id\":\"https:\\\/\\\/alpen-markt.ch\\\/en\\\/produkt\\\/skali-en-khatone-kjdir-soap-with-thyme-honey\\\/#primaryimage\"},\"thumbnailUrl\":\"https:\\\/\\\/alpen-markt.ch\\\/wp-content\\\/uploads\\\/2025\\\/11\\\/b468b2fc-1ffa-432a-9cbc-4990e3e530ed.png\",\"datePublished\":\"2025-11-25T15:50:24+00:00\",\"breadcrumb\":{\"@id\":\"https:\\\/\\\/alpen-markt.ch\\\/en\\\/produkt\\\/skali-en-khatone-kjdir-soap-with-thyme-honey\\\/#breadcrumb\"},\"inLanguage\":\"en-US\",\"potentialAction\":[{\"@type\":\"ReadAction\",\"target\":[\"https:\\\/\\\/alpen-markt.ch\\\/en\\\/produkt\\\/skali-en-khatone-kjdir-soap-with-thyme-honey\\\/\"]}]},{\"@type\":\"ImageObject\",\"inLanguage\":\"en-US\",\"@id\":\"https:\\\/\\\/alpen-markt.ch\\\/en\\\/produkt\\\/skali-en-khatone-kjdir-soap-with-thyme-honey\\\/#primaryimage\",\"url\":\"https:\\\/\\\/alpen-markt.ch\\\/wp-content\\\/uploads\\\/2025\\\/11\\\/b468b2fc-1ffa-432a-9cbc-4990e3e530ed.png\",\"contentUrl\":\"https:\\\/\\\/alpen-markt.ch\\\/wp-content\\\/uploads\\\/2025\\\/11\\\/b468b2fc-1ffa-432a-9cbc-4990e3e530ed.png\",\"width\":500,\"height\":500},{\"@type\":\"BreadcrumbList\",\"@id\":\"https:\\\/\\\/alpen-markt.ch\\\/en\\\/produkt\\\/skali-en-khatone-kjdir-soap-with-thyme-honey\\\/#breadcrumb\",\"itemListElement\":[{\"@type\":\"ListItem\",\"position\":1,\"name\":\"Startseite\",\"item\":\"https:\\\/\\\/alpen-markt.ch\\\/en\\\/home\\\/\"},{\"@type\":\"ListItem\",\"position\":2,\"name\":\"Online Shop\",\"item\":\"https:\\\/\\\/alpen-markt.ch\\\/en\\\/online-shop\\\/\"},{\"@type\":\"ListItem\",\"position\":3,\"name\":\"Skali en Khatone &#8211; Kjdir Soap with thyme &amp; honey\"}]},{\"@type\":\"WebSite\",\"@id\":\"https:\\\/\\\/alpen-markt.ch\\\/en\\\/#website\",\"url\":\"https:\\\/\\\/alpen-markt.ch\\\/en\\\/\",\"name\":\"Alpenmarkt\",\"description\":\"\",\"publisher\":{\"@id\":\"https:\\\/\\\/alpen-markt.ch\\\/en\\\/#organization\"},\"potentialAction\":[{\"@type\":\"SearchAction\",\"target\":{\"@type\":\"EntryPoint\",\"urlTemplate\":\"https:\\\/\\\/alpen-markt.ch\\\/en\\\/?s={search_term_string}\"},\"query-input\":{\"@type\":\"PropertyValueSpecification\",\"valueRequired\":true,\"valueName\":\"search_term_string\"}}],\"inLanguage\":\"en-US\"},{\"@type\":\"Organization\",\"@id\":\"https:\\\/\\\/alpen-markt.ch\\\/en\\\/#organization\",\"name\":\"Alpenmarkt\",\"url\":\"https:\\\/\\\/alpen-markt.ch\\\/en\\\/\",\"logo\":{\"@type\":\"ImageObject\",\"inLanguage\":\"en-US\",\"@id\":\"https:\\\/\\\/alpen-markt.ch\\\/en\\\/#\\\/schema\\\/logo\\\/image\\\/\",\"url\":\"https:\\\/\\\/alpen-markt.ch\\\/wp-content\\\/uploads\\\/2025\\\/11\\\/logo-alpenmarkt.png\",\"contentUrl\":\"https:\\\/\\\/alpen-markt.ch\\\/wp-content\\\/uploads\\\/2025\\\/11\\\/logo-alpenmarkt.png\",\"width\":1048,\"height\":452,\"caption\":\"Alpenmarkt\"},\"image\":{\"@id\":\"https:\\\/\\\/alpen-markt.ch\\\/en\\\/#\\\/schema\\\/logo\\\/image\\\/\"}}]}<\/script>\n<!-- \/ Yoast SEO plugin. -->","yoast_head_json":{"title":"Skali en Khatone - Kjdir Soap with thyme &amp; honey - Alpenmarkt","robots":{"index":"index","follow":"follow","max-snippet":"max-snippet:-1","max-image-preview":"max-image-preview:large","max-video-preview":"max-video-preview:-1"},"canonical":"https:\/\/alpen-markt.ch\/en\/produkt\/skali-en-khatone-kjdir-soap-with-thyme-honey\/","og_locale":"en_US","og_type":"article","og_title":"Skali en Khatone - Kjdir Soap with thyme &amp; honey - Alpenmarkt","og_description":"Kjdir &#8211; Solid handmade cleansing soap with thyme and honeyTreat your skin to a gentle cleansing with our Kjdir soap with thyme and honey. Our Kjdir soap is the ideal companion for a gentle deep cleansing of your skin. Its formula is made from plant-based oils and essential organic oils from thyme and honey provides [&hellip;]","og_url":"https:\/\/alpen-markt.ch\/en\/produkt\/skali-en-khatone-kjdir-soap-with-thyme-honey\/","og_site_name":"Alpenmarkt","og_image":[{"width":500,"height":500,"url":"https:\/\/alpen-markt.ch\/wp-content\/uploads\/2025\/11\/b468b2fc-1ffa-432a-9cbc-4990e3e530ed.png","type":"image\/png"}],"twitter_card":"summary_large_image","twitter_misc":{"Est. reading time":"2 minutes"},"schema":{"@context":"https:\/\/schema.org","@graph":[{"@type":"WebPage","@id":"https:\/\/alpen-markt.ch\/en\/produkt\/skali-en-khatone-kjdir-soap-with-thyme-honey\/","url":"https:\/\/alpen-markt.ch\/en\/produkt\/skali-en-khatone-kjdir-soap-with-thyme-honey\/","name":"Skali en Khatone - Kjdir Soap with thyme &amp; honey - Alpenmarkt","isPartOf":{"@id":"https:\/\/alpen-markt.ch\/en\/#website"},"primaryImageOfPage":{"@id":"https:\/\/alpen-markt.ch\/en\/produkt\/skali-en-khatone-kjdir-soap-with-thyme-honey\/#primaryimage"},"image":{"@id":"https:\/\/alpen-markt.ch\/en\/produkt\/skali-en-khatone-kjdir-soap-with-thyme-honey\/#primaryimage"},"thumbnailUrl":"https:\/\/alpen-markt.ch\/wp-content\/uploads\/2025\/11\/b468b2fc-1ffa-432a-9cbc-4990e3e530ed.png","datePublished":"2025-11-25T15:50:24+00:00","breadcrumb":{"@id":"https:\/\/alpen-markt.ch\/en\/produkt\/skali-en-khatone-kjdir-soap-with-thyme-honey\/#breadcrumb"},"inLanguage":"en-US","potentialAction":[{"@type":"ReadAction","target":["https:\/\/alpen-markt.ch\/en\/produkt\/skali-en-khatone-kjdir-soap-with-thyme-honey\/"]}]},{"@type":"ImageObject","inLanguage":"en-US","@id":"https:\/\/alpen-markt.ch\/en\/produkt\/skali-en-khatone-kjdir-soap-with-thyme-honey\/#primaryimage","url":"https:\/\/alpen-markt.ch\/wp-content\/uploads\/2025\/11\/b468b2fc-1ffa-432a-9cbc-4990e3e530ed.png","contentUrl":"https:\/\/alpen-markt.ch\/wp-content\/uploads\/2025\/11\/b468b2fc-1ffa-432a-9cbc-4990e3e530ed.png","width":500,"height":500},{"@type":"BreadcrumbList","@id":"https:\/\/alpen-markt.ch\/en\/produkt\/skali-en-khatone-kjdir-soap-with-thyme-honey\/#breadcrumb","itemListElement":[{"@type":"ListItem","position":1,"name":"Startseite","item":"https:\/\/alpen-markt.ch\/en\/home\/"},{"@type":"ListItem","position":2,"name":"Online Shop","item":"https:\/\/alpen-markt.ch\/en\/online-shop\/"},{"@type":"ListItem","position":3,"name":"Skali en Khatone &#8211; Kjdir Soap with thyme &amp; honey"}]},{"@type":"WebSite","@id":"https:\/\/alpen-markt.ch\/en\/#website","url":"https:\/\/alpen-markt.ch\/en\/","name":"Alpenmarkt","description":"","publisher":{"@id":"https:\/\/alpen-markt.ch\/en\/#organization"},"potentialAction":[{"@type":"SearchAction","target":{"@type":"EntryPoint","urlTemplate":"https:\/\/alpen-markt.ch\/en\/?s={search_term_string}"},"query-input":{"@type":"PropertyValueSpecification","valueRequired":true,"valueName":"search_term_string"}}],"inLanguage":"en-US"},{"@type":"Organization","@id":"https:\/\/alpen-markt.ch\/en\/#organization","name":"Alpenmarkt","url":"https:\/\/alpen-markt.ch\/en\/","logo":{"@type":"ImageObject","inLanguage":"en-US","@id":"https:\/\/alpen-markt.ch\/en\/#\/schema\/logo\/image\/","url":"https:\/\/alpen-markt.ch\/wp-content\/uploads\/2025\/11\/logo-alpenmarkt.png","contentUrl":"https:\/\/alpen-markt.ch\/wp-content\/uploads\/2025\/11\/logo-alpenmarkt.png","width":1048,"height":452,"caption":"Alpenmarkt"},"image":{"@id":"https:\/\/alpen-markt.ch\/en\/#\/schema\/logo\/image\/"}}]}},"_links":{"self":[{"href":"https:\/\/alpen-markt.ch\/en\/wp-json\/wp\/v2\/product\/3334","targetHints":{"allow":["GET"]}}],"collection":[{"href":"https:\/\/alpen-markt.ch\/en\/wp-json\/wp\/v2\/product"}],"about":[{"href":"https:\/\/alpen-markt.ch\/en\/wp-json\/wp\/v2\/types\/product"}],"wp:featuredmedia":[{"embeddable":true,"href":"https:\/\/alpen-markt.ch\/en\/wp-json\/wp\/v2\/media\/3335"}],"wp:attachment":[{"href":"https:\/\/alpen-markt.ch\/en\/wp-json\/wp\/v2\/media?parent=3334"}],"wp:term":[{"taxonomy":"product_brand","embeddable":true,"href":"https:\/\/alpen-markt.ch\/en\/wp-json\/wp\/v2\/product_brand?post=3334"},{"taxonomy":"product_cat","embeddable":true,"href":"https:\/\/alpen-markt.ch\/en\/wp-json\/wp\/v2\/product_cat?post=3334"},{"taxonomy":"product_tag","embeddable":true,"href":"https:\/\/alpen-markt.ch\/en\/wp-json\/wp\/v2\/product_tag?post=3334"}],"curies":[{"name":"wp","href":"https:\/\/api.w.org\/{rel}","templated":true}]}}