{"id":3330,"date":"2025-11-25T16:50:24","date_gmt":"2025-11-25T15:50:24","guid":{"rendered":"https:\/\/alpen-markt.ch\/produkt\/skali-en-khatone-yggdrasil-goats-milk-soap\/"},"modified":"2025-11-25T16:50:24","modified_gmt":"2025-11-25T15:50:24","slug":"skali-en-khatone-yggdrasil-goats-milk-soap","status":"publish","type":"product","link":"https:\/\/alpen-markt.ch\/en\/produkt\/skali-en-khatone-yggdrasil-goats-milk-soap\/","title":{"rendered":"Skali en Khatone &#8211; Yggdrasil Goat&#8217;s milk soap"},"content":{"rendered":"<p>Yggdrasil \u2013 Handmade solid soap made from goat&#8217;s milk and pine essential oil<br \/>\nInspired by a symbolic tree from Norse mythology, our Yggdrasil solid soap made from goat&#8217;s milk and pine essential oil offers a refreshing and nourishing care experience for the face and body. This handmade soap, which is 10% superfatted, is produced in Switzerland using cold saponification with vegetable oils and essential oils from organic cultivation, ensuring healthy and environmentally friendly skin. <\/p>\n<p>Immerse yourself in our solid soap Yggdrasil made from goat&#8217;s milk and essential pine oil in a Nordic experience one, which makes your skin look fresh and well cared for.<\/p>\n<p>\ud83c\udf32 Refreshing and revitalising pine scent<br \/>\n\ud83e\udd5b Nourishing goat&#8217;s milk for soft, hydrated skin.<br \/>\n\ud83e\uddd6 Can be used on the face and body<br \/>\n\ud83d\udc50 Handmade soap with 10% extra fat<br \/>\n\u267b\ufe0f Compostable corn fibre packaging for a minimal ecological footprint<br \/>\n\ud83c\udde8\ud83c\udded Handcrafted in Valais, Switzerland<br \/>\n\ud83c\udf31 Based on organic vegetable oils and essential oils.<br \/>\n\ud83d\udc3b Not tested on animals<br \/>\nTreat your skin to an invigorating and energising care experience with our handmade Yggdrasil solid soap made from goat&#8217;s milk and essential pine oil, inspired by Norse mythology.<\/p>\n<p>&nbsp;<\/p>\n<p>This product has been tested and certified by a toxicologist (Ph.D. Toxicological and safety assessor for cosmetics and vaccines in Europe since 2000) in accordance with Regulation 817.023.31 of December 2017, EC Regulation 1223-2009.<\/p>\n<p>Composition :<\/p>\n<p>Sodium Olivate (Oliven\u00f6l*), Sodium Cocoate (Kokos\u00f6l*), Aqua (Wasser), Sodium Rapeseedate (Raps\u00f6l*), Glycerin (nat\u00fcrlich vorkommend), Goat Milk (Ziegenmilch), Sodium Shea Butterate (Sheabutter*), Pinus Sylvestris Leaf Oil (Waldkiefern\u00f6l) , Mica (CI77007), Limonene**.<\/p>\n<p>*From certified organic cultivation, **Naturally present in essential oils and potentially allergenic.<\/p>\n<p>Precautions for use:<\/p>\n<p>If you are allergic to any of these ingredients, you should not use this soap.<\/p>\n<p>Not suitable for pregnant women and children under 6 years of age, contains essential oils.<\/p>\n<p>Weight: 95 g before drying, packaging 100% biodegradable .<\/p>\n","protected":false},"excerpt":{"rendered":"<p>Yggdrasil \u2013 Handmade solid soap made from goat&#8217;s milk and pine essential oil Inspired by a symbolic tree from Norse mythology, our Yggdrasil solid soap made from goat&#8217;s milk and pine essential oil offers a refreshing and nourishing care experience for the face and body. This handmade soap, which is 10% superfatted, is produced in [&hellip;]<\/p>\n","protected":false},"featured_media":3331,"template":"","meta":[],"product_brand":[],"product_cat":[79],"product_tag":[],"class_list":{"0":"post-3330","1":"product","2":"type-product","3":"status-publish","4":"has-post-thumbnail","6":"product_cat-mountain-air-fresh-cosmetics-from-the-alps","8":"first","9":"instock","10":"taxable","11":"shipping-taxable","12":"purchasable","13":"product-type-simple"},"yoast_head":"<!-- This site is optimized with the Yoast SEO plugin v27.4 - https:\/\/yoast.com\/product\/yoast-seo-wordpress\/ -->\n<title>Skali en Khatone - Yggdrasil Goat&#039;s milk soap - Alpenmarkt<\/title>\n<meta name=\"robots\" content=\"index, follow, max-snippet:-1, max-image-preview:large, max-video-preview:-1\" \/>\n<link rel=\"canonical\" href=\"https:\/\/alpen-markt.ch\/en\/produkt\/skali-en-khatone-yggdrasil-goats-milk-soap\/\" \/>\n<meta property=\"og:locale\" content=\"en_US\" \/>\n<meta property=\"og:type\" content=\"article\" \/>\n<meta property=\"og:title\" content=\"Skali en Khatone - Yggdrasil Goat&#039;s milk soap - Alpenmarkt\" \/>\n<meta property=\"og:description\" content=\"Yggdrasil \u2013 Handmade solid soap made from goat&#8217;s milk and pine essential oil Inspired by a symbolic tree from Norse mythology, our Yggdrasil solid soap made from goat&#8217;s milk and pine essential oil offers a refreshing and nourishing care experience for the face and body. This handmade soap, which is 10% superfatted, is produced in [&hellip;]\" \/>\n<meta property=\"og:url\" content=\"https:\/\/alpen-markt.ch\/en\/produkt\/skali-en-khatone-yggdrasil-goats-milk-soap\/\" \/>\n<meta property=\"og:site_name\" content=\"Alpenmarkt\" \/>\n<meta property=\"og:image\" content=\"https:\/\/alpen-markt.ch\/wp-content\/uploads\/2025\/11\/d095f9d6-10fc-41eb-a435-90f9563f8267.png\" \/>\n\t<meta property=\"og:image:width\" content=\"500\" \/>\n\t<meta property=\"og:image:height\" content=\"500\" \/>\n\t<meta property=\"og:image:type\" content=\"image\/png\" \/>\n<meta name=\"twitter:card\" content=\"summary_large_image\" \/>\n<meta name=\"twitter:label1\" content=\"Est. reading time\" \/>\n\t<meta name=\"twitter:data1\" content=\"1 minute\" \/>\n<script type=\"application\/ld+json\" class=\"yoast-schema-graph\">{\"@context\":\"https:\\\/\\\/schema.org\",\"@graph\":[{\"@type\":\"WebPage\",\"@id\":\"https:\\\/\\\/alpen-markt.ch\\\/en\\\/produkt\\\/skali-en-khatone-yggdrasil-goats-milk-soap\\\/\",\"url\":\"https:\\\/\\\/alpen-markt.ch\\\/en\\\/produkt\\\/skali-en-khatone-yggdrasil-goats-milk-soap\\\/\",\"name\":\"Skali en Khatone - Yggdrasil Goat's milk soap - Alpenmarkt\",\"isPartOf\":{\"@id\":\"https:\\\/\\\/alpen-markt.ch\\\/en\\\/#website\"},\"primaryImageOfPage\":{\"@id\":\"https:\\\/\\\/alpen-markt.ch\\\/en\\\/produkt\\\/skali-en-khatone-yggdrasil-goats-milk-soap\\\/#primaryimage\"},\"image\":{\"@id\":\"https:\\\/\\\/alpen-markt.ch\\\/en\\\/produkt\\\/skali-en-khatone-yggdrasil-goats-milk-soap\\\/#primaryimage\"},\"thumbnailUrl\":\"https:\\\/\\\/alpen-markt.ch\\\/wp-content\\\/uploads\\\/2025\\\/11\\\/d095f9d6-10fc-41eb-a435-90f9563f8267.png\",\"datePublished\":\"2025-11-25T15:50:24+00:00\",\"breadcrumb\":{\"@id\":\"https:\\\/\\\/alpen-markt.ch\\\/en\\\/produkt\\\/skali-en-khatone-yggdrasil-goats-milk-soap\\\/#breadcrumb\"},\"inLanguage\":\"en-US\",\"potentialAction\":[{\"@type\":\"ReadAction\",\"target\":[\"https:\\\/\\\/alpen-markt.ch\\\/en\\\/produkt\\\/skali-en-khatone-yggdrasil-goats-milk-soap\\\/\"]}]},{\"@type\":\"ImageObject\",\"inLanguage\":\"en-US\",\"@id\":\"https:\\\/\\\/alpen-markt.ch\\\/en\\\/produkt\\\/skali-en-khatone-yggdrasil-goats-milk-soap\\\/#primaryimage\",\"url\":\"https:\\\/\\\/alpen-markt.ch\\\/wp-content\\\/uploads\\\/2025\\\/11\\\/d095f9d6-10fc-41eb-a435-90f9563f8267.png\",\"contentUrl\":\"https:\\\/\\\/alpen-markt.ch\\\/wp-content\\\/uploads\\\/2025\\\/11\\\/d095f9d6-10fc-41eb-a435-90f9563f8267.png\",\"width\":500,\"height\":500},{\"@type\":\"BreadcrumbList\",\"@id\":\"https:\\\/\\\/alpen-markt.ch\\\/en\\\/produkt\\\/skali-en-khatone-yggdrasil-goats-milk-soap\\\/#breadcrumb\",\"itemListElement\":[{\"@type\":\"ListItem\",\"position\":1,\"name\":\"Startseite\",\"item\":\"https:\\\/\\\/alpen-markt.ch\\\/en\\\/home\\\/\"},{\"@type\":\"ListItem\",\"position\":2,\"name\":\"Online Shop\",\"item\":\"https:\\\/\\\/alpen-markt.ch\\\/en\\\/online-shop\\\/\"},{\"@type\":\"ListItem\",\"position\":3,\"name\":\"Skali en Khatone &#8211; Yggdrasil Goat&#8217;s milk soap\"}]},{\"@type\":\"WebSite\",\"@id\":\"https:\\\/\\\/alpen-markt.ch\\\/en\\\/#website\",\"url\":\"https:\\\/\\\/alpen-markt.ch\\\/en\\\/\",\"name\":\"Alpenmarkt\",\"description\":\"\",\"publisher\":{\"@id\":\"https:\\\/\\\/alpen-markt.ch\\\/en\\\/#organization\"},\"potentialAction\":[{\"@type\":\"SearchAction\",\"target\":{\"@type\":\"EntryPoint\",\"urlTemplate\":\"https:\\\/\\\/alpen-markt.ch\\\/en\\\/?s={search_term_string}\"},\"query-input\":{\"@type\":\"PropertyValueSpecification\",\"valueRequired\":true,\"valueName\":\"search_term_string\"}}],\"inLanguage\":\"en-US\"},{\"@type\":\"Organization\",\"@id\":\"https:\\\/\\\/alpen-markt.ch\\\/en\\\/#organization\",\"name\":\"Alpenmarkt\",\"url\":\"https:\\\/\\\/alpen-markt.ch\\\/en\\\/\",\"logo\":{\"@type\":\"ImageObject\",\"inLanguage\":\"en-US\",\"@id\":\"https:\\\/\\\/alpen-markt.ch\\\/en\\\/#\\\/schema\\\/logo\\\/image\\\/\",\"url\":\"https:\\\/\\\/alpen-markt.ch\\\/wp-content\\\/uploads\\\/2025\\\/11\\\/logo-alpenmarkt.png\",\"contentUrl\":\"https:\\\/\\\/alpen-markt.ch\\\/wp-content\\\/uploads\\\/2025\\\/11\\\/logo-alpenmarkt.png\",\"width\":1048,\"height\":452,\"caption\":\"Alpenmarkt\"},\"image\":{\"@id\":\"https:\\\/\\\/alpen-markt.ch\\\/en\\\/#\\\/schema\\\/logo\\\/image\\\/\"}}]}<\/script>\n<!-- \/ Yoast SEO plugin. -->","yoast_head_json":{"title":"Skali en Khatone - Yggdrasil Goat's milk soap - Alpenmarkt","robots":{"index":"index","follow":"follow","max-snippet":"max-snippet:-1","max-image-preview":"max-image-preview:large","max-video-preview":"max-video-preview:-1"},"canonical":"https:\/\/alpen-markt.ch\/en\/produkt\/skali-en-khatone-yggdrasil-goats-milk-soap\/","og_locale":"en_US","og_type":"article","og_title":"Skali en Khatone - Yggdrasil Goat's milk soap - Alpenmarkt","og_description":"Yggdrasil \u2013 Handmade solid soap made from goat&#8217;s milk and pine essential oil Inspired by a symbolic tree from Norse mythology, our Yggdrasil solid soap made from goat&#8217;s milk and pine essential oil offers a refreshing and nourishing care experience for the face and body. This handmade soap, which is 10% superfatted, is produced in [&hellip;]","og_url":"https:\/\/alpen-markt.ch\/en\/produkt\/skali-en-khatone-yggdrasil-goats-milk-soap\/","og_site_name":"Alpenmarkt","og_image":[{"width":500,"height":500,"url":"https:\/\/alpen-markt.ch\/wp-content\/uploads\/2025\/11\/d095f9d6-10fc-41eb-a435-90f9563f8267.png","type":"image\/png"}],"twitter_card":"summary_large_image","twitter_misc":{"Est. reading time":"1 minute"},"schema":{"@context":"https:\/\/schema.org","@graph":[{"@type":"WebPage","@id":"https:\/\/alpen-markt.ch\/en\/produkt\/skali-en-khatone-yggdrasil-goats-milk-soap\/","url":"https:\/\/alpen-markt.ch\/en\/produkt\/skali-en-khatone-yggdrasil-goats-milk-soap\/","name":"Skali en Khatone - Yggdrasil Goat's milk soap - Alpenmarkt","isPartOf":{"@id":"https:\/\/alpen-markt.ch\/en\/#website"},"primaryImageOfPage":{"@id":"https:\/\/alpen-markt.ch\/en\/produkt\/skali-en-khatone-yggdrasil-goats-milk-soap\/#primaryimage"},"image":{"@id":"https:\/\/alpen-markt.ch\/en\/produkt\/skali-en-khatone-yggdrasil-goats-milk-soap\/#primaryimage"},"thumbnailUrl":"https:\/\/alpen-markt.ch\/wp-content\/uploads\/2025\/11\/d095f9d6-10fc-41eb-a435-90f9563f8267.png","datePublished":"2025-11-25T15:50:24+00:00","breadcrumb":{"@id":"https:\/\/alpen-markt.ch\/en\/produkt\/skali-en-khatone-yggdrasil-goats-milk-soap\/#breadcrumb"},"inLanguage":"en-US","potentialAction":[{"@type":"ReadAction","target":["https:\/\/alpen-markt.ch\/en\/produkt\/skali-en-khatone-yggdrasil-goats-milk-soap\/"]}]},{"@type":"ImageObject","inLanguage":"en-US","@id":"https:\/\/alpen-markt.ch\/en\/produkt\/skali-en-khatone-yggdrasil-goats-milk-soap\/#primaryimage","url":"https:\/\/alpen-markt.ch\/wp-content\/uploads\/2025\/11\/d095f9d6-10fc-41eb-a435-90f9563f8267.png","contentUrl":"https:\/\/alpen-markt.ch\/wp-content\/uploads\/2025\/11\/d095f9d6-10fc-41eb-a435-90f9563f8267.png","width":500,"height":500},{"@type":"BreadcrumbList","@id":"https:\/\/alpen-markt.ch\/en\/produkt\/skali-en-khatone-yggdrasil-goats-milk-soap\/#breadcrumb","itemListElement":[{"@type":"ListItem","position":1,"name":"Startseite","item":"https:\/\/alpen-markt.ch\/en\/home\/"},{"@type":"ListItem","position":2,"name":"Online Shop","item":"https:\/\/alpen-markt.ch\/en\/online-shop\/"},{"@type":"ListItem","position":3,"name":"Skali en Khatone &#8211; Yggdrasil Goat&#8217;s milk soap"}]},{"@type":"WebSite","@id":"https:\/\/alpen-markt.ch\/en\/#website","url":"https:\/\/alpen-markt.ch\/en\/","name":"Alpenmarkt","description":"","publisher":{"@id":"https:\/\/alpen-markt.ch\/en\/#organization"},"potentialAction":[{"@type":"SearchAction","target":{"@type":"EntryPoint","urlTemplate":"https:\/\/alpen-markt.ch\/en\/?s={search_term_string}"},"query-input":{"@type":"PropertyValueSpecification","valueRequired":true,"valueName":"search_term_string"}}],"inLanguage":"en-US"},{"@type":"Organization","@id":"https:\/\/alpen-markt.ch\/en\/#organization","name":"Alpenmarkt","url":"https:\/\/alpen-markt.ch\/en\/","logo":{"@type":"ImageObject","inLanguage":"en-US","@id":"https:\/\/alpen-markt.ch\/en\/#\/schema\/logo\/image\/","url":"https:\/\/alpen-markt.ch\/wp-content\/uploads\/2025\/11\/logo-alpenmarkt.png","contentUrl":"https:\/\/alpen-markt.ch\/wp-content\/uploads\/2025\/11\/logo-alpenmarkt.png","width":1048,"height":452,"caption":"Alpenmarkt"},"image":{"@id":"https:\/\/alpen-markt.ch\/en\/#\/schema\/logo\/image\/"}}]}},"_links":{"self":[{"href":"https:\/\/alpen-markt.ch\/en\/wp-json\/wp\/v2\/product\/3330","targetHints":{"allow":["GET"]}}],"collection":[{"href":"https:\/\/alpen-markt.ch\/en\/wp-json\/wp\/v2\/product"}],"about":[{"href":"https:\/\/alpen-markt.ch\/en\/wp-json\/wp\/v2\/types\/product"}],"wp:featuredmedia":[{"embeddable":true,"href":"https:\/\/alpen-markt.ch\/en\/wp-json\/wp\/v2\/media\/3331"}],"wp:attachment":[{"href":"https:\/\/alpen-markt.ch\/en\/wp-json\/wp\/v2\/media?parent=3330"}],"wp:term":[{"taxonomy":"product_brand","embeddable":true,"href":"https:\/\/alpen-markt.ch\/en\/wp-json\/wp\/v2\/product_brand?post=3330"},{"taxonomy":"product_cat","embeddable":true,"href":"https:\/\/alpen-markt.ch\/en\/wp-json\/wp\/v2\/product_cat?post=3330"},{"taxonomy":"product_tag","embeddable":true,"href":"https:\/\/alpen-markt.ch\/en\/wp-json\/wp\/v2\/product_tag?post=3330"}],"curies":[{"name":"wp","href":"https:\/\/api.w.org\/{rel}","templated":true}]}}