{"id":3327,"date":"2025-11-25T16:50:24","date_gmt":"2025-11-25T15:50:24","guid":{"rendered":"https:\/\/alpen-markt.ch\/produkt\/skali-en-khatone-freyja-sweet-smelling-soap\/"},"modified":"2025-11-25T16:50:24","modified_gmt":"2025-11-25T15:50:24","slug":"skali-en-khatone-freyja-sweet-smelling-soap","status":"publish","type":"product","link":"https:\/\/alpen-markt.ch\/en\/produkt\/skali-en-khatone-freyja-sweet-smelling-soap\/","title":{"rendered":"Skali en Khatone &#8211; Freyja sweet-smelling soap"},"content":{"rendered":"<p>Freyja &#8211; Handmade solid soap with the sweet scent of jasmine, vanilla and incense<br \/>\nExperience luxurious skincare with Freyja solid soap. Handcrafted in Valais, Switzerland, this soap is cold-processed to preserve all the beneficial properties of its ingredients. With 10% extra fat, it is designed to nourish and moisturise the skin, leaving it silky soft and supple.  <\/p>\n<p>Discover the power of natural ingredients with Freyja, the handcrafted solid soap with the wonderful scents.<\/p>\n<p>This soap is perfumed with an enchanting blend of jasmine, vanilla and incense. Each use will transport you to a unique world of fragrance, offering you a moment of relaxation and well-being. <\/p>\n<p>\ud83c\udf31 VEGAN<\/p>\n<p>\ud83c\udf3f Formulated with organic vegetable oils for care that respects nature and your skin.<\/p>\n<p>\ud83d\udc3b not tested on animals.<\/p>\n<p>\ud83c\udde8\ud83c\udded Cold-processed soap, manufactured in Switzerland, a guarantee of quality and expertise<\/p>\n<p>\u267b\ufe0f Compostable corn fibre packaging for a minimal environmental footprint. At Sk\u00e1li de Khatone, we are proud to offer products that are environmentally friendly and animal-friendly. Freyja is 100% vegan and not tested on animals. <\/p>\n<p>Rich in organic plant oils, Freyja is the perfect choice for healthy, glowing skin. Handcrafted and with a heavenly scent, this solid soap is a real invitation to relax and feel good. <\/p>\n<p>The legend tells&#8230;<\/p>\n<p>&#8230;Freyja, a mystical goddess with blue eyes and golden hair, wore a heavenly necklace made of gold and amber, a magical piece of jewellery forged by the dwarves. No one could resist her charm when she wore it around her neck&#8230;. She also owned a long cloak made of sparrowhawk feathers, which she used to travel between the nine worlds on her chariot, pulled by her two giant cats&#8230; \ud83c\udf38  <\/p>\n<p>&nbsp;<\/p>\n<p>This product has been tested and certified by a toxicologist (Ph.D. Toxicological and safety assessor for cosmetics and vaccines in Europe since 2000) in accordance with Regulation 817.023.31 of December 2017, EC Regulation 1223-2009.<\/p>\n<p>Composition :<\/p>\n<p>Sodium Olivate (Oliven\u00f6l*), Sodium Cocoate (Kokos\u00f6l*), Aqua (Wasser), Sodium Rapeseedate (Raps\u00f6l*), Glycerin (nat\u00fcrlich in der Seife vorhanden), Sodium Shea Butterate (Sheabutter*), Parfum, Kaolin (wei\u00dfe Tonerde), Glimmer (Ci 77491, Ci 77742), Charcoal Powder (Aktivkohlepulver), Benzyl Benzoate**, Citronellol**, Coumarin**, Limonene**, Linalool**.<\/p>\n<p>*From certified organic cultivation ** Potentially allergenic fragrances in perfume.<\/p>\n<p>Precautions for use:<\/p>\n<p>If you are allergic to any of these ingredients, you should not use this soap.<\/p>\n<p>Weight: 95 g before drying, packaging 100% biodegradable .<\/p>\n","protected":false},"excerpt":{"rendered":"<p>Freyja &#8211; Handmade solid soap with the sweet scent of jasmine, vanilla and incense Experience luxurious skincare with Freyja solid soap. Handcrafted in Valais, Switzerland, this soap is cold-processed to preserve all the beneficial properties of its ingredients. With 10% extra fat, it is designed to nourish and moisturise the skin, leaving it silky soft [&hellip;]<\/p>\n","protected":false},"featured_media":3328,"template":"","meta":[],"product_brand":[],"product_cat":[79],"product_tag":[],"class_list":{"0":"post-3327","1":"product","2":"type-product","3":"status-publish","4":"has-post-thumbnail","6":"product_cat-mountain-air-fresh-cosmetics-from-the-alps","8":"first","9":"instock","10":"taxable","11":"shipping-taxable","12":"purchasable","13":"product-type-simple"},"yoast_head":"<!-- This site is optimized with the Yoast SEO plugin v27.4 - https:\/\/yoast.com\/product\/yoast-seo-wordpress\/ -->\n<title>Skali en Khatone - Freyja sweet-smelling soap - Alpenmarkt<\/title>\n<meta name=\"robots\" content=\"index, follow, max-snippet:-1, max-image-preview:large, max-video-preview:-1\" \/>\n<link rel=\"canonical\" href=\"https:\/\/alpen-markt.ch\/en\/produkt\/skali-en-khatone-freyja-sweet-smelling-soap\/\" \/>\n<meta property=\"og:locale\" content=\"en_US\" \/>\n<meta property=\"og:type\" content=\"article\" \/>\n<meta property=\"og:title\" content=\"Skali en Khatone - Freyja sweet-smelling soap - Alpenmarkt\" \/>\n<meta property=\"og:description\" content=\"Freyja &#8211; Handmade solid soap with the sweet scent of jasmine, vanilla and incense Experience luxurious skincare with Freyja solid soap. Handcrafted in Valais, Switzerland, this soap is cold-processed to preserve all the beneficial properties of its ingredients. With 10% extra fat, it is designed to nourish and moisturise the skin, leaving it silky soft [&hellip;]\" \/>\n<meta property=\"og:url\" content=\"https:\/\/alpen-markt.ch\/en\/produkt\/skali-en-khatone-freyja-sweet-smelling-soap\/\" \/>\n<meta property=\"og:site_name\" content=\"Alpenmarkt\" \/>\n<meta property=\"og:image\" content=\"https:\/\/alpen-markt.ch\/wp-content\/uploads\/2025\/11\/b2866c82-c71a-4a3a-bb56-34a563d21de8.png\" \/>\n\t<meta property=\"og:image:width\" content=\"500\" \/>\n\t<meta property=\"og:image:height\" content=\"500\" \/>\n\t<meta property=\"og:image:type\" content=\"image\/png\" \/>\n<meta name=\"twitter:card\" content=\"summary_large_image\" \/>\n<meta name=\"twitter:label1\" content=\"Est. reading time\" \/>\n\t<meta name=\"twitter:data1\" content=\"2 minutes\" \/>\n<script type=\"application\/ld+json\" class=\"yoast-schema-graph\">{\"@context\":\"https:\\\/\\\/schema.org\",\"@graph\":[{\"@type\":\"WebPage\",\"@id\":\"https:\\\/\\\/alpen-markt.ch\\\/en\\\/produkt\\\/skali-en-khatone-freyja-sweet-smelling-soap\\\/\",\"url\":\"https:\\\/\\\/alpen-markt.ch\\\/en\\\/produkt\\\/skali-en-khatone-freyja-sweet-smelling-soap\\\/\",\"name\":\"Skali en Khatone - Freyja sweet-smelling soap - Alpenmarkt\",\"isPartOf\":{\"@id\":\"https:\\\/\\\/alpen-markt.ch\\\/en\\\/#website\"},\"primaryImageOfPage\":{\"@id\":\"https:\\\/\\\/alpen-markt.ch\\\/en\\\/produkt\\\/skali-en-khatone-freyja-sweet-smelling-soap\\\/#primaryimage\"},\"image\":{\"@id\":\"https:\\\/\\\/alpen-markt.ch\\\/en\\\/produkt\\\/skali-en-khatone-freyja-sweet-smelling-soap\\\/#primaryimage\"},\"thumbnailUrl\":\"https:\\\/\\\/alpen-markt.ch\\\/wp-content\\\/uploads\\\/2025\\\/11\\\/b2866c82-c71a-4a3a-bb56-34a563d21de8.png\",\"datePublished\":\"2025-11-25T15:50:24+00:00\",\"breadcrumb\":{\"@id\":\"https:\\\/\\\/alpen-markt.ch\\\/en\\\/produkt\\\/skali-en-khatone-freyja-sweet-smelling-soap\\\/#breadcrumb\"},\"inLanguage\":\"en-US\",\"potentialAction\":[{\"@type\":\"ReadAction\",\"target\":[\"https:\\\/\\\/alpen-markt.ch\\\/en\\\/produkt\\\/skali-en-khatone-freyja-sweet-smelling-soap\\\/\"]}]},{\"@type\":\"ImageObject\",\"inLanguage\":\"en-US\",\"@id\":\"https:\\\/\\\/alpen-markt.ch\\\/en\\\/produkt\\\/skali-en-khatone-freyja-sweet-smelling-soap\\\/#primaryimage\",\"url\":\"https:\\\/\\\/alpen-markt.ch\\\/wp-content\\\/uploads\\\/2025\\\/11\\\/b2866c82-c71a-4a3a-bb56-34a563d21de8.png\",\"contentUrl\":\"https:\\\/\\\/alpen-markt.ch\\\/wp-content\\\/uploads\\\/2025\\\/11\\\/b2866c82-c71a-4a3a-bb56-34a563d21de8.png\",\"width\":500,\"height\":500},{\"@type\":\"BreadcrumbList\",\"@id\":\"https:\\\/\\\/alpen-markt.ch\\\/en\\\/produkt\\\/skali-en-khatone-freyja-sweet-smelling-soap\\\/#breadcrumb\",\"itemListElement\":[{\"@type\":\"ListItem\",\"position\":1,\"name\":\"Startseite\",\"item\":\"https:\\\/\\\/alpen-markt.ch\\\/en\\\/home\\\/\"},{\"@type\":\"ListItem\",\"position\":2,\"name\":\"Online Shop\",\"item\":\"https:\\\/\\\/alpen-markt.ch\\\/en\\\/online-shop\\\/\"},{\"@type\":\"ListItem\",\"position\":3,\"name\":\"Skali en Khatone &#8211; Freyja sweet-smelling soap\"}]},{\"@type\":\"WebSite\",\"@id\":\"https:\\\/\\\/alpen-markt.ch\\\/en\\\/#website\",\"url\":\"https:\\\/\\\/alpen-markt.ch\\\/en\\\/\",\"name\":\"Alpenmarkt\",\"description\":\"\",\"publisher\":{\"@id\":\"https:\\\/\\\/alpen-markt.ch\\\/en\\\/#organization\"},\"potentialAction\":[{\"@type\":\"SearchAction\",\"target\":{\"@type\":\"EntryPoint\",\"urlTemplate\":\"https:\\\/\\\/alpen-markt.ch\\\/en\\\/?s={search_term_string}\"},\"query-input\":{\"@type\":\"PropertyValueSpecification\",\"valueRequired\":true,\"valueName\":\"search_term_string\"}}],\"inLanguage\":\"en-US\"},{\"@type\":\"Organization\",\"@id\":\"https:\\\/\\\/alpen-markt.ch\\\/en\\\/#organization\",\"name\":\"Alpenmarkt\",\"url\":\"https:\\\/\\\/alpen-markt.ch\\\/en\\\/\",\"logo\":{\"@type\":\"ImageObject\",\"inLanguage\":\"en-US\",\"@id\":\"https:\\\/\\\/alpen-markt.ch\\\/en\\\/#\\\/schema\\\/logo\\\/image\\\/\",\"url\":\"https:\\\/\\\/alpen-markt.ch\\\/wp-content\\\/uploads\\\/2025\\\/11\\\/logo-alpenmarkt.png\",\"contentUrl\":\"https:\\\/\\\/alpen-markt.ch\\\/wp-content\\\/uploads\\\/2025\\\/11\\\/logo-alpenmarkt.png\",\"width\":1048,\"height\":452,\"caption\":\"Alpenmarkt\"},\"image\":{\"@id\":\"https:\\\/\\\/alpen-markt.ch\\\/en\\\/#\\\/schema\\\/logo\\\/image\\\/\"}}]}<\/script>\n<!-- \/ Yoast SEO plugin. -->","yoast_head_json":{"title":"Skali en Khatone - Freyja sweet-smelling soap - Alpenmarkt","robots":{"index":"index","follow":"follow","max-snippet":"max-snippet:-1","max-image-preview":"max-image-preview:large","max-video-preview":"max-video-preview:-1"},"canonical":"https:\/\/alpen-markt.ch\/en\/produkt\/skali-en-khatone-freyja-sweet-smelling-soap\/","og_locale":"en_US","og_type":"article","og_title":"Skali en Khatone - Freyja sweet-smelling soap - Alpenmarkt","og_description":"Freyja &#8211; Handmade solid soap with the sweet scent of jasmine, vanilla and incense Experience luxurious skincare with Freyja solid soap. Handcrafted in Valais, Switzerland, this soap is cold-processed to preserve all the beneficial properties of its ingredients. With 10% extra fat, it is designed to nourish and moisturise the skin, leaving it silky soft [&hellip;]","og_url":"https:\/\/alpen-markt.ch\/en\/produkt\/skali-en-khatone-freyja-sweet-smelling-soap\/","og_site_name":"Alpenmarkt","og_image":[{"width":500,"height":500,"url":"https:\/\/alpen-markt.ch\/wp-content\/uploads\/2025\/11\/b2866c82-c71a-4a3a-bb56-34a563d21de8.png","type":"image\/png"}],"twitter_card":"summary_large_image","twitter_misc":{"Est. reading time":"2 minutes"},"schema":{"@context":"https:\/\/schema.org","@graph":[{"@type":"WebPage","@id":"https:\/\/alpen-markt.ch\/en\/produkt\/skali-en-khatone-freyja-sweet-smelling-soap\/","url":"https:\/\/alpen-markt.ch\/en\/produkt\/skali-en-khatone-freyja-sweet-smelling-soap\/","name":"Skali en Khatone - Freyja sweet-smelling soap - Alpenmarkt","isPartOf":{"@id":"https:\/\/alpen-markt.ch\/en\/#website"},"primaryImageOfPage":{"@id":"https:\/\/alpen-markt.ch\/en\/produkt\/skali-en-khatone-freyja-sweet-smelling-soap\/#primaryimage"},"image":{"@id":"https:\/\/alpen-markt.ch\/en\/produkt\/skali-en-khatone-freyja-sweet-smelling-soap\/#primaryimage"},"thumbnailUrl":"https:\/\/alpen-markt.ch\/wp-content\/uploads\/2025\/11\/b2866c82-c71a-4a3a-bb56-34a563d21de8.png","datePublished":"2025-11-25T15:50:24+00:00","breadcrumb":{"@id":"https:\/\/alpen-markt.ch\/en\/produkt\/skali-en-khatone-freyja-sweet-smelling-soap\/#breadcrumb"},"inLanguage":"en-US","potentialAction":[{"@type":"ReadAction","target":["https:\/\/alpen-markt.ch\/en\/produkt\/skali-en-khatone-freyja-sweet-smelling-soap\/"]}]},{"@type":"ImageObject","inLanguage":"en-US","@id":"https:\/\/alpen-markt.ch\/en\/produkt\/skali-en-khatone-freyja-sweet-smelling-soap\/#primaryimage","url":"https:\/\/alpen-markt.ch\/wp-content\/uploads\/2025\/11\/b2866c82-c71a-4a3a-bb56-34a563d21de8.png","contentUrl":"https:\/\/alpen-markt.ch\/wp-content\/uploads\/2025\/11\/b2866c82-c71a-4a3a-bb56-34a563d21de8.png","width":500,"height":500},{"@type":"BreadcrumbList","@id":"https:\/\/alpen-markt.ch\/en\/produkt\/skali-en-khatone-freyja-sweet-smelling-soap\/#breadcrumb","itemListElement":[{"@type":"ListItem","position":1,"name":"Startseite","item":"https:\/\/alpen-markt.ch\/en\/home\/"},{"@type":"ListItem","position":2,"name":"Online Shop","item":"https:\/\/alpen-markt.ch\/en\/online-shop\/"},{"@type":"ListItem","position":3,"name":"Skali en Khatone &#8211; Freyja sweet-smelling soap"}]},{"@type":"WebSite","@id":"https:\/\/alpen-markt.ch\/en\/#website","url":"https:\/\/alpen-markt.ch\/en\/","name":"Alpenmarkt","description":"","publisher":{"@id":"https:\/\/alpen-markt.ch\/en\/#organization"},"potentialAction":[{"@type":"SearchAction","target":{"@type":"EntryPoint","urlTemplate":"https:\/\/alpen-markt.ch\/en\/?s={search_term_string}"},"query-input":{"@type":"PropertyValueSpecification","valueRequired":true,"valueName":"search_term_string"}}],"inLanguage":"en-US"},{"@type":"Organization","@id":"https:\/\/alpen-markt.ch\/en\/#organization","name":"Alpenmarkt","url":"https:\/\/alpen-markt.ch\/en\/","logo":{"@type":"ImageObject","inLanguage":"en-US","@id":"https:\/\/alpen-markt.ch\/en\/#\/schema\/logo\/image\/","url":"https:\/\/alpen-markt.ch\/wp-content\/uploads\/2025\/11\/logo-alpenmarkt.png","contentUrl":"https:\/\/alpen-markt.ch\/wp-content\/uploads\/2025\/11\/logo-alpenmarkt.png","width":1048,"height":452,"caption":"Alpenmarkt"},"image":{"@id":"https:\/\/alpen-markt.ch\/en\/#\/schema\/logo\/image\/"}}]}},"_links":{"self":[{"href":"https:\/\/alpen-markt.ch\/en\/wp-json\/wp\/v2\/product\/3327","targetHints":{"allow":["GET"]}}],"collection":[{"href":"https:\/\/alpen-markt.ch\/en\/wp-json\/wp\/v2\/product"}],"about":[{"href":"https:\/\/alpen-markt.ch\/en\/wp-json\/wp\/v2\/types\/product"}],"wp:featuredmedia":[{"embeddable":true,"href":"https:\/\/alpen-markt.ch\/en\/wp-json\/wp\/v2\/media\/3328"}],"wp:attachment":[{"href":"https:\/\/alpen-markt.ch\/en\/wp-json\/wp\/v2\/media?parent=3327"}],"wp:term":[{"taxonomy":"product_brand","embeddable":true,"href":"https:\/\/alpen-markt.ch\/en\/wp-json\/wp\/v2\/product_brand?post=3327"},{"taxonomy":"product_cat","embeddable":true,"href":"https:\/\/alpen-markt.ch\/en\/wp-json\/wp\/v2\/product_cat?post=3327"},{"taxonomy":"product_tag","embeddable":true,"href":"https:\/\/alpen-markt.ch\/en\/wp-json\/wp\/v2\/product_tag?post=3327"}],"curies":[{"name":"wp","href":"https:\/\/api.w.org\/{rel}","templated":true}]}}